{"id":1632,"date":"2024-07-24T01:17:10","date_gmt":"2024-07-23T22:17:10","guid":{"rendered":"https:\/\/www.atommak.com\/?page_id=1632"},"modified":"2025-01-01T23:33:23","modified_gmt":"2025-01-01T20:33:23","slug":"buzgulu-rulo-cop-torba-makinalari","status":"publish","type":"page","link":"https:\/\/www.atommak.com\/index.php\/buzgulu-rulo-cop-torba-makinalari\/","title":{"rendered":"B\u00fczg\u00fcl\u00fc Rulo \u00c7\u00f6p Torba Makinalar\u0131"},"content":{"rendered":"\t\t<div data-elementor-type=\"wp-page\" data-elementor-id=\"1632\" class=\"elementor elementor-1632\" data-elementor-post-type=\"page\">\n\t\t\t\t<div class=\"elementor-element elementor-element-372f5f0 e-grid e-con-boxed e-con e-parent\" data-id=\"372f5f0\" data-element_type=\"container\" data-e-type=\"container\">\n\t\t\t\t\t<div class=\"e-con-inner\">\n\t\t\t\t<div class=\"elementor-element elementor-element-12a9448 elementor-widget elementor-widget-image\" data-id=\"12a9448\" data-element_type=\"widget\" data-e-type=\"widget\" data-widget_type=\"image.default\">\n\t\t\t\t<div class=\"elementor-widget-container\">\n\t\t\t\t\t\t\t\t\t\t\t\t<figure class=\"wp-caption\">\n\t\t\t\t\t\t\t\t\t\t\t<a href=\"https:\/\/www.atommak.com\/index.php\/h-m-1000msril\/\" target=\"_blank\">\n\t\t\t\t\t\t\t<img fetchpriority=\"high\" decoding=\"async\" width=\"800\" height=\"364\" src=\"https:\/\/www.atommak.com\/wp-content\/uploads\/2024\/07\/HM-1000MSRIL.jpg\" class=\"attachment-large size-large wp-image-1639\" alt=\"\" srcset=\"https:\/\/www.atommak.com\/wp-content\/uploads\/2024\/07\/HM-1000MSRIL.jpg 805w, https:\/\/www.atommak.com\/wp-content\/uploads\/2024\/07\/HM-1000MSRIL-300x136.jpg 300w, https:\/\/www.atommak.com\/wp-content\/uploads\/2024\/07\/HM-1000MSRIL-768x349.jpg 768w, https:\/\/www.atommak.com\/wp-content\/uploads\/2024\/07\/HM-1000MSRIL-600x273.jpg 600w\" sizes=\"(max-width: 800px) 100vw, 800px\" \/>\t\t\t\t\t\t\t\t<\/a>\n\t\t\t\t\t\t\t\t\t\t\t<figcaption class=\"widget-image-caption wp-caption-text\">HM-1000MSR+IL Y\u00fcksek H\u0131zl\u0131 - B\u00fczg\u00fcl\u00fc - \u0130nterlifli (Overlapli) Rulo \u00c7\u00f6p Torba Makinalar\u0131<\/figcaption>\n\t\t\t\t\t\t\t\t\t\t<\/figure>\n\t\t\t\t\t\t\t\t\t<\/div>\n\t\t\t\t<\/div>\n\t\t\t\t<div class=\"elementor-element elementor-element-7ef57fd elementor-widget elementor-widget-image\" data-id=\"7ef57fd\" data-element_type=\"widget\" data-e-type=\"widget\" data-widget_type=\"image.default\">\n\t\t\t\t<div class=\"elementor-widget-container\">\n\t\t\t\t\t\t\t\t\t\t\t\t<figure class=\"wp-caption\">\n\t\t\t\t\t\t\t\t\t\t<img decoding=\"async\" width=\"800\" height=\"409\" src=\"https:\/\/www.atommak.com\/wp-content\/uploads\/2024\/07\/HM-1000SRIL.jpg\" class=\"attachment-large size-large wp-image-1638\" alt=\"\" srcset=\"https:\/\/www.atommak.com\/wp-content\/uploads\/2024\/07\/HM-1000SRIL.jpg 803w, https:\/\/www.atommak.com\/wp-content\/uploads\/2024\/07\/HM-1000SRIL-300x154.jpg 300w, https:\/\/www.atommak.com\/wp-content\/uploads\/2024\/07\/HM-1000SRIL-768x393.jpg 768w, https:\/\/www.atommak.com\/wp-content\/uploads\/2024\/07\/HM-1000SRIL-600x307.jpg 600w\" sizes=\"(max-width: 800px) 100vw, 800px\" \/>\t\t\t\t\t\t\t\t\t\t\t<figcaption class=\"widget-image-caption wp-caption-text\">HM-1000SR+IL \/ HM-1250SR+IL B\u00fczg\u00fcl\u00fc - \u0130nterlifli (Overlapli) Rulo \u00c7\u00f6p Torba Makinalar\u0131<\/figcaption>\n\t\t\t\t\t\t\t\t\t\t<\/figure>\n\t\t\t\t\t\t\t\t\t<\/div>\n\t\t\t\t<\/div>\n\t\t\t\t<div class=\"elementor-element elementor-element-5ef88b0 elementor-widget elementor-widget-image\" data-id=\"5ef88b0\" data-element_type=\"widget\" data-e-type=\"widget\" data-widget_type=\"image.default\">\n\t\t\t\t<div class=\"elementor-widget-container\">\n\t\t\t\t\t\t\t\t\t\t\t\t<figure class=\"wp-caption\">\n\t\t\t\t\t\t\t\t\t\t<img decoding=\"async\" width=\"800\" height=\"400\" src=\"https:\/\/www.atommak.com\/wp-content\/uploads\/2024\/07\/HM-1000SR.jpg\" class=\"attachment-large size-large wp-image-1637\" alt=\"\" srcset=\"https:\/\/www.atommak.com\/wp-content\/uploads\/2024\/07\/HM-1000SR.jpg 810w, https:\/\/www.atommak.com\/wp-content\/uploads\/2024\/07\/HM-1000SR-300x150.jpg 300w, https:\/\/www.atommak.com\/wp-content\/uploads\/2024\/07\/HM-1000SR-768x384.jpg 768w, https:\/\/www.atommak.com\/wp-content\/uploads\/2024\/07\/HM-1000SR-600x300.jpg 600w\" sizes=\"(max-width: 800px) 100vw, 800px\" \/>\t\t\t\t\t\t\t\t\t\t\t<figcaption class=\"widget-image-caption wp-caption-text\">HM-1000SR \/ HM-1250SR Perforeli B\u00fczg\u00fcl\u00fc  - Rulo \u00c7\u00f6p Torba Makinalar\u0131<\/figcaption>\n\t\t\t\t\t\t\t\t\t\t<\/figure>\n\t\t\t\t\t\t\t\t\t<\/div>\n\t\t\t\t<\/div>\n\t\t\t\t<div class=\"elementor-element elementor-element-54e49a9 elementor-widget elementor-widget-image\" data-id=\"54e49a9\" data-element_type=\"widget\" data-e-type=\"widget\" data-widget_type=\"image.default\">\n\t\t\t\t<div class=\"elementor-widget-container\">\n\t\t\t\t\t\t\t\t\t\t\t\t<figure class=\"wp-caption\">\n\t\t\t\t\t\t\t\t\t\t<img loading=\"lazy\" decoding=\"async\" width=\"800\" height=\"452\" src=\"https:\/\/www.atommak.com\/wp-content\/uploads\/2024\/07\/HM-1000SRTF.jpg\" class=\"attachment-large size-large wp-image-1636\" alt=\"\" srcset=\"https:\/\/www.atommak.com\/wp-content\/uploads\/2024\/07\/HM-1000SRTF.jpg 803w, https:\/\/www.atommak.com\/wp-content\/uploads\/2024\/07\/HM-1000SRTF-300x170.jpg 300w, https:\/\/www.atommak.com\/wp-content\/uploads\/2024\/07\/HM-1000SRTF-768x434.jpg 768w, https:\/\/www.atommak.com\/wp-content\/uploads\/2024\/07\/HM-1000SRTF-600x339.jpg 600w\" sizes=\"(max-width: 800px) 100vw, 800px\" \/>\t\t\t\t\t\t\t\t\t\t\t<figcaption class=\"widget-image-caption wp-caption-text\">HM-1000SR+TF \/ HM-1250SR+TF D\u00f6kme - B\u00fczg\u00fcl\u00fc Otomatik Katlamal\u0131 \u00c7\u00f6p Torba Makinalar\u0131<\/figcaption>\n\t\t\t\t\t\t\t\t\t\t<\/figure>\n\t\t\t\t\t\t\t\t\t<\/div>\n\t\t\t\t<\/div>\n\t\t\t\t<div class=\"elementor-element elementor-element-911a866 elementor-widget elementor-widget-image\" data-id=\"911a866\" data-element_type=\"widget\" data-e-type=\"widget\" data-widget_type=\"image.default\">\n\t\t\t\t<div class=\"elementor-widget-container\">\n\t\t\t\t\t\t\t\t\t\t\t\t<figure class=\"wp-caption\">\n\t\t\t\t\t\t\t\t\t\t<img decoding=\"async\" src=\"https:\/\/www.atommak.com\/wp-content\/uploads\/2024\/07\/HM-1000RSV.jpg\" title=\"\" alt=\"\" loading=\"lazy\" \/>\t\t\t\t\t\t\t\t\t\t\t<figcaption class=\"widget-image-caption wp-caption-text\"> .............. HM-1000R+SV \/ 1250R+SV   ............ B\u00dcZG\u00dcL\u00dc  D\u00d6KME \u00c7\u00d6P TORBA MAK\u0130NALARI<\/figcaption>\n\t\t\t\t\t\t\t\t\t\t<\/figure>\n\t\t\t\t\t\t\t\t\t<\/div>\n\t\t\t\t<\/div>\n\t\t\t\t\t<\/div>\n\t\t\t\t<\/div>\n\t\t\t\t<\/div>\n\t\t","protected":false},"excerpt":{"rendered":"<p>HM-1000MSR+IL Y\u00fcksek H\u0131zl\u0131 &#8211; B\u00fczg\u00fcl\u00fc &#8211; \u0130nterlifli (Overlapli) Rulo \u00c7\u00f6p Torba Makinalar\u0131 HM-1000SR+IL \/ HM-1250SR+IL B\u00fczg\u00fcl\u00fc &#8211; \u0130nterlifli (Overlapli) Rulo \u00c7\u00f6p Torba Makinalar\u0131 HM-1000SR \/ HM-1250SR Perforeli B\u00fczg\u00fcl\u00fc &#8211; Rulo \u00c7\u00f6p Torba Makinalar\u0131 HM-1000SR+TF \/ HM-1250SR+TF D\u00f6kme &#8211; B\u00fczg\u00fcl\u00fc Otomatik Katlamal\u0131 \u00c7\u00f6p Torba Makinalar\u0131 &#8230;&#8230;&#8230;&#8230;.. HM-1000R+SV \/ 1250R+SV &#8230;&#8230;&#8230;&#8230; B\u00dcZG\u00dcL\u00dc D\u00d6KME \u00c7\u00d6P TORBA MAK\u0130NALARI<\/p>\n","protected":false},"author":1,"featured_media":0,"parent":0,"menu_order":0,"comment_status":"closed","ping_status":"closed","template":"","meta":{"_acf_changed":false,"footnotes":""},"class_list":["post-1632","page","type-page","status-publish","hentry"],"acf":[],"yoast_head":"<!-- This site is optimized with the Yoast SEO plugin v25.6 - https:\/\/yoast.com\/wordpress\/plugins\/seo\/ -->\n<title>B\u00fczg\u00fcl\u00fc Rulo \u00c7\u00f6p Torba Makinalar\u0131 - Atom Ambalaj Makineleri Sanayi<\/title>\n<meta name=\"robots\" content=\"index, follow, max-snippet:-1, max-image-preview:large, max-video-preview:-1\" \/>\n<link rel=\"canonical\" href=\"https:\/\/www.atommak.com\/index.php\/buzgulu-rulo-cop-torba-makinalari\/\" \/>\n<meta property=\"og:locale\" content=\"tr_TR\" \/>\n<meta property=\"og:type\" content=\"article\" \/>\n<meta property=\"og:title\" content=\"B\u00fczg\u00fcl\u00fc Rulo \u00c7\u00f6p Torba Makinalar\u0131 - Atom Ambalaj Makineleri Sanayi\" \/>\n<meta property=\"og:description\" content=\"HM-1000MSR+IL Y\u00fcksek H\u0131zl\u0131 &#8211; B\u00fczg\u00fcl\u00fc &#8211; \u0130nterlifli (Overlapli) Rulo \u00c7\u00f6p Torba Makinalar\u0131 HM-1000SR+IL \/ HM-1250SR+IL B\u00fczg\u00fcl\u00fc &#8211; \u0130nterlifli (Overlapli) Rulo \u00c7\u00f6p Torba Makinalar\u0131 HM-1000SR \/ HM-1250SR Perforeli B\u00fczg\u00fcl\u00fc &#8211; Rulo \u00c7\u00f6p Torba Makinalar\u0131 HM-1000SR+TF \/ HM-1250SR+TF D\u00f6kme &#8211; B\u00fczg\u00fcl\u00fc Otomatik Katlamal\u0131 \u00c7\u00f6p Torba Makinalar\u0131 &#8230;&#8230;&#8230;&#8230;.. HM-1000R+SV \/ 1250R+SV &#8230;&#8230;&#8230;&#8230; B\u00dcZG\u00dcL\u00dc D\u00d6KME \u00c7\u00d6P TORBA MAK\u0130NALARI\" \/>\n<meta property=\"og:url\" content=\"https:\/\/www.atommak.com\/index.php\/buzgulu-rulo-cop-torba-makinalari\/\" \/>\n<meta property=\"og:site_name\" content=\"Atom Ambalaj Makineleri Sanayi\" \/>\n<meta property=\"article:modified_time\" content=\"2025-01-01T20:33:23+00:00\" \/>\n<meta property=\"og:image\" content=\"https:\/\/www.atommak.com\/wp-content\/uploads\/2024\/07\/HM-1000MSRIL.jpg\" \/>\n\t<meta property=\"og:image:width\" content=\"805\" \/>\n\t<meta property=\"og:image:height\" content=\"366\" \/>\n\t<meta property=\"og:image:type\" content=\"image\/jpeg\" \/>\n<meta name=\"twitter:card\" content=\"summary_large_image\" \/>\n<meta name=\"twitter:label1\" content=\"Tahmini okuma s\u00fcresi\" \/>\n\t<meta name=\"twitter:data1\" content=\"2 dakika\" \/>\n<script type=\"application\/ld+json\" class=\"yoast-schema-graph\">{\"@context\":\"https:\/\/schema.org\",\"@graph\":[{\"@type\":\"WebPage\",\"@id\":\"https:\/\/www.atommak.com\/index.php\/buzgulu-rulo-cop-torba-makinalari\/\",\"url\":\"https:\/\/www.atommak.com\/index.php\/buzgulu-rulo-cop-torba-makinalari\/\",\"name\":\"B\u00fczg\u00fcl\u00fc Rulo \u00c7\u00f6p Torba Makinalar\u0131 - Atom Ambalaj Makineleri Sanayi\",\"isPartOf\":{\"@id\":\"https:\/\/www.atommak.com\/#website\"},\"primaryImageOfPage\":{\"@id\":\"https:\/\/www.atommak.com\/index.php\/buzgulu-rulo-cop-torba-makinalari\/#primaryimage\"},\"image\":{\"@id\":\"https:\/\/www.atommak.com\/index.php\/buzgulu-rulo-cop-torba-makinalari\/#primaryimage\"},\"thumbnailUrl\":\"https:\/\/www.atommak.com\/wp-content\/uploads\/2024\/07\/HM-1000MSRIL.jpg\",\"datePublished\":\"2024-07-23T22:17:10+00:00\",\"dateModified\":\"2025-01-01T20:33:23+00:00\",\"breadcrumb\":{\"@id\":\"https:\/\/www.atommak.com\/index.php\/buzgulu-rulo-cop-torba-makinalari\/#breadcrumb\"},\"inLanguage\":\"tr\",\"potentialAction\":[{\"@type\":\"ReadAction\",\"target\":[\"https:\/\/www.atommak.com\/index.php\/buzgulu-rulo-cop-torba-makinalari\/\"]}]},{\"@type\":\"ImageObject\",\"inLanguage\":\"tr\",\"@id\":\"https:\/\/www.atommak.com\/index.php\/buzgulu-rulo-cop-torba-makinalari\/#primaryimage\",\"url\":\"https:\/\/www.atommak.com\/wp-content\/uploads\/2024\/07\/HM-1000MSRIL.jpg\",\"contentUrl\":\"https:\/\/www.atommak.com\/wp-content\/uploads\/2024\/07\/HM-1000MSRIL.jpg\",\"width\":805,\"height\":366},{\"@type\":\"BreadcrumbList\",\"@id\":\"https:\/\/www.atommak.com\/index.php\/buzgulu-rulo-cop-torba-makinalari\/#breadcrumb\",\"itemListElement\":[{\"@type\":\"ListItem\",\"position\":1,\"name\":\"Anasayfa\",\"item\":\"https:\/\/www.atommak.com\/\"},{\"@type\":\"ListItem\",\"position\":2,\"name\":\"B\u00fczg\u00fcl\u00fc Rulo \u00c7\u00f6p Torba Makinalar\u0131\"}]},{\"@type\":\"WebSite\",\"@id\":\"https:\/\/www.atommak.com\/#website\",\"url\":\"https:\/\/www.atommak.com\/\",\"name\":\"Atom Makine\",\"description\":\"Makinelerde G&uuml;ven\",\"publisher\":{\"@id\":\"https:\/\/www.atommak.com\/#organization\"},\"potentialAction\":[{\"@type\":\"SearchAction\",\"target\":{\"@type\":\"EntryPoint\",\"urlTemplate\":\"https:\/\/www.atommak.com\/?s={search_term_string}\"},\"query-input\":{\"@type\":\"PropertyValueSpecification\",\"valueRequired\":true,\"valueName\":\"search_term_string\"}}],\"inLanguage\":\"tr\"},{\"@type\":\"Organization\",\"@id\":\"https:\/\/www.atommak.com\/#organization\",\"name\":\"Atom Makine\",\"url\":\"https:\/\/www.atommak.com\/\",\"logo\":{\"@type\":\"ImageObject\",\"inLanguage\":\"tr\",\"@id\":\"https:\/\/www.atommak.com\/#\/schema\/logo\/image\/\",\"url\":\"https:\/\/www.atommak.com\/wp-content\/uploads\/2024\/01\/ATOM-LOGO-VEKTOREL.jpg\",\"contentUrl\":\"https:\/\/www.atommak.com\/wp-content\/uploads\/2024\/01\/ATOM-LOGO-VEKTOREL.jpg\",\"width\":2119,\"height\":1138,\"caption\":\"Atom Makine\"},\"image\":{\"@id\":\"https:\/\/www.atommak.com\/#\/schema\/logo\/image\/\"}}]}<\/script>\n<!-- \/ Yoast SEO plugin. -->","yoast_head_json":{"title":"B\u00fczg\u00fcl\u00fc Rulo \u00c7\u00f6p Torba Makinalar\u0131 - Atom Ambalaj Makineleri Sanayi","robots":{"index":"index","follow":"follow","max-snippet":"max-snippet:-1","max-image-preview":"max-image-preview:large","max-video-preview":"max-video-preview:-1"},"canonical":"https:\/\/www.atommak.com\/index.php\/buzgulu-rulo-cop-torba-makinalari\/","og_locale":"tr_TR","og_type":"article","og_title":"B\u00fczg\u00fcl\u00fc Rulo \u00c7\u00f6p Torba Makinalar\u0131 - Atom Ambalaj Makineleri Sanayi","og_description":"HM-1000MSR+IL Y\u00fcksek H\u0131zl\u0131 &#8211; B\u00fczg\u00fcl\u00fc &#8211; \u0130nterlifli (Overlapli) Rulo \u00c7\u00f6p Torba Makinalar\u0131 HM-1000SR+IL \/ HM-1250SR+IL B\u00fczg\u00fcl\u00fc &#8211; \u0130nterlifli (Overlapli) Rulo \u00c7\u00f6p Torba Makinalar\u0131 HM-1000SR \/ HM-1250SR Perforeli B\u00fczg\u00fcl\u00fc &#8211; Rulo \u00c7\u00f6p Torba Makinalar\u0131 HM-1000SR+TF \/ HM-1250SR+TF D\u00f6kme &#8211; B\u00fczg\u00fcl\u00fc Otomatik Katlamal\u0131 \u00c7\u00f6p Torba Makinalar\u0131 &#8230;&#8230;&#8230;&#8230;.. HM-1000R+SV \/ 1250R+SV &#8230;&#8230;&#8230;&#8230; B\u00dcZG\u00dcL\u00dc D\u00d6KME \u00c7\u00d6P TORBA MAK\u0130NALARI","og_url":"https:\/\/www.atommak.com\/index.php\/buzgulu-rulo-cop-torba-makinalari\/","og_site_name":"Atom Ambalaj Makineleri Sanayi","article_modified_time":"2025-01-01T20:33:23+00:00","og_image":[{"width":805,"height":366,"url":"https:\/\/www.atommak.com\/wp-content\/uploads\/2024\/07\/HM-1000MSRIL.jpg","type":"image\/jpeg"}],"twitter_card":"summary_large_image","twitter_misc":{"Tahmini okuma s\u00fcresi":"2 dakika"},"schema":{"@context":"https:\/\/schema.org","@graph":[{"@type":"WebPage","@id":"https:\/\/www.atommak.com\/index.php\/buzgulu-rulo-cop-torba-makinalari\/","url":"https:\/\/www.atommak.com\/index.php\/buzgulu-rulo-cop-torba-makinalari\/","name":"B\u00fczg\u00fcl\u00fc Rulo \u00c7\u00f6p Torba Makinalar\u0131 - Atom Ambalaj Makineleri Sanayi","isPartOf":{"@id":"https:\/\/www.atommak.com\/#website"},"primaryImageOfPage":{"@id":"https:\/\/www.atommak.com\/index.php\/buzgulu-rulo-cop-torba-makinalari\/#primaryimage"},"image":{"@id":"https:\/\/www.atommak.com\/index.php\/buzgulu-rulo-cop-torba-makinalari\/#primaryimage"},"thumbnailUrl":"https:\/\/www.atommak.com\/wp-content\/uploads\/2024\/07\/HM-1000MSRIL.jpg","datePublished":"2024-07-23T22:17:10+00:00","dateModified":"2025-01-01T20:33:23+00:00","breadcrumb":{"@id":"https:\/\/www.atommak.com\/index.php\/buzgulu-rulo-cop-torba-makinalari\/#breadcrumb"},"inLanguage":"tr","potentialAction":[{"@type":"ReadAction","target":["https:\/\/www.atommak.com\/index.php\/buzgulu-rulo-cop-torba-makinalari\/"]}]},{"@type":"ImageObject","inLanguage":"tr","@id":"https:\/\/www.atommak.com\/index.php\/buzgulu-rulo-cop-torba-makinalari\/#primaryimage","url":"https:\/\/www.atommak.com\/wp-content\/uploads\/2024\/07\/HM-1000MSRIL.jpg","contentUrl":"https:\/\/www.atommak.com\/wp-content\/uploads\/2024\/07\/HM-1000MSRIL.jpg","width":805,"height":366},{"@type":"BreadcrumbList","@id":"https:\/\/www.atommak.com\/index.php\/buzgulu-rulo-cop-torba-makinalari\/#breadcrumb","itemListElement":[{"@type":"ListItem","position":1,"name":"Anasayfa","item":"https:\/\/www.atommak.com\/"},{"@type":"ListItem","position":2,"name":"B\u00fczg\u00fcl\u00fc Rulo \u00c7\u00f6p Torba Makinalar\u0131"}]},{"@type":"WebSite","@id":"https:\/\/www.atommak.com\/#website","url":"https:\/\/www.atommak.com\/","name":"Atom Makine","description":"Makinelerde G&uuml;ven","publisher":{"@id":"https:\/\/www.atommak.com\/#organization"},"potentialAction":[{"@type":"SearchAction","target":{"@type":"EntryPoint","urlTemplate":"https:\/\/www.atommak.com\/?s={search_term_string}"},"query-input":{"@type":"PropertyValueSpecification","valueRequired":true,"valueName":"search_term_string"}}],"inLanguage":"tr"},{"@type":"Organization","@id":"https:\/\/www.atommak.com\/#organization","name":"Atom Makine","url":"https:\/\/www.atommak.com\/","logo":{"@type":"ImageObject","inLanguage":"tr","@id":"https:\/\/www.atommak.com\/#\/schema\/logo\/image\/","url":"https:\/\/www.atommak.com\/wp-content\/uploads\/2024\/01\/ATOM-LOGO-VEKTOREL.jpg","contentUrl":"https:\/\/www.atommak.com\/wp-content\/uploads\/2024\/01\/ATOM-LOGO-VEKTOREL.jpg","width":2119,"height":1138,"caption":"Atom Makine"},"image":{"@id":"https:\/\/www.atommak.com\/#\/schema\/logo\/image\/"}}]}},"featured_media_urls":[],"_links":{"self":[{"href":"https:\/\/www.atommak.com\/index.php\/wp-json\/wp\/v2\/pages\/1632"}],"collection":[{"href":"https:\/\/www.atommak.com\/index.php\/wp-json\/wp\/v2\/pages"}],"about":[{"href":"https:\/\/www.atommak.com\/index.php\/wp-json\/wp\/v2\/types\/page"}],"author":[{"embeddable":true,"href":"https:\/\/www.atommak.com\/index.php\/wp-json\/wp\/v2\/users\/1"}],"replies":[{"embeddable":true,"href":"https:\/\/www.atommak.com\/index.php\/wp-json\/wp\/v2\/comments?post=1632"}],"version-history":[{"count":42,"href":"https:\/\/www.atommak.com\/index.php\/wp-json\/wp\/v2\/pages\/1632\/revisions"}],"predecessor-version":[{"id":2725,"href":"https:\/\/www.atommak.com\/index.php\/wp-json\/wp\/v2\/pages\/1632\/revisions\/2725"}],"wp:attachment":[{"href":"https:\/\/www.atommak.com\/index.php\/wp-json\/wp\/v2\/media?parent=1632"}],"curies":[{"name":"wp","href":"https:\/\/api.w.org\/{rel}","templated":true}]}}