{"id":1751,"date":"2024-07-31T00:25:21","date_gmt":"2024-07-30T21:25:21","guid":{"rendered":"https:\/\/www.atommak.com\/?page_id=1751"},"modified":"2025-01-01T22:59:37","modified_gmt":"2025-01-01T19:59:37","slug":"elementor-1751","status":"publish","type":"page","link":"https:\/\/www.atommak.com\/index.php\/elementor-1751\/","title":{"rendered":"HM-800ST2 \/ HM-1000ST2                                                               (2 Hat S\u0131cak Dilimlemeli Atlet Po\u015fet Kesim Makinalar\u0131)"},"content":{"rendered":"\t\t<div data-elementor-type=\"wp-page\" data-elementor-id=\"1751\" class=\"elementor elementor-1751\" data-elementor-post-type=\"page\">\n\t\t\t\t<div class=\"elementor-element elementor-element-edb7933 e-con-full e-flex e-con e-parent\" data-id=\"edb7933\" data-element_type=\"container\" data-e-type=\"container\">\n\t\t\t\t<div class=\"elementor-element elementor-element-8aa9dbc elementor-widget__width-auto elementor-absolute elementor-widget elementor-widget-image\" data-id=\"8aa9dbc\" data-element_type=\"widget\" data-e-type=\"widget\" data-settings=\"{&quot;_position&quot;:&quot;absolute&quot;}\" data-widget_type=\"image.default\">\n\t\t\t\t<div class=\"elementor-widget-container\">\n\t\t\t\t\t\t\t\t\t\t\t\t<figure class=\"wp-caption\">\n\t\t\t\t\t\t\t\t\t\t<img fetchpriority=\"high\" decoding=\"async\" width=\"261\" height=\"279\" src=\"https:\/\/www.atommak.com\/wp-content\/uploads\/2024\/07\/ST2-SERISI-URUN-FOTO.jpg\" class=\"attachment-large size-large wp-image-1756\" alt=\"\" \/>\t\t\t\t\t\t\t\t\t\t\t<figcaption class=\"widget-image-caption wp-caption-text\">D\u00d6KME ATLET PO\u015eETLER<\/figcaption>\n\t\t\t\t\t\t\t\t\t\t<\/figure>\n\t\t\t\t\t\t\t\t\t<\/div>\n\t\t\t\t<\/div>\n\t\t\t\t<\/div>\n\t\t<div class=\"elementor-element elementor-element-37d2449 e-flex e-con-boxed e-con e-parent\" data-id=\"37d2449\" data-element_type=\"container\" data-e-type=\"container\">\n\t\t\t\t\t<div class=\"e-con-inner\">\n\t\t\t\t<div class=\"elementor-element elementor-element-2b4f4bc elementor-widget elementor-widget-image\" data-id=\"2b4f4bc\" data-element_type=\"widget\" data-e-type=\"widget\" data-widget_type=\"image.default\">\n\t\t\t\t<div class=\"elementor-widget-container\">\n\t\t\t\t\t\t\t\t\t\t\t\t\t\t\t<img decoding=\"async\" width=\"800\" height=\"359\" src=\"https:\/\/www.atommak.com\/wp-content\/uploads\/2024\/07\/ST2-SERISI-BUYUK-1024x460.jpg\" class=\"attachment-large size-large wp-image-1755\" alt=\"\" srcset=\"https:\/\/www.atommak.com\/wp-content\/uploads\/2024\/07\/ST2-SERISI-BUYUK-1024x460.jpg 1024w, https:\/\/www.atommak.com\/wp-content\/uploads\/2024\/07\/ST2-SERISI-BUYUK-300x135.jpg 300w, https:\/\/www.atommak.com\/wp-content\/uploads\/2024\/07\/ST2-SERISI-BUYUK-768x345.jpg 768w, https:\/\/www.atommak.com\/wp-content\/uploads\/2024\/07\/ST2-SERISI-BUYUK-1536x690.jpg 1536w, https:\/\/www.atommak.com\/wp-content\/uploads\/2024\/07\/ST2-SERISI-BUYUK-2048x921.jpg 2048w, https:\/\/www.atommak.com\/wp-content\/uploads\/2024\/07\/ST2-SERISI-BUYUK-600x270.jpg 600w\" sizes=\"(max-width: 800px) 100vw, 800px\" \/>\t\t\t\t\t\t\t\t\t\t\t\t\t\t\t<\/div>\n\t\t\t\t<\/div>\n\t\t\t\t<div class=\"elementor-element elementor-element-1fe60df elementor-widget elementor-widget-text-editor\" data-id=\"1fe60df\" data-element_type=\"widget\" data-e-type=\"widget\" data-widget_type=\"text-editor.default\">\n\t\t\t\t<div class=\"elementor-widget-container\">\n\t\t\t\t\t\t\t\t\t<p><span style=\"text-decoration: underline;\">\u00d6ZELL\u0130KLER<\/span><\/p><ul><li>\u0130ki hatl\u0131 s\u0131cak dilimlemeli, tam otomatik, s\u00fcper y\u00fcksek h\u0131zl\u0131\u00a0 atlet po\u015fet makinas\u0131.<\/li><li>Kullan\u0131m\u0131 kolay, \u00f6zel tasar\u0131m servo motor ve s\u00fcr\u00fcc\u00fcl\u00fc po\u015fet s\u00fcrme sistemi<\/li><li>G\u00fcvenlik i\u00e7in otomatik durdurma tasar\u0131m\u0131na sahip \u00e7oklu otomatik alarmlar<\/li><li>Ba\u011f\u0131ms\u0131z iki hatl\u0131 s\u0131cakl\u0131k kontrol\u00fc.<\/li><li>Film rulosunun dengesini korumak i\u00e7in \u00e7oklu otomatik tansiyon (gerilim) kontrol\u00fc<\/li><li>\u00dcretimde y\u00fcksek verimlilik<\/li><li>\u00dcretkenli\u011fi art\u0131rmak i\u00e7in geli\u015ftirilmi\u015f otomatik tansiyon (gerilim) kontrol\u00fc<\/li><li>Po\u015fet kaynak hatlar\u0131n\u0131n \u00fcst \u00fcste gelmesini ve yap\u0131\u015fmas\u0131n\u0131 \u00f6nlemek i\u00e7in \u00f6zel &#8220;Sallanma Sistemi&#8221; tasar\u0131m\u0131<\/li><\/ul><p>\u00a0<\/p>\t\t\t\t\t\t\t\t<\/div>\n\t\t\t\t<\/div>\n\t\t\t\t<div class=\"elementor-element elementor-element-e92302b elementor-widget elementor-widget-text-editor\" data-id=\"e92302b\" data-element_type=\"widget\" data-e-type=\"widget\" data-widget_type=\"text-editor.default\">\n\t\t\t\t<div class=\"elementor-widget-container\">\n\t\t\t\t\t\t\t\t\t<table width=\"604\"><tbody><tr><td width=\"151\">\u00d6ZELL\u0130KLER :<\/td><td width=\"151\">\u00a0<\/td><td width=\"151\">\u00a0<\/td><td width=\"151\">\u00a0<\/td><\/tr><tr><td colspan=\"2\" width=\"302\">Model<\/td><td width=\"151\">HM-800ST2<\/td><td width=\"151\">HM-1000ST2<\/td><\/tr><tr><td rowspan=\"2\" width=\"151\">Po\u015fet Boyutu (mm)<\/td><td width=\"151\">Geni\u015flik (mm)<\/td><td width=\"151\">Max. 330 x 2<\/td><td width=\"151\">Max. 430 x 2<\/td><\/tr><tr><td width=\"151\">Boy (mm)<\/td><td width=\"151\">Max. 700<\/td><td width=\"151\">Max. 700<\/td><\/tr><tr><td colspan=\"2\" width=\"302\">\u00dcretim H\u0131z\u0131 (vuru\u015f\/dak.)<\/td><td width=\"151\">Max. 300<\/td><td width=\"151\">Max. 300<\/td><\/tr><tr><td colspan=\"2\" width=\"302\">Film Kal\u0131nl\u0131\u011f\u0131 (mm)<\/td><td colspan=\"2\" width=\"302\">0.012~0.025<\/td><\/tr><tr><td colspan=\"2\" width=\"302\">Is\u0131t\u0131c\u0131lar (kw)<\/td><td width=\"151\">6<\/td><td width=\"151\">8<\/td><\/tr><tr><td colspan=\"2\" width=\"302\">Gerekli G\u00fc\u00e7 (kw)<\/td><td width=\"151\">9<\/td><td width=\"151\">11<\/td><\/tr><tr><td rowspan=\"3\" width=\"151\">Makine Boyutlar\u0131<\/td><td width=\"151\">L(M)<\/td><td colspan=\"2\" width=\"302\">9,45<\/td><\/tr><tr><td width=\"151\">W(M)<\/td><td width=\"151\">1,70<\/td><td width=\"151\">2,29<\/td><\/tr><tr><td width=\"151\">H(M)<\/td><td colspan=\"2\" width=\"302\">2,20<\/td><\/tr><tr><td colspan=\"2\" width=\"302\">Makine A\u011f\u0131rl\u0131\u011f\u0131 (kg)<\/td><td width=\"151\">3400<\/td><td width=\"151\">4000<\/td><\/tr><tr><td colspan=\"2\" width=\"302\">Film Geni\u015fli\u011fi (mm)<\/td><td width=\"151\">Max. 1100<\/td><td width=\"151\">Max. 1500<\/td><\/tr><tr><td colspan=\"2\" width=\"302\">Br\u00fct A\u011f\u0131rl\u0131k (kg)<\/td><td width=\"151\">4000<\/td><td width=\"151\">4500<\/td><\/tr><tr><td colspan=\"2\" width=\"302\">\u00a0\u00a0 Hava kompres\u00f6r\u00fc (dahil de\u011fil) (hp)<\/td><td width=\"151\">5<\/td><td width=\"151\">7,50<\/td><\/tr><\/tbody><\/table><p>\u00a0<\/p>\t\t\t\t\t\t\t\t<\/div>\n\t\t\t\t<\/div>\n\t\t\t\t\t<\/div>\n\t\t\t\t<\/div>\n\t\t\t\t<\/div>\n\t\t","protected":false},"excerpt":{"rendered":"<p>D\u00d6KME ATLET PO\u015eETLER \u00d6ZELL\u0130KLER \u0130ki hatl\u0131 s\u0131cak dilimlemeli, tam otomatik, s\u00fcper y\u00fcksek h\u0131zl\u0131\u00a0 atlet po\u015fet makinas\u0131. Kullan\u0131m\u0131 kolay, \u00f6zel tasar\u0131m servo motor ve s\u00fcr\u00fcc\u00fcl\u00fc po\u015fet s\u00fcrme sistemi G\u00fcvenlik i\u00e7in otomatik durdurma tasar\u0131m\u0131na sahip \u00e7oklu otomatik alarmlar Ba\u011f\u0131ms\u0131z iki hatl\u0131 s\u0131cakl\u0131k kontrol\u00fc. Film rulosunun dengesini korumak i\u00e7in \u00e7oklu otomatik tansiyon (gerilim) kontrol\u00fc \u00dcretimde y\u00fcksek verimlilik \u00dcretkenli\u011fi [&hellip;]<\/p>\n","protected":false},"author":1,"featured_media":0,"parent":0,"menu_order":0,"comment_status":"closed","ping_status":"closed","template":"","meta":{"_acf_changed":false,"footnotes":""},"class_list":["post-1751","page","type-page","status-publish","hentry"],"acf":[],"yoast_head":"<!-- This site is optimized with the Yoast SEO plugin v25.6 - https:\/\/yoast.com\/wordpress\/plugins\/seo\/ -->\n<title>HM-800ST2 \/ HM-1000ST2                                (2 Hat S\u0131cak Dilimlemeli Atlet Po\u015fet Kesim Makinalar\u0131) - Atom Ambalaj Makineleri Sanayi<\/title>\n<meta name=\"robots\" content=\"index, follow, max-snippet:-1, max-image-preview:large, max-video-preview:-1\" \/>\n<link rel=\"canonical\" href=\"https:\/\/www.atommak.com\/index.php\/elementor-1751\/\" \/>\n<meta property=\"og:locale\" content=\"tr_TR\" \/>\n<meta property=\"og:type\" content=\"article\" \/>\n<meta property=\"og:title\" content=\"HM-800ST2 \/ HM-1000ST2                                (2 Hat S\u0131cak Dilimlemeli Atlet Po\u015fet Kesim Makinalar\u0131) - Atom Ambalaj Makineleri Sanayi\" \/>\n<meta property=\"og:description\" content=\"D\u00d6KME ATLET PO\u015eETLER \u00d6ZELL\u0130KLER \u0130ki hatl\u0131 s\u0131cak dilimlemeli, tam otomatik, s\u00fcper y\u00fcksek h\u0131zl\u0131\u00a0 atlet po\u015fet makinas\u0131. Kullan\u0131m\u0131 kolay, \u00f6zel tasar\u0131m servo motor ve s\u00fcr\u00fcc\u00fcl\u00fc po\u015fet s\u00fcrme sistemi G\u00fcvenlik i\u00e7in otomatik durdurma tasar\u0131m\u0131na sahip \u00e7oklu otomatik alarmlar Ba\u011f\u0131ms\u0131z iki hatl\u0131 s\u0131cakl\u0131k kontrol\u00fc. Film rulosunun dengesini korumak i\u00e7in \u00e7oklu otomatik tansiyon (gerilim) kontrol\u00fc \u00dcretimde y\u00fcksek verimlilik \u00dcretkenli\u011fi [&hellip;]\" \/>\n<meta property=\"og:url\" content=\"https:\/\/www.atommak.com\/index.php\/elementor-1751\/\" \/>\n<meta property=\"og:site_name\" content=\"Atom Ambalaj Makineleri Sanayi\" \/>\n<meta property=\"article:modified_time\" content=\"2025-01-01T19:59:37+00:00\" \/>\n<meta property=\"og:image\" content=\"https:\/\/www.atommak.com\/wp-content\/uploads\/2024\/07\/ST2-SERISI-URUN-FOTO.jpg\" \/>\n\t<meta property=\"og:image:width\" content=\"261\" \/>\n\t<meta property=\"og:image:height\" content=\"279\" \/>\n\t<meta property=\"og:image:type\" content=\"image\/jpeg\" \/>\n<meta name=\"twitter:card\" content=\"summary_large_image\" \/>\n<meta name=\"twitter:label1\" content=\"Tahmini okuma s\u00fcresi\" \/>\n\t<meta name=\"twitter:data1\" content=\"2 dakika\" \/>\n<script type=\"application\/ld+json\" class=\"yoast-schema-graph\">{\"@context\":\"https:\/\/schema.org\",\"@graph\":[{\"@type\":\"WebPage\",\"@id\":\"https:\/\/www.atommak.com\/index.php\/elementor-1751\/\",\"url\":\"https:\/\/www.atommak.com\/index.php\/elementor-1751\/\",\"name\":\"HM-800ST2 \/ HM-1000ST2 (2 Hat S\u0131cak Dilimlemeli Atlet Po\u015fet Kesim Makinalar\u0131) - Atom Ambalaj Makineleri Sanayi\",\"isPartOf\":{\"@id\":\"https:\/\/www.atommak.com\/#website\"},\"primaryImageOfPage\":{\"@id\":\"https:\/\/www.atommak.com\/index.php\/elementor-1751\/#primaryimage\"},\"image\":{\"@id\":\"https:\/\/www.atommak.com\/index.php\/elementor-1751\/#primaryimage\"},\"thumbnailUrl\":\"https:\/\/www.atommak.com\/wp-content\/uploads\/2024\/07\/ST2-SERISI-URUN-FOTO.jpg\",\"datePublished\":\"2024-07-30T21:25:21+00:00\",\"dateModified\":\"2025-01-01T19:59:37+00:00\",\"breadcrumb\":{\"@id\":\"https:\/\/www.atommak.com\/index.php\/elementor-1751\/#breadcrumb\"},\"inLanguage\":\"tr\",\"potentialAction\":[{\"@type\":\"ReadAction\",\"target\":[\"https:\/\/www.atommak.com\/index.php\/elementor-1751\/\"]}]},{\"@type\":\"ImageObject\",\"inLanguage\":\"tr\",\"@id\":\"https:\/\/www.atommak.com\/index.php\/elementor-1751\/#primaryimage\",\"url\":\"https:\/\/www.atommak.com\/wp-content\/uploads\/2024\/07\/ST2-SERISI-URUN-FOTO.jpg\",\"contentUrl\":\"https:\/\/www.atommak.com\/wp-content\/uploads\/2024\/07\/ST2-SERISI-URUN-FOTO.jpg\",\"width\":261,\"height\":279},{\"@type\":\"BreadcrumbList\",\"@id\":\"https:\/\/www.atommak.com\/index.php\/elementor-1751\/#breadcrumb\",\"itemListElement\":[{\"@type\":\"ListItem\",\"position\":1,\"name\":\"Anasayfa\",\"item\":\"https:\/\/www.atommak.com\/\"},{\"@type\":\"ListItem\",\"position\":2,\"name\":\"HM-800ST2 \/ HM-1000ST2 (2 Hat S\u0131cak Dilimlemeli Atlet Po\u015fet Kesim Makinalar\u0131)\"}]},{\"@type\":\"WebSite\",\"@id\":\"https:\/\/www.atommak.com\/#website\",\"url\":\"https:\/\/www.atommak.com\/\",\"name\":\"Atom Makine\",\"description\":\"Makinelerde G&uuml;ven\",\"publisher\":{\"@id\":\"https:\/\/www.atommak.com\/#organization\"},\"potentialAction\":[{\"@type\":\"SearchAction\",\"target\":{\"@type\":\"EntryPoint\",\"urlTemplate\":\"https:\/\/www.atommak.com\/?s={search_term_string}\"},\"query-input\":{\"@type\":\"PropertyValueSpecification\",\"valueRequired\":true,\"valueName\":\"search_term_string\"}}],\"inLanguage\":\"tr\"},{\"@type\":\"Organization\",\"@id\":\"https:\/\/www.atommak.com\/#organization\",\"name\":\"Atom Makine\",\"url\":\"https:\/\/www.atommak.com\/\",\"logo\":{\"@type\":\"ImageObject\",\"inLanguage\":\"tr\",\"@id\":\"https:\/\/www.atommak.com\/#\/schema\/logo\/image\/\",\"url\":\"https:\/\/www.atommak.com\/wp-content\/uploads\/2024\/01\/ATOM-LOGO-VEKTOREL.jpg\",\"contentUrl\":\"https:\/\/www.atommak.com\/wp-content\/uploads\/2024\/01\/ATOM-LOGO-VEKTOREL.jpg\",\"width\":2119,\"height\":1138,\"caption\":\"Atom Makine\"},\"image\":{\"@id\":\"https:\/\/www.atommak.com\/#\/schema\/logo\/image\/\"}}]}<\/script>\n<!-- \/ Yoast SEO plugin. -->","yoast_head_json":{"title":"HM-800ST2 \/ HM-1000ST2                                (2 Hat S\u0131cak Dilimlemeli Atlet Po\u015fet Kesim Makinalar\u0131) - Atom Ambalaj Makineleri Sanayi","robots":{"index":"index","follow":"follow","max-snippet":"max-snippet:-1","max-image-preview":"max-image-preview:large","max-video-preview":"max-video-preview:-1"},"canonical":"https:\/\/www.atommak.com\/index.php\/elementor-1751\/","og_locale":"tr_TR","og_type":"article","og_title":"HM-800ST2 \/ HM-1000ST2                                (2 Hat S\u0131cak Dilimlemeli Atlet Po\u015fet Kesim Makinalar\u0131) - Atom Ambalaj Makineleri Sanayi","og_description":"D\u00d6KME ATLET PO\u015eETLER \u00d6ZELL\u0130KLER \u0130ki hatl\u0131 s\u0131cak dilimlemeli, tam otomatik, s\u00fcper y\u00fcksek h\u0131zl\u0131\u00a0 atlet po\u015fet makinas\u0131. Kullan\u0131m\u0131 kolay, \u00f6zel tasar\u0131m servo motor ve s\u00fcr\u00fcc\u00fcl\u00fc po\u015fet s\u00fcrme sistemi G\u00fcvenlik i\u00e7in otomatik durdurma tasar\u0131m\u0131na sahip \u00e7oklu otomatik alarmlar Ba\u011f\u0131ms\u0131z iki hatl\u0131 s\u0131cakl\u0131k kontrol\u00fc. Film rulosunun dengesini korumak i\u00e7in \u00e7oklu otomatik tansiyon (gerilim) kontrol\u00fc \u00dcretimde y\u00fcksek verimlilik \u00dcretkenli\u011fi [&hellip;]","og_url":"https:\/\/www.atommak.com\/index.php\/elementor-1751\/","og_site_name":"Atom Ambalaj Makineleri Sanayi","article_modified_time":"2025-01-01T19:59:37+00:00","og_image":[{"width":261,"height":279,"url":"https:\/\/www.atommak.com\/wp-content\/uploads\/2024\/07\/ST2-SERISI-URUN-FOTO.jpg","type":"image\/jpeg"}],"twitter_card":"summary_large_image","twitter_misc":{"Tahmini okuma s\u00fcresi":"2 dakika"},"schema":{"@context":"https:\/\/schema.org","@graph":[{"@type":"WebPage","@id":"https:\/\/www.atommak.com\/index.php\/elementor-1751\/","url":"https:\/\/www.atommak.com\/index.php\/elementor-1751\/","name":"HM-800ST2 \/ HM-1000ST2 (2 Hat S\u0131cak Dilimlemeli Atlet Po\u015fet Kesim Makinalar\u0131) - Atom Ambalaj Makineleri Sanayi","isPartOf":{"@id":"https:\/\/www.atommak.com\/#website"},"primaryImageOfPage":{"@id":"https:\/\/www.atommak.com\/index.php\/elementor-1751\/#primaryimage"},"image":{"@id":"https:\/\/www.atommak.com\/index.php\/elementor-1751\/#primaryimage"},"thumbnailUrl":"https:\/\/www.atommak.com\/wp-content\/uploads\/2024\/07\/ST2-SERISI-URUN-FOTO.jpg","datePublished":"2024-07-30T21:25:21+00:00","dateModified":"2025-01-01T19:59:37+00:00","breadcrumb":{"@id":"https:\/\/www.atommak.com\/index.php\/elementor-1751\/#breadcrumb"},"inLanguage":"tr","potentialAction":[{"@type":"ReadAction","target":["https:\/\/www.atommak.com\/index.php\/elementor-1751\/"]}]},{"@type":"ImageObject","inLanguage":"tr","@id":"https:\/\/www.atommak.com\/index.php\/elementor-1751\/#primaryimage","url":"https:\/\/www.atommak.com\/wp-content\/uploads\/2024\/07\/ST2-SERISI-URUN-FOTO.jpg","contentUrl":"https:\/\/www.atommak.com\/wp-content\/uploads\/2024\/07\/ST2-SERISI-URUN-FOTO.jpg","width":261,"height":279},{"@type":"BreadcrumbList","@id":"https:\/\/www.atommak.com\/index.php\/elementor-1751\/#breadcrumb","itemListElement":[{"@type":"ListItem","position":1,"name":"Anasayfa","item":"https:\/\/www.atommak.com\/"},{"@type":"ListItem","position":2,"name":"HM-800ST2 \/ HM-1000ST2 (2 Hat S\u0131cak Dilimlemeli Atlet Po\u015fet Kesim Makinalar\u0131)"}]},{"@type":"WebSite","@id":"https:\/\/www.atommak.com\/#website","url":"https:\/\/www.atommak.com\/","name":"Atom Makine","description":"Makinelerde G&uuml;ven","publisher":{"@id":"https:\/\/www.atommak.com\/#organization"},"potentialAction":[{"@type":"SearchAction","target":{"@type":"EntryPoint","urlTemplate":"https:\/\/www.atommak.com\/?s={search_term_string}"},"query-input":{"@type":"PropertyValueSpecification","valueRequired":true,"valueName":"search_term_string"}}],"inLanguage":"tr"},{"@type":"Organization","@id":"https:\/\/www.atommak.com\/#organization","name":"Atom Makine","url":"https:\/\/www.atommak.com\/","logo":{"@type":"ImageObject","inLanguage":"tr","@id":"https:\/\/www.atommak.com\/#\/schema\/logo\/image\/","url":"https:\/\/www.atommak.com\/wp-content\/uploads\/2024\/01\/ATOM-LOGO-VEKTOREL.jpg","contentUrl":"https:\/\/www.atommak.com\/wp-content\/uploads\/2024\/01\/ATOM-LOGO-VEKTOREL.jpg","width":2119,"height":1138,"caption":"Atom Makine"},"image":{"@id":"https:\/\/www.atommak.com\/#\/schema\/logo\/image\/"}}]}},"featured_media_urls":[],"_links":{"self":[{"href":"https:\/\/www.atommak.com\/index.php\/wp-json\/wp\/v2\/pages\/1751"}],"collection":[{"href":"https:\/\/www.atommak.com\/index.php\/wp-json\/wp\/v2\/pages"}],"about":[{"href":"https:\/\/www.atommak.com\/index.php\/wp-json\/wp\/v2\/types\/page"}],"author":[{"embeddable":true,"href":"https:\/\/www.atommak.com\/index.php\/wp-json\/wp\/v2\/users\/1"}],"replies":[{"embeddable":true,"href":"https:\/\/www.atommak.com\/index.php\/wp-json\/wp\/v2\/comments?post=1751"}],"version-history":[{"count":17,"href":"https:\/\/www.atommak.com\/index.php\/wp-json\/wp\/v2\/pages\/1751\/revisions"}],"predecessor-version":[{"id":2712,"href":"https:\/\/www.atommak.com\/index.php\/wp-json\/wp\/v2\/pages\/1751\/revisions\/2712"}],"wp:attachment":[{"href":"https:\/\/www.atommak.com\/index.php\/wp-json\/wp\/v2\/media?parent=1751"}],"curies":[{"name":"wp","href":"https:\/\/api.w.org\/{rel}","templated":true}]}}