{"id":1781,"date":"2024-08-01T22:53:03","date_gmt":"2024-08-01T19:53:03","guid":{"rendered":"https:\/\/www.atommak.com\/?page_id=1781"},"modified":"2025-06-18T15:56:29","modified_gmt":"2025-06-18T12:56:29","slug":"hm-800dt-1000dt","status":"publish","type":"page","link":"https:\/\/www.atommak.com\/index.php\/hm-800dt-1000dt\/","title":{"rendered":"HM-800DT \/ 1000DT (2 Bobinli &#8211; Dilimlemesiz Atlet Po\u015fet Kesim Makinalar\u0131)"},"content":{"rendered":"\t\t<div data-elementor-type=\"wp-page\" data-elementor-id=\"1781\" class=\"elementor elementor-1781\" data-elementor-post-type=\"page\">\n\t\t\t\t<div class=\"elementor-element elementor-element-957cef6 e-flex e-con-boxed e-con e-parent\" data-id=\"957cef6\" data-element_type=\"container\" data-e-type=\"container\">\n\t\t\t\t\t<div class=\"e-con-inner\">\n\t\t\t\t<div class=\"elementor-element elementor-element-7385a7b elementor-widget elementor-widget-image\" data-id=\"7385a7b\" data-element_type=\"widget\" data-e-type=\"widget\" data-widget_type=\"image.default\">\n\t\t\t\t<div class=\"elementor-widget-container\">\n\t\t\t\t\t\t\t\t\t\t\t\t\t\t\t<img fetchpriority=\"high\" decoding=\"async\" width=\"261\" height=\"279\" src=\"https:\/\/www.atommak.com\/wp-content\/uploads\/2024\/07\/ST2-SERISI-URUN-FOTO.jpg\" class=\"attachment-large size-large wp-image-1756\" alt=\"\" \/>\t\t\t\t\t\t\t\t\t\t\t\t\t\t\t<\/div>\n\t\t\t\t<\/div>\n\t\t\t\t\t<\/div>\n\t\t\t\t<\/div>\n\t\t<div class=\"elementor-element elementor-element-f58da53 e-flex e-con-boxed e-con e-parent\" data-id=\"f58da53\" data-element_type=\"container\" data-e-type=\"container\">\n\t\t\t\t\t<div class=\"e-con-inner\">\n\t\t\t\t<div class=\"elementor-element elementor-element-0f81527 elementor-widget elementor-widget-image\" data-id=\"0f81527\" data-element_type=\"widget\" data-e-type=\"widget\" data-widget_type=\"image.default\">\n\t\t\t\t<div class=\"elementor-widget-container\">\n\t\t\t\t\t\t\t\t\t\t\t\t\t\t\t<img decoding=\"async\" width=\"800\" height=\"360\" src=\"https:\/\/www.atommak.com\/wp-content\/uploads\/2024\/08\/DT-DOKME-ATLET-1024x461.jpg\" class=\"attachment-large size-large wp-image-1782\" alt=\"\" srcset=\"https:\/\/www.atommak.com\/wp-content\/uploads\/2024\/08\/DT-DOKME-ATLET-1024x461.jpg 1024w, https:\/\/www.atommak.com\/wp-content\/uploads\/2024\/08\/DT-DOKME-ATLET-300x135.jpg 300w, https:\/\/www.atommak.com\/wp-content\/uploads\/2024\/08\/DT-DOKME-ATLET-768x346.jpg 768w, https:\/\/www.atommak.com\/wp-content\/uploads\/2024\/08\/DT-DOKME-ATLET-1536x692.jpg 1536w, https:\/\/www.atommak.com\/wp-content\/uploads\/2024\/08\/DT-DOKME-ATLET-2048x923.jpg 2048w, https:\/\/www.atommak.com\/wp-content\/uploads\/2024\/08\/DT-DOKME-ATLET-600x270.jpg 600w\" sizes=\"(max-width: 800px) 100vw, 800px\" \/>\t\t\t\t\t\t\t\t\t\t\t\t\t\t\t<\/div>\n\t\t\t\t<\/div>\n\t\t\t\t\t<\/div>\n\t\t\t\t<\/div>\n\t\t<div class=\"elementor-element elementor-element-156a5e4 e-flex e-con-boxed e-con e-parent\" data-id=\"156a5e4\" data-element_type=\"container\" data-e-type=\"container\">\n\t\t\t\t\t<div class=\"e-con-inner\">\n\t\t\t\t<div class=\"elementor-element elementor-element-b34e57a elementor-widget elementor-widget-text-editor\" data-id=\"b34e57a\" data-element_type=\"widget\" data-e-type=\"widget\" data-widget_type=\"text-editor.default\">\n\t\t\t\t<div class=\"elementor-widget-container\">\n\t\t\t\t\t\t\t\t\t<p><strong>\u00d6ZELL\u0130KLER :<\/strong><br \/>Bu seri, tam otomatik \u00e7al\u0131\u015fan d\u00f6kme atlet po\u015fet makinesidir. Bu serinin, \u00e7\u00f6zg\u00fc \u00fcnitesi invert\u00f6r motorludur. \u00c7ift bobini alarak hatl\u0131 \u00e7al\u0131\u015f\u0131r. Bitmi\u015f \u00fcr\u00fcn katlama \u00fcnitesi EPC kontroll\u00fcd\u00fcr ve en y\u00fcksek \u00fcretim h\u0131z\u0131 ve \u00e7\u0131kt\u0131s\u0131n\u0131 sa\u011flar.<\/p><ul><li>\u00d6zel tasar\u0131m servo motorlu po\u015fet beslemesi vard\u0131r.<\/li><li>Otomatik durdurma tasar\u0131m\u0131yla \u00e7oklu otomatik alarmlarla donat\u0131lm\u0131\u015ft\u0131r.<\/li><li>\u00dcretimde y\u00fcksek verimlilik sa\u011flar.<\/li><li>T\u00fcm po\u015fet y\u0131\u011f\u0131n\u0131, 2 adet po\u015fetin birbirine yap\u0131\u015fmas\u0131n\u0131 \u00f6nleyen &#8220;Sallanma Sistemi&#8221;ne sahiptir.<\/li><\/ul>\t\t\t\t\t\t\t\t<\/div>\n\t\t\t\t<\/div>\n\t\t\t\t\t<\/div>\n\t\t\t\t<\/div>\n\t\t<div class=\"elementor-element elementor-element-1cbe2fe e-flex e-con-boxed e-con e-parent\" data-id=\"1cbe2fe\" data-element_type=\"container\" data-e-type=\"container\">\n\t\t\t\t\t<div class=\"e-con-inner\">\n\t\t\t\t<div class=\"elementor-element elementor-element-9649107 elementor-widget elementor-widget-text-editor\" data-id=\"9649107\" data-element_type=\"widget\" data-e-type=\"widget\" data-widget_type=\"text-editor.default\">\n\t\t\t\t<div class=\"elementor-widget-container\">\n\t\t\t\t\t\t\t\t\t<div class=\"proi_table_title\">\u00d6ZELL\u0130KLER<\/div>\n<div class=\"table-responsive\">\n<table width=\"100%\">\n<tbody>\n<tr>\n<td class=\"proi_table_name\" colspan=\"2\">Model<\/td>\n<td class=\"proi_table_num\">HM-800DT<\/td>\n<td class=\"proi_table_num\">HM-1000DT<\/td>\n<\/tr>\n<tr>\n<td class=\"proi_table_wname\" rowspan=\"3\">Torba Boyu (mm)<\/td>\n<\/tr>\n<tr>\n<td class=\"proi_table_wnum\">Geni\u015flik (mm)<\/td>\n<td class=\"proi_table_wnum\">Max. 330 x 2<\/td>\n<td class=\"proi_table_wnum\">Max. 430 x 2<\/td>\n<\/tr>\n<tr>\n<td class=\"proi_table_wnum\">Boy (mm)<\/td>\n<td class=\"proi_table_wnum\">Max. 700<\/td>\n<td class=\"proi_table_wnum\">Max. 700<\/td>\n<\/tr>\n<tr>\n<td class=\"proi_table_bname\" colspan=\"2\">Max. \u00dcretim H\u0131z\u0131 (vuru\u015f\/dak.)<\/td>\n<td class=\"proi_table_bnum\">Max. 300<\/td>\n<td class=\"proi_table_bnum\">Max. 300<\/td>\n<\/tr>\n<tr>\n<td class=\"proi_table_wname\" colspan=\"2\">Film Kal\u0131nl\u0131\u011f\u0131 (mm)<\/td>\n<td class=\"proi_table_wnum\">0.01~0.035<\/td>\n<td class=\"proi_table_wnum\">0.01~0.035<\/td>\n<\/tr>\n<tr>\n<td class=\"proi_table_bname\" colspan=\"2\">Is\u0131t\u0131c\u0131lar (kw)<\/td>\n<td class=\"proi_table_bnum\">7<\/td>\n<td class=\"proi_table_bnum\">8<\/td>\n<\/tr>\n<tr>\n<td class=\"proi_table_wname\" colspan=\"2\">Gerekli G\u00fc\u00e7 (kw)<\/td>\n<td class=\"proi_table_wnum\">10<\/td>\n<td class=\"proi_table_wnum\">11<\/td>\n<\/tr>\n<tr>\n<td class=\"proi_table_bname\" rowspan=\"3\">Makine Boyutlar\u0131<\/td>\n<td class=\"proi_table_bnum\">L (M)<\/td>\n<td class=\"proi_table_bnum\">6.6<\/td>\n<td class=\"proi_table_bnum\">6.6<\/td>\n<\/tr>\n<tr>\n<td class=\"proi_table_bnum\">W (M)<\/td>\n<td class=\"proi_table_bnum\">1.64<\/td>\n<td class=\"proi_table_bnum\">1.85<\/td>\n<\/tr>\n<tr>\n<td class=\"proi_table_bnum\">H (M)<\/td>\n<td class=\"proi_table_bnum\">1.8<\/td>\n<td class=\"proi_table_bnum\">1.8<\/td>\n<\/tr>\n<tr>\n<td class=\"proi_table_wname\" colspan=\"2\">Makine A\u011f\u0131rl\u0131\u011f\u0131 (kg)<\/td>\n<td class=\"proi_table_wnum\">2500<\/td>\n<td class=\"proi_table_wnum\">2700<\/td>\n<\/tr>\n<tr>\n<td class=\"proi_table_bname\" colspan=\"2\">Br\u00fct A\u011f\u0131rl\u0131k (kg)<\/td>\n<td class=\"proi_table_bnum\">1900<\/td>\n<td class=\"proi_table_bnum\">3100<\/td>\n<\/tr>\n<tr>\n<td class=\"proi_table_wname\" colspan=\"2\">Hava Kompres\u00f6r\u00fc (dahil de\u011fil) (hp)<\/td>\n<td class=\"proi_table_wnum\">10<\/td>\n<td class=\"proi_table_wnum\">10<\/td>\n<\/tr>\n<\/tbody>\n<\/table>\n<\/div>\t\t\t\t\t\t\t\t<\/div>\n\t\t\t\t<\/div>\n\t\t\t\t\t<\/div>\n\t\t\t\t<\/div>\n\t\t\t\t<\/div>\n\t\t","protected":false},"excerpt":{"rendered":"<p>\u00d6ZELL\u0130KLER :Bu seri, tam otomatik \u00e7al\u0131\u015fan d\u00f6kme atlet po\u015fet makinesidir. Bu serinin, \u00e7\u00f6zg\u00fc \u00fcnitesi invert\u00f6r motorludur. \u00c7ift bobini alarak hatl\u0131 \u00e7al\u0131\u015f\u0131r. Bitmi\u015f \u00fcr\u00fcn katlama \u00fcnitesi EPC kontroll\u00fcd\u00fcr ve en y\u00fcksek \u00fcretim h\u0131z\u0131 ve \u00e7\u0131kt\u0131s\u0131n\u0131 sa\u011flar. \u00d6zel tasar\u0131m servo motorlu po\u015fet beslemesi vard\u0131r. Otomatik durdurma tasar\u0131m\u0131yla \u00e7oklu otomatik alarmlarla donat\u0131lm\u0131\u015ft\u0131r. \u00dcretimde y\u00fcksek verimlilik sa\u011flar. T\u00fcm po\u015fet [&hellip;]<\/p>\n","protected":false},"author":1,"featured_media":0,"parent":0,"menu_order":0,"comment_status":"closed","ping_status":"closed","template":"","meta":{"_acf_changed":false,"footnotes":""},"class_list":["post-1781","page","type-page","status-publish","hentry"],"acf":[],"yoast_head":"<!-- This site is optimized with the Yoast SEO plugin v25.6 - https:\/\/yoast.com\/wordpress\/plugins\/seo\/ -->\n<title>HM-800DT \/ 1000DT (2 Bobinli - Dilimlemesiz Atlet Po\u015fet Kesim Makinalar\u0131) - Atom Ambalaj Makineleri Sanayi<\/title>\n<meta name=\"robots\" content=\"index, follow, max-snippet:-1, max-image-preview:large, max-video-preview:-1\" \/>\n<link rel=\"canonical\" href=\"https:\/\/www.atommak.com\/index.php\/hm-800dt-1000dt\/\" \/>\n<meta property=\"og:locale\" content=\"tr_TR\" \/>\n<meta property=\"og:type\" content=\"article\" \/>\n<meta property=\"og:title\" content=\"HM-800DT \/ 1000DT (2 Bobinli - Dilimlemesiz Atlet Po\u015fet Kesim Makinalar\u0131) - Atom Ambalaj Makineleri Sanayi\" \/>\n<meta property=\"og:description\" content=\"\u00d6ZELL\u0130KLER :Bu seri, tam otomatik \u00e7al\u0131\u015fan d\u00f6kme atlet po\u015fet makinesidir. Bu serinin, \u00e7\u00f6zg\u00fc \u00fcnitesi invert\u00f6r motorludur. \u00c7ift bobini alarak hatl\u0131 \u00e7al\u0131\u015f\u0131r. Bitmi\u015f \u00fcr\u00fcn katlama \u00fcnitesi EPC kontroll\u00fcd\u00fcr ve en y\u00fcksek \u00fcretim h\u0131z\u0131 ve \u00e7\u0131kt\u0131s\u0131n\u0131 sa\u011flar. \u00d6zel tasar\u0131m servo motorlu po\u015fet beslemesi vard\u0131r. Otomatik durdurma tasar\u0131m\u0131yla \u00e7oklu otomatik alarmlarla donat\u0131lm\u0131\u015ft\u0131r. \u00dcretimde y\u00fcksek verimlilik sa\u011flar. T\u00fcm po\u015fet [&hellip;]\" \/>\n<meta property=\"og:url\" content=\"https:\/\/www.atommak.com\/index.php\/hm-800dt-1000dt\/\" \/>\n<meta property=\"og:site_name\" content=\"Atom Ambalaj Makineleri Sanayi\" \/>\n<meta property=\"article:modified_time\" content=\"2025-06-18T12:56:29+00:00\" \/>\n<meta property=\"og:image\" content=\"https:\/\/www.atommak.com\/wp-content\/uploads\/2024\/07\/ST2-SERISI-URUN-FOTO.jpg\" \/>\n\t<meta property=\"og:image:width\" content=\"261\" \/>\n\t<meta property=\"og:image:height\" content=\"279\" \/>\n\t<meta property=\"og:image:type\" content=\"image\/jpeg\" \/>\n<meta name=\"twitter:card\" content=\"summary_large_image\" \/>\n<meta name=\"twitter:label1\" content=\"Tahmini okuma s\u00fcresi\" \/>\n\t<meta name=\"twitter:data1\" content=\"2 dakika\" \/>\n<script type=\"application\/ld+json\" class=\"yoast-schema-graph\">{\"@context\":\"https:\/\/schema.org\",\"@graph\":[{\"@type\":\"WebPage\",\"@id\":\"https:\/\/www.atommak.com\/index.php\/hm-800dt-1000dt\/\",\"url\":\"https:\/\/www.atommak.com\/index.php\/hm-800dt-1000dt\/\",\"name\":\"HM-800DT \/ 1000DT (2 Bobinli - Dilimlemesiz Atlet Po\u015fet Kesim Makinalar\u0131) - Atom Ambalaj Makineleri Sanayi\",\"isPartOf\":{\"@id\":\"https:\/\/www.atommak.com\/#website\"},\"primaryImageOfPage\":{\"@id\":\"https:\/\/www.atommak.com\/index.php\/hm-800dt-1000dt\/#primaryimage\"},\"image\":{\"@id\":\"https:\/\/www.atommak.com\/index.php\/hm-800dt-1000dt\/#primaryimage\"},\"thumbnailUrl\":\"https:\/\/www.atommak.com\/wp-content\/uploads\/2024\/07\/ST2-SERISI-URUN-FOTO.jpg\",\"datePublished\":\"2024-08-01T19:53:03+00:00\",\"dateModified\":\"2025-06-18T12:56:29+00:00\",\"breadcrumb\":{\"@id\":\"https:\/\/www.atommak.com\/index.php\/hm-800dt-1000dt\/#breadcrumb\"},\"inLanguage\":\"tr\",\"potentialAction\":[{\"@type\":\"ReadAction\",\"target\":[\"https:\/\/www.atommak.com\/index.php\/hm-800dt-1000dt\/\"]}]},{\"@type\":\"ImageObject\",\"inLanguage\":\"tr\",\"@id\":\"https:\/\/www.atommak.com\/index.php\/hm-800dt-1000dt\/#primaryimage\",\"url\":\"https:\/\/www.atommak.com\/wp-content\/uploads\/2024\/07\/ST2-SERISI-URUN-FOTO.jpg\",\"contentUrl\":\"https:\/\/www.atommak.com\/wp-content\/uploads\/2024\/07\/ST2-SERISI-URUN-FOTO.jpg\",\"width\":261,\"height\":279},{\"@type\":\"BreadcrumbList\",\"@id\":\"https:\/\/www.atommak.com\/index.php\/hm-800dt-1000dt\/#breadcrumb\",\"itemListElement\":[{\"@type\":\"ListItem\",\"position\":1,\"name\":\"Anasayfa\",\"item\":\"https:\/\/www.atommak.com\/\"},{\"@type\":\"ListItem\",\"position\":2,\"name\":\"HM-800DT \/ 1000DT (2 Bobinli &#8211; Dilimlemesiz Atlet Po\u015fet Kesim Makinalar\u0131)\"}]},{\"@type\":\"WebSite\",\"@id\":\"https:\/\/www.atommak.com\/#website\",\"url\":\"https:\/\/www.atommak.com\/\",\"name\":\"Atom Makine\",\"description\":\"Makinelerde G&uuml;ven\",\"publisher\":{\"@id\":\"https:\/\/www.atommak.com\/#organization\"},\"potentialAction\":[{\"@type\":\"SearchAction\",\"target\":{\"@type\":\"EntryPoint\",\"urlTemplate\":\"https:\/\/www.atommak.com\/?s={search_term_string}\"},\"query-input\":{\"@type\":\"PropertyValueSpecification\",\"valueRequired\":true,\"valueName\":\"search_term_string\"}}],\"inLanguage\":\"tr\"},{\"@type\":\"Organization\",\"@id\":\"https:\/\/www.atommak.com\/#organization\",\"name\":\"Atom Makine\",\"url\":\"https:\/\/www.atommak.com\/\",\"logo\":{\"@type\":\"ImageObject\",\"inLanguage\":\"tr\",\"@id\":\"https:\/\/www.atommak.com\/#\/schema\/logo\/image\/\",\"url\":\"https:\/\/www.atommak.com\/wp-content\/uploads\/2024\/01\/ATOM-LOGO-VEKTOREL.jpg\",\"contentUrl\":\"https:\/\/www.atommak.com\/wp-content\/uploads\/2024\/01\/ATOM-LOGO-VEKTOREL.jpg\",\"width\":2119,\"height\":1138,\"caption\":\"Atom Makine\"},\"image\":{\"@id\":\"https:\/\/www.atommak.com\/#\/schema\/logo\/image\/\"}}]}<\/script>\n<!-- \/ Yoast SEO plugin. -->","yoast_head_json":{"title":"HM-800DT \/ 1000DT (2 Bobinli - Dilimlemesiz Atlet Po\u015fet Kesim Makinalar\u0131) - Atom Ambalaj Makineleri Sanayi","robots":{"index":"index","follow":"follow","max-snippet":"max-snippet:-1","max-image-preview":"max-image-preview:large","max-video-preview":"max-video-preview:-1"},"canonical":"https:\/\/www.atommak.com\/index.php\/hm-800dt-1000dt\/","og_locale":"tr_TR","og_type":"article","og_title":"HM-800DT \/ 1000DT (2 Bobinli - Dilimlemesiz Atlet Po\u015fet Kesim Makinalar\u0131) - Atom Ambalaj Makineleri Sanayi","og_description":"\u00d6ZELL\u0130KLER :Bu seri, tam otomatik \u00e7al\u0131\u015fan d\u00f6kme atlet po\u015fet makinesidir. Bu serinin, \u00e7\u00f6zg\u00fc \u00fcnitesi invert\u00f6r motorludur. \u00c7ift bobini alarak hatl\u0131 \u00e7al\u0131\u015f\u0131r. Bitmi\u015f \u00fcr\u00fcn katlama \u00fcnitesi EPC kontroll\u00fcd\u00fcr ve en y\u00fcksek \u00fcretim h\u0131z\u0131 ve \u00e7\u0131kt\u0131s\u0131n\u0131 sa\u011flar. \u00d6zel tasar\u0131m servo motorlu po\u015fet beslemesi vard\u0131r. Otomatik durdurma tasar\u0131m\u0131yla \u00e7oklu otomatik alarmlarla donat\u0131lm\u0131\u015ft\u0131r. \u00dcretimde y\u00fcksek verimlilik sa\u011flar. T\u00fcm po\u015fet [&hellip;]","og_url":"https:\/\/www.atommak.com\/index.php\/hm-800dt-1000dt\/","og_site_name":"Atom Ambalaj Makineleri Sanayi","article_modified_time":"2025-06-18T12:56:29+00:00","og_image":[{"width":261,"height":279,"url":"https:\/\/www.atommak.com\/wp-content\/uploads\/2024\/07\/ST2-SERISI-URUN-FOTO.jpg","type":"image\/jpeg"}],"twitter_card":"summary_large_image","twitter_misc":{"Tahmini okuma s\u00fcresi":"2 dakika"},"schema":{"@context":"https:\/\/schema.org","@graph":[{"@type":"WebPage","@id":"https:\/\/www.atommak.com\/index.php\/hm-800dt-1000dt\/","url":"https:\/\/www.atommak.com\/index.php\/hm-800dt-1000dt\/","name":"HM-800DT \/ 1000DT (2 Bobinli - Dilimlemesiz Atlet Po\u015fet Kesim Makinalar\u0131) - Atom Ambalaj Makineleri Sanayi","isPartOf":{"@id":"https:\/\/www.atommak.com\/#website"},"primaryImageOfPage":{"@id":"https:\/\/www.atommak.com\/index.php\/hm-800dt-1000dt\/#primaryimage"},"image":{"@id":"https:\/\/www.atommak.com\/index.php\/hm-800dt-1000dt\/#primaryimage"},"thumbnailUrl":"https:\/\/www.atommak.com\/wp-content\/uploads\/2024\/07\/ST2-SERISI-URUN-FOTO.jpg","datePublished":"2024-08-01T19:53:03+00:00","dateModified":"2025-06-18T12:56:29+00:00","breadcrumb":{"@id":"https:\/\/www.atommak.com\/index.php\/hm-800dt-1000dt\/#breadcrumb"},"inLanguage":"tr","potentialAction":[{"@type":"ReadAction","target":["https:\/\/www.atommak.com\/index.php\/hm-800dt-1000dt\/"]}]},{"@type":"ImageObject","inLanguage":"tr","@id":"https:\/\/www.atommak.com\/index.php\/hm-800dt-1000dt\/#primaryimage","url":"https:\/\/www.atommak.com\/wp-content\/uploads\/2024\/07\/ST2-SERISI-URUN-FOTO.jpg","contentUrl":"https:\/\/www.atommak.com\/wp-content\/uploads\/2024\/07\/ST2-SERISI-URUN-FOTO.jpg","width":261,"height":279},{"@type":"BreadcrumbList","@id":"https:\/\/www.atommak.com\/index.php\/hm-800dt-1000dt\/#breadcrumb","itemListElement":[{"@type":"ListItem","position":1,"name":"Anasayfa","item":"https:\/\/www.atommak.com\/"},{"@type":"ListItem","position":2,"name":"HM-800DT \/ 1000DT (2 Bobinli &#8211; Dilimlemesiz Atlet Po\u015fet Kesim Makinalar\u0131)"}]},{"@type":"WebSite","@id":"https:\/\/www.atommak.com\/#website","url":"https:\/\/www.atommak.com\/","name":"Atom Makine","description":"Makinelerde G&uuml;ven","publisher":{"@id":"https:\/\/www.atommak.com\/#organization"},"potentialAction":[{"@type":"SearchAction","target":{"@type":"EntryPoint","urlTemplate":"https:\/\/www.atommak.com\/?s={search_term_string}"},"query-input":{"@type":"PropertyValueSpecification","valueRequired":true,"valueName":"search_term_string"}}],"inLanguage":"tr"},{"@type":"Organization","@id":"https:\/\/www.atommak.com\/#organization","name":"Atom Makine","url":"https:\/\/www.atommak.com\/","logo":{"@type":"ImageObject","inLanguage":"tr","@id":"https:\/\/www.atommak.com\/#\/schema\/logo\/image\/","url":"https:\/\/www.atommak.com\/wp-content\/uploads\/2024\/01\/ATOM-LOGO-VEKTOREL.jpg","contentUrl":"https:\/\/www.atommak.com\/wp-content\/uploads\/2024\/01\/ATOM-LOGO-VEKTOREL.jpg","width":2119,"height":1138,"caption":"Atom Makine"},"image":{"@id":"https:\/\/www.atommak.com\/#\/schema\/logo\/image\/"}}]}},"featured_media_urls":[],"_links":{"self":[{"href":"https:\/\/www.atommak.com\/index.php\/wp-json\/wp\/v2\/pages\/1781"}],"collection":[{"href":"https:\/\/www.atommak.com\/index.php\/wp-json\/wp\/v2\/pages"}],"about":[{"href":"https:\/\/www.atommak.com\/index.php\/wp-json\/wp\/v2\/types\/page"}],"author":[{"embeddable":true,"href":"https:\/\/www.atommak.com\/index.php\/wp-json\/wp\/v2\/users\/1"}],"replies":[{"embeddable":true,"href":"https:\/\/www.atommak.com\/index.php\/wp-json\/wp\/v2\/comments?post=1781"}],"version-history":[{"count":10,"href":"https:\/\/www.atommak.com\/index.php\/wp-json\/wp\/v2\/pages\/1781\/revisions"}],"predecessor-version":[{"id":2774,"href":"https:\/\/www.atommak.com\/index.php\/wp-json\/wp\/v2\/pages\/1781\/revisions\/2774"}],"wp:attachment":[{"href":"https:\/\/www.atommak.com\/index.php\/wp-json\/wp\/v2\/media?parent=1781"}],"curies":[{"name":"wp","href":"https:\/\/api.w.org\/{rel}","templated":true}]}}