{"id":1814,"date":"2024-08-02T00:28:33","date_gmt":"2024-08-01T21:28:33","guid":{"rendered":"https:\/\/www.atommak.com\/?page_id=1814"},"modified":"2024-08-02T00:56:46","modified_gmt":"2024-08-01T21:56:46","slug":"hm-1000trc2ks2-2-hat-sicak-dilimlemeli-cift-ceneli-masurali-rulo-atlet-poset-makinalari","status":"publish","type":"page","link":"https:\/\/www.atommak.com\/index.php\/hm-1000trc2ks2-2-hat-sicak-dilimlemeli-cift-ceneli-masurali-rulo-atlet-poset-makinalari\/","title":{"rendered":"HM-1000TRC2K+S2 (2 Hat S\u0131cak Dilimlemeli &#8211; \u00c7ift \u00c7eneli &#8211; Masural\u0131 Rulo Atlet Po\u015fet Makinalar\u0131)"},"content":{"rendered":"\t\t<div data-elementor-type=\"wp-page\" data-elementor-id=\"1814\" class=\"elementor elementor-1814\" data-elementor-post-type=\"page\">\n\t\t\t\t<div class=\"elementor-element elementor-element-18959ea e-flex e-con-boxed e-con e-parent\" data-id=\"18959ea\" data-element_type=\"container\" data-e-type=\"container\">\n\t\t\t\t\t<div class=\"e-con-inner\">\n\t\t\t\t<div class=\"elementor-element elementor-element-8fadf6b elementor-widget elementor-widget-image\" data-id=\"8fadf6b\" data-element_type=\"widget\" data-e-type=\"widget\" data-widget_type=\"image.default\">\n\t\t\t\t<div class=\"elementor-widget-container\">\n\t\t\t\t\t\t\t\t\t\t\t\t<figure class=\"wp-caption\">\n\t\t\t\t\t\t\t\t\t\t<img fetchpriority=\"high\" decoding=\"async\" width=\"706\" height=\"270\" src=\"https:\/\/www.atommak.com\/wp-content\/uploads\/2024\/08\/TRC-URUNLER.jpg\" class=\"attachment-large size-large wp-image-1817\" alt=\"\" srcset=\"https:\/\/www.atommak.com\/wp-content\/uploads\/2024\/08\/TRC-URUNLER.jpg 706w, https:\/\/www.atommak.com\/wp-content\/uploads\/2024\/08\/TRC-URUNLER-300x115.jpg 300w, https:\/\/www.atommak.com\/wp-content\/uploads\/2024\/08\/TRC-URUNLER-600x229.jpg 600w\" sizes=\"(max-width: 706px) 100vw, 706px\" \/>\t\t\t\t\t\t\t\t\t\t\t<figcaption class=\"widget-image-caption wp-caption-text\">Rulo Sebze\/Meyve Torbalar\u0131..............................................................     Rulo Atlet Po\u015fet Makinalar\u0131 <\/figcaption>\n\t\t\t\t\t\t\t\t\t\t<\/figure>\n\t\t\t\t\t\t\t\t\t<\/div>\n\t\t\t\t<\/div>\n\t\t\t\t\t<\/div>\n\t\t\t\t<\/div>\n\t\t<div class=\"elementor-element elementor-element-d61268c e-flex e-con-boxed e-con e-parent\" data-id=\"d61268c\" data-element_type=\"container\" data-e-type=\"container\">\n\t\t\t\t\t<div class=\"e-con-inner\">\n\t\t\t\t<div class=\"elementor-element elementor-element-aed568d elementor-widget elementor-widget-image\" data-id=\"aed568d\" data-element_type=\"widget\" data-e-type=\"widget\" data-widget_type=\"image.default\">\n\t\t\t\t<div class=\"elementor-widget-container\">\n\t\t\t\t\t\t\t\t\t\t\t\t\t\t\t<img decoding=\"async\" width=\"800\" height=\"352\" src=\"https:\/\/www.atommak.com\/wp-content\/uploads\/2024\/08\/TRC2KS2-RULO-ATLET-1024x451.jpg\" class=\"attachment-large size-large wp-image-1816\" alt=\"\" srcset=\"https:\/\/www.atommak.com\/wp-content\/uploads\/2024\/08\/TRC2KS2-RULO-ATLET-1024x451.jpg 1024w, https:\/\/www.atommak.com\/wp-content\/uploads\/2024\/08\/TRC2KS2-RULO-ATLET-300x132.jpg 300w, https:\/\/www.atommak.com\/wp-content\/uploads\/2024\/08\/TRC2KS2-RULO-ATLET-768x338.jpg 768w, https:\/\/www.atommak.com\/wp-content\/uploads\/2024\/08\/TRC2KS2-RULO-ATLET-1536x676.jpg 1536w, https:\/\/www.atommak.com\/wp-content\/uploads\/2024\/08\/TRC2KS2-RULO-ATLET-2048x901.jpg 2048w, https:\/\/www.atommak.com\/wp-content\/uploads\/2024\/08\/TRC2KS2-RULO-ATLET-600x264.jpg 600w\" sizes=\"(max-width: 800px) 100vw, 800px\" \/>\t\t\t\t\t\t\t\t\t\t\t\t\t\t\t<\/div>\n\t\t\t\t<\/div>\n\t\t\t\t\t<\/div>\n\t\t\t\t<\/div>\n\t\t<div class=\"elementor-element elementor-element-487801d e-flex e-con-boxed e-con e-parent\" data-id=\"487801d\" data-element_type=\"container\" data-e-type=\"container\">\n\t\t\t\t\t<div class=\"e-con-inner\">\n\t\t\t\t<div class=\"elementor-element elementor-element-742ce9c elementor-widget elementor-widget-text-editor\" data-id=\"742ce9c\" data-element_type=\"widget\" data-e-type=\"widget\" data-widget_type=\"text-editor.default\">\n\t\t\t\t<div class=\"elementor-widget-container\">\n\t\t\t\t\t\t\t\t\t<p><span style=\"text-decoration: underline;\"><strong>\u00d6ZELL\u0130KLER :<\/strong><\/span><\/p><ul><li>2 hatl\u0131 tam otomatik, y\u00fcksek h\u0131zl\u0131 rulo atlet po\u015fet ve sebze\/meyve torba kesim makinas\u0131.<\/li><li>Jumbo bobin \u00e7\u00f6zg\u00fc sistemi ve 2 hat s\u0131cak dilimlemeli k\u00f6r\u00fck \u00fcnitesi.<\/li><li>\u00d6zel servo motorlu manyetik d\u00f6ner merdane, minimum fireyle y\u00fcksek hassasiyet sa\u011flar.<\/li><li>Uygun spekte PE, GER\u0130 D\u00d6N\u00dc\u015e\u00dcML\u00dc, B\u0130YO film ile \u00e7al\u0131\u015f\u0131r.<\/li><\/ul>\t\t\t\t\t\t\t\t<\/div>\n\t\t\t\t<\/div>\n\t\t\t\t\t<\/div>\n\t\t\t\t<\/div>\n\t\t<div class=\"elementor-element elementor-element-0646ce1 e-flex e-con-boxed e-con e-parent\" data-id=\"0646ce1\" data-element_type=\"container\" data-e-type=\"container\">\n\t\t\t\t\t<div class=\"e-con-inner\">\n\t\t\t\t<div class=\"elementor-element elementor-element-acf1d8d elementor-widget elementor-widget-text-editor\" data-id=\"acf1d8d\" data-element_type=\"widget\" data-e-type=\"widget\" data-widget_type=\"text-editor.default\">\n\t\t\t\t<div class=\"elementor-widget-container\">\n\t\t\t\t\t\t\t\t\t<p>\u00d6ZELL\u0130KLER :<\/p><table><tbody><tr><td colspan=\"2\">Film geni\u015fli\u011fi (max.mm)<\/td><td>1000mmx1<\/td><\/tr><tr><td>Torba Geni\u015fli\u011fi (mm) MIN-MAX.<\/td><td>ATLET PO\u015eET\/SEBZE-MEYVE TORBASI<\/td><td>150-300 X 2 HAT<\/td><\/tr><tr><td>Torba Boyu (mm)<\/td><td>ATLET PO\u015eET\/SEBZE-MEYVE TORBASI<\/td><td>300-700MM<\/td><\/tr><tr><td>Toplam Film Kal\u0131nl\u0131\u011f\u0131 (mm)<\/td><td>ATLET PO\u015eET<\/td><td>0.08-0.16mm LDPE<br \/>0.032-0.12mm HDPE<\/td><\/tr><tr><td colspan=\"2\">\u00dcretim H\u0131z\u0131<\/td><td><p>8 mikron: 100-300 vuru\u015f\/dak.\u00a0\u00a0<\/p><p>12 mikron: 100-360 vuru\u015f\/dak.<\/p><\/td><\/tr><tr><td colspan=\"2\">Max. Film hat H\u0131z\u0131 (m\/dak.)<\/td><td>160<\/td><\/tr><tr><td>Max. Rulo De\u011fi\u015ftirme H\u0131z\u0131 (kez\/dak.)<\/td><td>Masural\u0131<\/td><td>4<\/td><\/tr><tr><td rowspan=\"2\">\u00dcretilmi\u015f Rulo<\/td><td>Rulo Geni\u015fli\u011fi (mm) (min~max.)<\/td><td>150-300 x 2<\/td><\/tr><tr><td>Max. Rulo \u00c7ap\u0131 (mm)<\/td><td>170<\/td><\/tr><tr><td colspan=\"2\">Gerekli G\u00fc\u00e7 (kw)<\/td><td>25<\/td><\/tr><tr><td colspan=\"2\">Hava Kompres\u00f6r\u00fc (HP &#8211; dahil de\u011fil)<\/td><td>7.5<\/td><\/tr><tr><td rowspan=\"2\">Ka\u011f\u0131t Masura Boyutu<\/td><td>\u0130.\u00c7. (mm) \/ Kal\u0131nl\u0131k (mm)<\/td><td>35.5 \/ 2.5<\/td><\/tr><tr><td>Masura Boyu (mm) max-min<\/td><td>200 \/ 300<\/td><\/tr><tr><td colspan=\"2\">Makine Boyutu<\/td><td>11m (L) x 2.4mM (W) x 2.1m (H)<\/td><\/tr><\/tbody><\/table>\t\t\t\t\t\t\t\t<\/div>\n\t\t\t\t<\/div>\n\t\t\t\t\t<\/div>\n\t\t\t\t<\/div>\n\t\t\t\t<\/div>\n\t\t","protected":false},"excerpt":{"rendered":"<p>Rulo Sebze\/Meyve Torbalar\u0131&#8230;&#8230;&#8230;&#8230;&#8230;&#8230;&#8230;&#8230;&#8230;&#8230;&#8230;&#8230;&#8230;&#8230;&#8230;&#8230;&#8230;&#8230;&#8230;&#8230;.. Rulo Atlet Po\u015fet Makinalar\u0131 \u00d6ZELL\u0130KLER : 2 hatl\u0131 tam otomatik, y\u00fcksek h\u0131zl\u0131 rulo atlet po\u015fet ve sebze\/meyve torba kesim makinas\u0131. Jumbo bobin \u00e7\u00f6zg\u00fc sistemi ve 2 hat s\u0131cak dilimlemeli k\u00f6r\u00fck \u00fcnitesi. \u00d6zel servo motorlu manyetik d\u00f6ner merdane, minimum fireyle y\u00fcksek hassasiyet sa\u011flar. Uygun spekte PE, GER\u0130 D\u00d6N\u00dc\u015e\u00dcML\u00dc, B\u0130YO film ile \u00e7al\u0131\u015f\u0131r. \u00d6ZELL\u0130KLER [&hellip;]<\/p>\n","protected":false},"author":1,"featured_media":0,"parent":0,"menu_order":0,"comment_status":"closed","ping_status":"closed","template":"","meta":{"_acf_changed":false,"footnotes":""},"class_list":["post-1814","page","type-page","status-publish","hentry"],"acf":[],"yoast_head":"<!-- This site is optimized with the Yoast SEO plugin v25.6 - https:\/\/yoast.com\/wordpress\/plugins\/seo\/ -->\n<title>HM-1000TRC2K+S2 (2 Hat S\u0131cak Dilimlemeli - \u00c7ift \u00c7eneli - Masural\u0131 Rulo Atlet Po\u015fet Makinalar\u0131) - Atom Ambalaj Makineleri Sanayi<\/title>\n<meta name=\"robots\" content=\"index, follow, max-snippet:-1, max-image-preview:large, max-video-preview:-1\" \/>\n<link rel=\"canonical\" href=\"https:\/\/www.atommak.com\/index.php\/hm-1000trc2ks2-2-hat-sicak-dilimlemeli-cift-ceneli-masurali-rulo-atlet-poset-makinalari\/\" \/>\n<meta property=\"og:locale\" content=\"tr_TR\" \/>\n<meta property=\"og:type\" content=\"article\" \/>\n<meta property=\"og:title\" content=\"HM-1000TRC2K+S2 (2 Hat S\u0131cak Dilimlemeli - \u00c7ift \u00c7eneli - Masural\u0131 Rulo Atlet Po\u015fet Makinalar\u0131) - Atom Ambalaj Makineleri Sanayi\" \/>\n<meta property=\"og:description\" content=\"Rulo Sebze\/Meyve Torbalar\u0131&#8230;&#8230;&#8230;&#8230;&#8230;&#8230;&#8230;&#8230;&#8230;&#8230;&#8230;&#8230;&#8230;&#8230;&#8230;&#8230;&#8230;&#8230;&#8230;&#8230;.. Rulo Atlet Po\u015fet Makinalar\u0131 \u00d6ZELL\u0130KLER : 2 hatl\u0131 tam otomatik, y\u00fcksek h\u0131zl\u0131 rulo atlet po\u015fet ve sebze\/meyve torba kesim makinas\u0131. Jumbo bobin \u00e7\u00f6zg\u00fc sistemi ve 2 hat s\u0131cak dilimlemeli k\u00f6r\u00fck \u00fcnitesi. \u00d6zel servo motorlu manyetik d\u00f6ner merdane, minimum fireyle y\u00fcksek hassasiyet sa\u011flar. Uygun spekte PE, GER\u0130 D\u00d6N\u00dc\u015e\u00dcML\u00dc, B\u0130YO film ile \u00e7al\u0131\u015f\u0131r. \u00d6ZELL\u0130KLER [&hellip;]\" \/>\n<meta property=\"og:url\" content=\"https:\/\/www.atommak.com\/index.php\/hm-1000trc2ks2-2-hat-sicak-dilimlemeli-cift-ceneli-masurali-rulo-atlet-poset-makinalari\/\" \/>\n<meta property=\"og:site_name\" content=\"Atom Ambalaj Makineleri Sanayi\" \/>\n<meta property=\"article:modified_time\" content=\"2024-08-01T21:56:46+00:00\" \/>\n<meta property=\"og:image\" content=\"https:\/\/www.atommak.com\/wp-content\/uploads\/2024\/08\/TRC-URUNLER.jpg\" \/>\n<meta name=\"twitter:card\" content=\"summary_large_image\" \/>\n<meta name=\"twitter:label1\" content=\"Tahmini okuma s\u00fcresi\" \/>\n\t<meta name=\"twitter:data1\" content=\"2 dakika\" \/>\n<script type=\"application\/ld+json\" class=\"yoast-schema-graph\">{\"@context\":\"https:\/\/schema.org\",\"@graph\":[{\"@type\":\"WebPage\",\"@id\":\"https:\/\/www.atommak.com\/index.php\/hm-1000trc2ks2-2-hat-sicak-dilimlemeli-cift-ceneli-masurali-rulo-atlet-poset-makinalari\/\",\"url\":\"https:\/\/www.atommak.com\/index.php\/hm-1000trc2ks2-2-hat-sicak-dilimlemeli-cift-ceneli-masurali-rulo-atlet-poset-makinalari\/\",\"name\":\"HM-1000TRC2K+S2 (2 Hat S\u0131cak Dilimlemeli - \u00c7ift \u00c7eneli - Masural\u0131 Rulo Atlet Po\u015fet Makinalar\u0131) - Atom Ambalaj Makineleri Sanayi\",\"isPartOf\":{\"@id\":\"https:\/\/www.atommak.com\/#website\"},\"primaryImageOfPage\":{\"@id\":\"https:\/\/www.atommak.com\/index.php\/hm-1000trc2ks2-2-hat-sicak-dilimlemeli-cift-ceneli-masurali-rulo-atlet-poset-makinalari\/#primaryimage\"},\"image\":{\"@id\":\"https:\/\/www.atommak.com\/index.php\/hm-1000trc2ks2-2-hat-sicak-dilimlemeli-cift-ceneli-masurali-rulo-atlet-poset-makinalari\/#primaryimage\"},\"thumbnailUrl\":\"https:\/\/www.atommak.com\/wp-content\/uploads\/2024\/08\/TRC-URUNLER.jpg\",\"datePublished\":\"2024-08-01T21:28:33+00:00\",\"dateModified\":\"2024-08-01T21:56:46+00:00\",\"breadcrumb\":{\"@id\":\"https:\/\/www.atommak.com\/index.php\/hm-1000trc2ks2-2-hat-sicak-dilimlemeli-cift-ceneli-masurali-rulo-atlet-poset-makinalari\/#breadcrumb\"},\"inLanguage\":\"tr\",\"potentialAction\":[{\"@type\":\"ReadAction\",\"target\":[\"https:\/\/www.atommak.com\/index.php\/hm-1000trc2ks2-2-hat-sicak-dilimlemeli-cift-ceneli-masurali-rulo-atlet-poset-makinalari\/\"]}]},{\"@type\":\"ImageObject\",\"inLanguage\":\"tr\",\"@id\":\"https:\/\/www.atommak.com\/index.php\/hm-1000trc2ks2-2-hat-sicak-dilimlemeli-cift-ceneli-masurali-rulo-atlet-poset-makinalari\/#primaryimage\",\"url\":\"https:\/\/www.atommak.com\/wp-content\/uploads\/2024\/08\/TRC-URUNLER.jpg\",\"contentUrl\":\"https:\/\/www.atommak.com\/wp-content\/uploads\/2024\/08\/TRC-URUNLER.jpg\",\"width\":706,\"height\":270},{\"@type\":\"BreadcrumbList\",\"@id\":\"https:\/\/www.atommak.com\/index.php\/hm-1000trc2ks2-2-hat-sicak-dilimlemeli-cift-ceneli-masurali-rulo-atlet-poset-makinalari\/#breadcrumb\",\"itemListElement\":[{\"@type\":\"ListItem\",\"position\":1,\"name\":\"Anasayfa\",\"item\":\"https:\/\/www.atommak.com\/\"},{\"@type\":\"ListItem\",\"position\":2,\"name\":\"HM-1000TRC2K+S2 (2 Hat S\u0131cak Dilimlemeli &#8211; \u00c7ift \u00c7eneli &#8211; Masural\u0131 Rulo Atlet Po\u015fet Makinalar\u0131)\"}]},{\"@type\":\"WebSite\",\"@id\":\"https:\/\/www.atommak.com\/#website\",\"url\":\"https:\/\/www.atommak.com\/\",\"name\":\"Atom Makine\",\"description\":\"Makinelerde G&uuml;ven\",\"publisher\":{\"@id\":\"https:\/\/www.atommak.com\/#organization\"},\"potentialAction\":[{\"@type\":\"SearchAction\",\"target\":{\"@type\":\"EntryPoint\",\"urlTemplate\":\"https:\/\/www.atommak.com\/?s={search_term_string}\"},\"query-input\":{\"@type\":\"PropertyValueSpecification\",\"valueRequired\":true,\"valueName\":\"search_term_string\"}}],\"inLanguage\":\"tr\"},{\"@type\":\"Organization\",\"@id\":\"https:\/\/www.atommak.com\/#organization\",\"name\":\"Atom Makine\",\"url\":\"https:\/\/www.atommak.com\/\",\"logo\":{\"@type\":\"ImageObject\",\"inLanguage\":\"tr\",\"@id\":\"https:\/\/www.atommak.com\/#\/schema\/logo\/image\/\",\"url\":\"https:\/\/www.atommak.com\/wp-content\/uploads\/2024\/01\/ATOM-LOGO-VEKTOREL.jpg\",\"contentUrl\":\"https:\/\/www.atommak.com\/wp-content\/uploads\/2024\/01\/ATOM-LOGO-VEKTOREL.jpg\",\"width\":2119,\"height\":1138,\"caption\":\"Atom Makine\"},\"image\":{\"@id\":\"https:\/\/www.atommak.com\/#\/schema\/logo\/image\/\"}}]}<\/script>\n<!-- \/ Yoast SEO plugin. -->","yoast_head_json":{"title":"HM-1000TRC2K+S2 (2 Hat S\u0131cak Dilimlemeli - \u00c7ift \u00c7eneli - Masural\u0131 Rulo Atlet Po\u015fet Makinalar\u0131) - Atom Ambalaj Makineleri Sanayi","robots":{"index":"index","follow":"follow","max-snippet":"max-snippet:-1","max-image-preview":"max-image-preview:large","max-video-preview":"max-video-preview:-1"},"canonical":"https:\/\/www.atommak.com\/index.php\/hm-1000trc2ks2-2-hat-sicak-dilimlemeli-cift-ceneli-masurali-rulo-atlet-poset-makinalari\/","og_locale":"tr_TR","og_type":"article","og_title":"HM-1000TRC2K+S2 (2 Hat S\u0131cak Dilimlemeli - \u00c7ift \u00c7eneli - Masural\u0131 Rulo Atlet Po\u015fet Makinalar\u0131) - Atom Ambalaj Makineleri Sanayi","og_description":"Rulo Sebze\/Meyve Torbalar\u0131&#8230;&#8230;&#8230;&#8230;&#8230;&#8230;&#8230;&#8230;&#8230;&#8230;&#8230;&#8230;&#8230;&#8230;&#8230;&#8230;&#8230;&#8230;&#8230;&#8230;.. Rulo Atlet Po\u015fet Makinalar\u0131 \u00d6ZELL\u0130KLER : 2 hatl\u0131 tam otomatik, y\u00fcksek h\u0131zl\u0131 rulo atlet po\u015fet ve sebze\/meyve torba kesim makinas\u0131. Jumbo bobin \u00e7\u00f6zg\u00fc sistemi ve 2 hat s\u0131cak dilimlemeli k\u00f6r\u00fck \u00fcnitesi. \u00d6zel servo motorlu manyetik d\u00f6ner merdane, minimum fireyle y\u00fcksek hassasiyet sa\u011flar. Uygun spekte PE, GER\u0130 D\u00d6N\u00dc\u015e\u00dcML\u00dc, B\u0130YO film ile \u00e7al\u0131\u015f\u0131r. \u00d6ZELL\u0130KLER [&hellip;]","og_url":"https:\/\/www.atommak.com\/index.php\/hm-1000trc2ks2-2-hat-sicak-dilimlemeli-cift-ceneli-masurali-rulo-atlet-poset-makinalari\/","og_site_name":"Atom Ambalaj Makineleri Sanayi","article_modified_time":"2024-08-01T21:56:46+00:00","og_image":[{"url":"https:\/\/www.atommak.com\/wp-content\/uploads\/2024\/08\/TRC-URUNLER.jpg","type":"","width":"","height":""}],"twitter_card":"summary_large_image","twitter_misc":{"Tahmini okuma s\u00fcresi":"2 dakika"},"schema":{"@context":"https:\/\/schema.org","@graph":[{"@type":"WebPage","@id":"https:\/\/www.atommak.com\/index.php\/hm-1000trc2ks2-2-hat-sicak-dilimlemeli-cift-ceneli-masurali-rulo-atlet-poset-makinalari\/","url":"https:\/\/www.atommak.com\/index.php\/hm-1000trc2ks2-2-hat-sicak-dilimlemeli-cift-ceneli-masurali-rulo-atlet-poset-makinalari\/","name":"HM-1000TRC2K+S2 (2 Hat S\u0131cak Dilimlemeli - \u00c7ift \u00c7eneli - Masural\u0131 Rulo Atlet Po\u015fet Makinalar\u0131) - Atom Ambalaj Makineleri Sanayi","isPartOf":{"@id":"https:\/\/www.atommak.com\/#website"},"primaryImageOfPage":{"@id":"https:\/\/www.atommak.com\/index.php\/hm-1000trc2ks2-2-hat-sicak-dilimlemeli-cift-ceneli-masurali-rulo-atlet-poset-makinalari\/#primaryimage"},"image":{"@id":"https:\/\/www.atommak.com\/index.php\/hm-1000trc2ks2-2-hat-sicak-dilimlemeli-cift-ceneli-masurali-rulo-atlet-poset-makinalari\/#primaryimage"},"thumbnailUrl":"https:\/\/www.atommak.com\/wp-content\/uploads\/2024\/08\/TRC-URUNLER.jpg","datePublished":"2024-08-01T21:28:33+00:00","dateModified":"2024-08-01T21:56:46+00:00","breadcrumb":{"@id":"https:\/\/www.atommak.com\/index.php\/hm-1000trc2ks2-2-hat-sicak-dilimlemeli-cift-ceneli-masurali-rulo-atlet-poset-makinalari\/#breadcrumb"},"inLanguage":"tr","potentialAction":[{"@type":"ReadAction","target":["https:\/\/www.atommak.com\/index.php\/hm-1000trc2ks2-2-hat-sicak-dilimlemeli-cift-ceneli-masurali-rulo-atlet-poset-makinalari\/"]}]},{"@type":"ImageObject","inLanguage":"tr","@id":"https:\/\/www.atommak.com\/index.php\/hm-1000trc2ks2-2-hat-sicak-dilimlemeli-cift-ceneli-masurali-rulo-atlet-poset-makinalari\/#primaryimage","url":"https:\/\/www.atommak.com\/wp-content\/uploads\/2024\/08\/TRC-URUNLER.jpg","contentUrl":"https:\/\/www.atommak.com\/wp-content\/uploads\/2024\/08\/TRC-URUNLER.jpg","width":706,"height":270},{"@type":"BreadcrumbList","@id":"https:\/\/www.atommak.com\/index.php\/hm-1000trc2ks2-2-hat-sicak-dilimlemeli-cift-ceneli-masurali-rulo-atlet-poset-makinalari\/#breadcrumb","itemListElement":[{"@type":"ListItem","position":1,"name":"Anasayfa","item":"https:\/\/www.atommak.com\/"},{"@type":"ListItem","position":2,"name":"HM-1000TRC2K+S2 (2 Hat S\u0131cak Dilimlemeli &#8211; \u00c7ift \u00c7eneli &#8211; Masural\u0131 Rulo Atlet Po\u015fet Makinalar\u0131)"}]},{"@type":"WebSite","@id":"https:\/\/www.atommak.com\/#website","url":"https:\/\/www.atommak.com\/","name":"Atom Makine","description":"Makinelerde G&uuml;ven","publisher":{"@id":"https:\/\/www.atommak.com\/#organization"},"potentialAction":[{"@type":"SearchAction","target":{"@type":"EntryPoint","urlTemplate":"https:\/\/www.atommak.com\/?s={search_term_string}"},"query-input":{"@type":"PropertyValueSpecification","valueRequired":true,"valueName":"search_term_string"}}],"inLanguage":"tr"},{"@type":"Organization","@id":"https:\/\/www.atommak.com\/#organization","name":"Atom Makine","url":"https:\/\/www.atommak.com\/","logo":{"@type":"ImageObject","inLanguage":"tr","@id":"https:\/\/www.atommak.com\/#\/schema\/logo\/image\/","url":"https:\/\/www.atommak.com\/wp-content\/uploads\/2024\/01\/ATOM-LOGO-VEKTOREL.jpg","contentUrl":"https:\/\/www.atommak.com\/wp-content\/uploads\/2024\/01\/ATOM-LOGO-VEKTOREL.jpg","width":2119,"height":1138,"caption":"Atom Makine"},"image":{"@id":"https:\/\/www.atommak.com\/#\/schema\/logo\/image\/"}}]}},"featured_media_urls":[],"_links":{"self":[{"href":"https:\/\/www.atommak.com\/index.php\/wp-json\/wp\/v2\/pages\/1814"}],"collection":[{"href":"https:\/\/www.atommak.com\/index.php\/wp-json\/wp\/v2\/pages"}],"about":[{"href":"https:\/\/www.atommak.com\/index.php\/wp-json\/wp\/v2\/types\/page"}],"author":[{"embeddable":true,"href":"https:\/\/www.atommak.com\/index.php\/wp-json\/wp\/v2\/users\/1"}],"replies":[{"embeddable":true,"href":"https:\/\/www.atommak.com\/index.php\/wp-json\/wp\/v2\/comments?post=1814"}],"version-history":[{"count":8,"href":"https:\/\/www.atommak.com\/index.php\/wp-json\/wp\/v2\/pages\/1814\/revisions"}],"predecessor-version":[{"id":1826,"href":"https:\/\/www.atommak.com\/index.php\/wp-json\/wp\/v2\/pages\/1814\/revisions\/1826"}],"wp:attachment":[{"href":"https:\/\/www.atommak.com\/index.php\/wp-json\/wp\/v2\/media?parent=1814"}],"curies":[{"name":"wp","href":"https:\/\/api.w.org\/{rel}","templated":true}]}}