{"id":1827,"date":"2024-08-02T01:03:08","date_gmt":"2024-08-01T22:03:08","guid":{"rendered":"https:\/\/www.atommak.com\/?page_id=1827"},"modified":"2025-01-01T23:08:46","modified_gmt":"2025-01-01T20:08:46","slug":"rulo-atlet-poset-makinalari","status":"publish","type":"page","link":"https:\/\/www.atommak.com\/index.php\/rulo-atlet-poset-makinalari\/","title":{"rendered":"Rulo Atlet Po\u015fet (Manav Rulo) Makinalar\u0131"},"content":{"rendered":"\t\t<div data-elementor-type=\"wp-page\" data-elementor-id=\"1827\" class=\"elementor elementor-1827\" data-elementor-post-type=\"page\">\n\t\t\t\t<div class=\"elementor-element elementor-element-2037f91 e-grid e-con-boxed e-con e-parent\" data-id=\"2037f91\" data-element_type=\"container\" data-e-type=\"container\">\n\t\t\t\t\t<div class=\"e-con-inner\">\n\t\t\t\t<div class=\"elementor-element elementor-element-3b99e32 elementor-widget elementor-widget-image\" data-id=\"3b99e32\" data-element_type=\"widget\" data-e-type=\"widget\" data-widget_type=\"image.default\">\n\t\t\t\t<div class=\"elementor-widget-container\">\n\t\t\t\t\t\t\t\t\t\t\t\t<figure class=\"wp-caption\">\n\t\t\t\t\t\t\t\t\t\t\t<a href=\"https:\/\/www.atommak.com\/index.php\/hm-1000trc2ks2-2-hat-sicak-dilimlemeli-cift-ceneli-masurali-rulo-atlet-poset-makinalari\/\">\n\t\t\t\t\t\t\t<img fetchpriority=\"high\" decoding=\"async\" width=\"768\" height=\"338\" src=\"https:\/\/www.atommak.com\/wp-content\/uploads\/2024\/08\/TRC2KS2-RULO-ATLET-768x338.jpg\" class=\"attachment-medium_large size-medium_large wp-image-1816\" alt=\"\" srcset=\"https:\/\/www.atommak.com\/wp-content\/uploads\/2024\/08\/TRC2KS2-RULO-ATLET-768x338.jpg 768w, https:\/\/www.atommak.com\/wp-content\/uploads\/2024\/08\/TRC2KS2-RULO-ATLET-300x132.jpg 300w, https:\/\/www.atommak.com\/wp-content\/uploads\/2024\/08\/TRC2KS2-RULO-ATLET-1024x451.jpg 1024w, https:\/\/www.atommak.com\/wp-content\/uploads\/2024\/08\/TRC2KS2-RULO-ATLET-1536x676.jpg 1536w, https:\/\/www.atommak.com\/wp-content\/uploads\/2024\/08\/TRC2KS2-RULO-ATLET-2048x901.jpg 2048w, https:\/\/www.atommak.com\/wp-content\/uploads\/2024\/08\/TRC2KS2-RULO-ATLET-600x264.jpg 600w\" sizes=\"(max-width: 768px) 100vw, 768px\" \/>\t\t\t\t\t\t\t\t<\/a>\n\t\t\t\t\t\t\t\t\t\t\t<figcaption class=\"widget-image-caption wp-caption-text\">HM-1000TRC2K+S2 (2 Hat Dilimlemeli - \u00c7ift \u00c7eneli - Masural\u0131 Rulo Atlet Po\u015fet Makinalar\u0131)<\/figcaption>\n\t\t\t\t\t\t\t\t\t\t<\/figure>\n\t\t\t\t\t\t\t\t\t<\/div>\n\t\t\t\t<\/div>\n\t\t\t\t<div class=\"elementor-element elementor-element-91623ce elementor-widget elementor-widget-image\" data-id=\"91623ce\" data-element_type=\"widget\" data-e-type=\"widget\" data-widget_type=\"image.default\">\n\t\t\t\t<div class=\"elementor-widget-container\">\n\t\t\t\t\t\t\t\t\t\t\t\t<figure class=\"wp-caption\">\n\t\t\t\t\t\t\t\t\t\t<img decoding=\"async\" width=\"800\" height=\"474\" src=\"https:\/\/www.atommak.com\/wp-content\/uploads\/2024\/08\/HM-990TRC-S2.jpg\" class=\"attachment-large size-large wp-image-1998\" alt=\"\" srcset=\"https:\/\/www.atommak.com\/wp-content\/uploads\/2024\/08\/HM-990TRC-S2.jpg 850w, https:\/\/www.atommak.com\/wp-content\/uploads\/2024\/08\/HM-990TRC-S2-300x178.jpg 300w, https:\/\/www.atommak.com\/wp-content\/uploads\/2024\/08\/HM-990TRC-S2-768x455.jpg 768w, https:\/\/www.atommak.com\/wp-content\/uploads\/2024\/08\/HM-990TRC-S2-600x356.jpg 600w\" sizes=\"(max-width: 800px) 100vw, 800px\" \/>\t\t\t\t\t\t\t\t\t\t\t<figcaption class=\"widget-image-caption wp-caption-text\">HM-990TRC+S2 (2 Hat Dilimlemeli  - Masural\u0131 Rulo Atlet Po\u015fet Makinalar\u0131)<\/figcaption>\n\t\t\t\t\t\t\t\t\t\t<\/figure>\n\t\t\t\t\t\t\t\t\t<\/div>\n\t\t\t\t<\/div>\n\t\t\t\t<div class=\"elementor-element elementor-element-4dffb40 elementor-widget elementor-widget-image\" data-id=\"4dffb40\" data-element_type=\"widget\" data-e-type=\"widget\" data-widget_type=\"image.default\">\n\t\t\t\t<div class=\"elementor-widget-container\">\n\t\t\t\t\t\t\t\t\t\t\t\t<figure class=\"wp-caption\">\n\t\t\t\t\t\t\t\t\t\t<img decoding=\"async\" width=\"800\" height=\"457\" src=\"https:\/\/www.atommak.com\/wp-content\/uploads\/2024\/08\/HM-990TR2C.jpg\" class=\"attachment-large size-large wp-image-1997\" alt=\"\" srcset=\"https:\/\/www.atommak.com\/wp-content\/uploads\/2024\/08\/HM-990TR2C.jpg 861w, https:\/\/www.atommak.com\/wp-content\/uploads\/2024\/08\/HM-990TR2C-300x171.jpg 300w, https:\/\/www.atommak.com\/wp-content\/uploads\/2024\/08\/HM-990TR2C-768x439.jpg 768w, https:\/\/www.atommak.com\/wp-content\/uploads\/2024\/08\/HM-990TR2C-600x343.jpg 600w\" sizes=\"(max-width: 800px) 100vw, 800px\" \/>\t\t\t\t\t\t\t\t\t\t\t<figcaption class=\"widget-image-caption wp-caption-text\">HM-990TR2C (2 Bobinli Rulo Atlet Po\u015fet ve Sebze-Meyve Torbas\u0131 Makinalar\u0131)<\/figcaption>\n\t\t\t\t\t\t\t\t\t\t<\/figure>\n\t\t\t\t\t\t\t\t\t<\/div>\n\t\t\t\t<\/div>\n\t\t\t\t<div class=\"elementor-element elementor-element-9555739 elementor-widget elementor-widget-image\" data-id=\"9555739\" data-element_type=\"widget\" data-e-type=\"widget\" data-widget_type=\"image.default\">\n\t\t\t\t<div class=\"elementor-widget-container\">\n\t\t\t\t\t\t\t\t\t\t\t\t<figure class=\"wp-caption\">\n\t\t\t\t\t\t\t\t\t\t<img loading=\"lazy\" decoding=\"async\" width=\"800\" height=\"474\" src=\"https:\/\/www.atommak.com\/wp-content\/uploads\/2024\/08\/HM-1000TR-S2-C2-F.jpg\" class=\"attachment-large size-large wp-image-2003\" alt=\"\" srcset=\"https:\/\/www.atommak.com\/wp-content\/uploads\/2024\/08\/HM-1000TR-S2-C2-F.jpg 857w, https:\/\/www.atommak.com\/wp-content\/uploads\/2024\/08\/HM-1000TR-S2-C2-F-300x178.jpg 300w, https:\/\/www.atommak.com\/wp-content\/uploads\/2024\/08\/HM-1000TR-S2-C2-F-768x455.jpg 768w, https:\/\/www.atommak.com\/wp-content\/uploads\/2024\/08\/HM-1000TR-S2-C2-F-600x356.jpg 600w\" sizes=\"(max-width: 800px) 100vw, 800px\" \/>\t\t\t\t\t\t\t\t\t\t\t<figcaption class=\"widget-image-caption wp-caption-text\">HM-1000TR+S2+C2+F (2 Hat Dilimlemeli - Masural\u0131\/Masuras\u0131z - S Perfore - Y\u0131ld\u0131z Kaynak Rulo \u00c7\u00f6p Torba ve Masa \u00d6rt\u00fcs\u00fc Makinalar\u0131)<\/figcaption>\n\t\t\t\t\t\t\t\t\t\t<\/figure>\n\t\t\t\t\t\t\t\t\t<\/div>\n\t\t\t\t<\/div>\n\t\t\t\t<div class=\"elementor-element elementor-element-7c82e30 elementor-widget elementor-widget-image\" data-id=\"7c82e30\" data-element_type=\"widget\" data-e-type=\"widget\" data-widget_type=\"image.default\">\n\t\t\t\t<div class=\"elementor-widget-container\">\n\t\t\t\t\t\t\t\t\t\t\t\t<figure class=\"wp-caption\">\n\t\t\t\t\t\t\t\t\t\t<img loading=\"lazy\" decoding=\"async\" width=\"800\" height=\"495\" src=\"https:\/\/www.atommak.com\/wp-content\/uploads\/2024\/08\/HM-1000TR-S2-C2.jpg\" class=\"attachment-large size-large wp-image-2007\" alt=\"\" srcset=\"https:\/\/www.atommak.com\/wp-content\/uploads\/2024\/08\/HM-1000TR-S2-C2.jpg 807w, https:\/\/www.atommak.com\/wp-content\/uploads\/2024\/08\/HM-1000TR-S2-C2-300x186.jpg 300w, https:\/\/www.atommak.com\/wp-content\/uploads\/2024\/08\/HM-1000TR-S2-C2-768x475.jpg 768w, https:\/\/www.atommak.com\/wp-content\/uploads\/2024\/08\/HM-1000TR-S2-C2-600x371.jpg 600w\" sizes=\"(max-width: 800px) 100vw, 800px\" \/>\t\t\t\t\t\t\t\t\t\t\t<figcaption class=\"widget-image-caption wp-caption-text\">HM-1000TR+S2+C2 (2 HAT - D\u0130L\u0130MLEMEL\u0130 - MASURALI\/MASURASIZ RULO ATLET PO\u015eET\/S PERFORE\/YILDIZ KAYNAK \u00c7\u00d6P TORBA VE MASA \u00d6RT\u00dcS\u00dc MAK\u0130NALARI)<\/figcaption>\n\t\t\t\t\t\t\t\t\t\t<\/figure>\n\t\t\t\t\t\t\t\t\t<\/div>\n\t\t\t\t<\/div>\n\t\t\t\t\t<\/div>\n\t\t\t\t<\/div>\n\t\t\t\t<\/div>\n\t\t","protected":false},"excerpt":{"rendered":"<p>HM-1000TRC2K+S2 (2 Hat Dilimlemeli &#8211; \u00c7ift \u00c7eneli &#8211; Masural\u0131 Rulo Atlet Po\u015fet Makinalar\u0131) HM-990TRC+S2 (2 Hat Dilimlemeli &#8211; Masural\u0131 Rulo Atlet Po\u015fet Makinalar\u0131) HM-990TR2C (2 Bobinli Rulo Atlet Po\u015fet ve Sebze-Meyve Torbas\u0131 Makinalar\u0131) HM-1000TR+S2+C2+F (2 Hat Dilimlemeli &#8211; Masural\u0131\/Masuras\u0131z &#8211; S Perfore &#8211; Y\u0131ld\u0131z Kaynak Rulo \u00c7\u00f6p Torba ve Masa \u00d6rt\u00fcs\u00fc Makinalar\u0131) HM-1000TR+S2+C2 (2 HAT [&hellip;]<\/p>\n","protected":false},"author":1,"featured_media":0,"parent":0,"menu_order":0,"comment_status":"closed","ping_status":"closed","template":"","meta":{"_acf_changed":false,"footnotes":""},"class_list":["post-1827","page","type-page","status-publish","hentry"],"acf":[],"yoast_head":"<!-- This site is optimized with the Yoast SEO plugin v25.6 - https:\/\/yoast.com\/wordpress\/plugins\/seo\/ -->\n<title>Rulo Atlet Po\u015fet (Manav Rulo) Makinalar\u0131 - Atom Ambalaj Makineleri Sanayi<\/title>\n<meta name=\"robots\" content=\"index, follow, max-snippet:-1, max-image-preview:large, max-video-preview:-1\" \/>\n<link rel=\"canonical\" href=\"https:\/\/www.atommak.com\/index.php\/rulo-atlet-poset-makinalari\/\" \/>\n<meta property=\"og:locale\" content=\"tr_TR\" \/>\n<meta property=\"og:type\" content=\"article\" \/>\n<meta property=\"og:title\" content=\"Rulo Atlet Po\u015fet (Manav Rulo) Makinalar\u0131 - Atom Ambalaj Makineleri Sanayi\" \/>\n<meta property=\"og:description\" content=\"HM-1000TRC2K+S2 (2 Hat Dilimlemeli &#8211; \u00c7ift \u00c7eneli &#8211; Masural\u0131 Rulo Atlet Po\u015fet Makinalar\u0131) HM-990TRC+S2 (2 Hat Dilimlemeli &#8211; Masural\u0131 Rulo Atlet Po\u015fet Makinalar\u0131) HM-990TR2C (2 Bobinli Rulo Atlet Po\u015fet ve Sebze-Meyve Torbas\u0131 Makinalar\u0131) HM-1000TR+S2+C2+F (2 Hat Dilimlemeli &#8211; Masural\u0131\/Masuras\u0131z &#8211; S Perfore &#8211; Y\u0131ld\u0131z Kaynak Rulo \u00c7\u00f6p Torba ve Masa \u00d6rt\u00fcs\u00fc Makinalar\u0131) HM-1000TR+S2+C2 (2 HAT [&hellip;]\" \/>\n<meta property=\"og:url\" content=\"https:\/\/www.atommak.com\/index.php\/rulo-atlet-poset-makinalari\/\" \/>\n<meta property=\"og:site_name\" content=\"Atom Ambalaj Makineleri Sanayi\" \/>\n<meta property=\"article:modified_time\" content=\"2025-01-01T20:08:46+00:00\" \/>\n<meta property=\"og:image\" content=\"https:\/\/www.atommak.com\/wp-content\/uploads\/2024\/08\/TRC2KS2-RULO-ATLET-scaled.jpg\" \/>\n\t<meta property=\"og:image:width\" content=\"2560\" \/>\n\t<meta property=\"og:image:height\" content=\"1127\" \/>\n\t<meta property=\"og:image:type\" content=\"image\/jpeg\" \/>\n<meta name=\"twitter:card\" content=\"summary_large_image\" \/>\n<meta name=\"twitter:label1\" content=\"Tahmini okuma s\u00fcresi\" \/>\n\t<meta name=\"twitter:data1\" content=\"2 dakika\" \/>\n<script type=\"application\/ld+json\" class=\"yoast-schema-graph\">{\"@context\":\"https:\/\/schema.org\",\"@graph\":[{\"@type\":\"WebPage\",\"@id\":\"https:\/\/www.atommak.com\/index.php\/rulo-atlet-poset-makinalari\/\",\"url\":\"https:\/\/www.atommak.com\/index.php\/rulo-atlet-poset-makinalari\/\",\"name\":\"Rulo Atlet Po\u015fet (Manav Rulo) Makinalar\u0131 - Atom Ambalaj Makineleri Sanayi\",\"isPartOf\":{\"@id\":\"https:\/\/www.atommak.com\/#website\"},\"primaryImageOfPage\":{\"@id\":\"https:\/\/www.atommak.com\/index.php\/rulo-atlet-poset-makinalari\/#primaryimage\"},\"image\":{\"@id\":\"https:\/\/www.atommak.com\/index.php\/rulo-atlet-poset-makinalari\/#primaryimage\"},\"thumbnailUrl\":\"https:\/\/www.atommak.com\/wp-content\/uploads\/2024\/08\/TRC2KS2-RULO-ATLET-768x338.jpg\",\"datePublished\":\"2024-08-01T22:03:08+00:00\",\"dateModified\":\"2025-01-01T20:08:46+00:00\",\"breadcrumb\":{\"@id\":\"https:\/\/www.atommak.com\/index.php\/rulo-atlet-poset-makinalari\/#breadcrumb\"},\"inLanguage\":\"tr\",\"potentialAction\":[{\"@type\":\"ReadAction\",\"target\":[\"https:\/\/www.atommak.com\/index.php\/rulo-atlet-poset-makinalari\/\"]}]},{\"@type\":\"ImageObject\",\"inLanguage\":\"tr\",\"@id\":\"https:\/\/www.atommak.com\/index.php\/rulo-atlet-poset-makinalari\/#primaryimage\",\"url\":\"https:\/\/www.atommak.com\/wp-content\/uploads\/2024\/08\/TRC2KS2-RULO-ATLET-scaled.jpg\",\"contentUrl\":\"https:\/\/www.atommak.com\/wp-content\/uploads\/2024\/08\/TRC2KS2-RULO-ATLET-scaled.jpg\",\"width\":2560,\"height\":1127},{\"@type\":\"BreadcrumbList\",\"@id\":\"https:\/\/www.atommak.com\/index.php\/rulo-atlet-poset-makinalari\/#breadcrumb\",\"itemListElement\":[{\"@type\":\"ListItem\",\"position\":1,\"name\":\"Anasayfa\",\"item\":\"https:\/\/www.atommak.com\/\"},{\"@type\":\"ListItem\",\"position\":2,\"name\":\"Rulo Atlet Po\u015fet (Manav Rulo) Makinalar\u0131\"}]},{\"@type\":\"WebSite\",\"@id\":\"https:\/\/www.atommak.com\/#website\",\"url\":\"https:\/\/www.atommak.com\/\",\"name\":\"Atom Makine\",\"description\":\"Makinelerde G&uuml;ven\",\"publisher\":{\"@id\":\"https:\/\/www.atommak.com\/#organization\"},\"potentialAction\":[{\"@type\":\"SearchAction\",\"target\":{\"@type\":\"EntryPoint\",\"urlTemplate\":\"https:\/\/www.atommak.com\/?s={search_term_string}\"},\"query-input\":{\"@type\":\"PropertyValueSpecification\",\"valueRequired\":true,\"valueName\":\"search_term_string\"}}],\"inLanguage\":\"tr\"},{\"@type\":\"Organization\",\"@id\":\"https:\/\/www.atommak.com\/#organization\",\"name\":\"Atom Makine\",\"url\":\"https:\/\/www.atommak.com\/\",\"logo\":{\"@type\":\"ImageObject\",\"inLanguage\":\"tr\",\"@id\":\"https:\/\/www.atommak.com\/#\/schema\/logo\/image\/\",\"url\":\"https:\/\/www.atommak.com\/wp-content\/uploads\/2024\/01\/ATOM-LOGO-VEKTOREL.jpg\",\"contentUrl\":\"https:\/\/www.atommak.com\/wp-content\/uploads\/2024\/01\/ATOM-LOGO-VEKTOREL.jpg\",\"width\":2119,\"height\":1138,\"caption\":\"Atom Makine\"},\"image\":{\"@id\":\"https:\/\/www.atommak.com\/#\/schema\/logo\/image\/\"}}]}<\/script>\n<!-- \/ Yoast SEO plugin. -->","yoast_head_json":{"title":"Rulo Atlet Po\u015fet (Manav Rulo) Makinalar\u0131 - Atom Ambalaj Makineleri Sanayi","robots":{"index":"index","follow":"follow","max-snippet":"max-snippet:-1","max-image-preview":"max-image-preview:large","max-video-preview":"max-video-preview:-1"},"canonical":"https:\/\/www.atommak.com\/index.php\/rulo-atlet-poset-makinalari\/","og_locale":"tr_TR","og_type":"article","og_title":"Rulo Atlet Po\u015fet (Manav Rulo) Makinalar\u0131 - Atom Ambalaj Makineleri Sanayi","og_description":"HM-1000TRC2K+S2 (2 Hat Dilimlemeli &#8211; \u00c7ift \u00c7eneli &#8211; Masural\u0131 Rulo Atlet Po\u015fet Makinalar\u0131) HM-990TRC+S2 (2 Hat Dilimlemeli &#8211; Masural\u0131 Rulo Atlet Po\u015fet Makinalar\u0131) HM-990TR2C (2 Bobinli Rulo Atlet Po\u015fet ve Sebze-Meyve Torbas\u0131 Makinalar\u0131) HM-1000TR+S2+C2+F (2 Hat Dilimlemeli &#8211; Masural\u0131\/Masuras\u0131z &#8211; S Perfore &#8211; Y\u0131ld\u0131z Kaynak Rulo \u00c7\u00f6p Torba ve Masa \u00d6rt\u00fcs\u00fc Makinalar\u0131) HM-1000TR+S2+C2 (2 HAT [&hellip;]","og_url":"https:\/\/www.atommak.com\/index.php\/rulo-atlet-poset-makinalari\/","og_site_name":"Atom Ambalaj Makineleri Sanayi","article_modified_time":"2025-01-01T20:08:46+00:00","og_image":[{"width":2560,"height":1127,"url":"https:\/\/www.atommak.com\/wp-content\/uploads\/2024\/08\/TRC2KS2-RULO-ATLET-scaled.jpg","type":"image\/jpeg"}],"twitter_card":"summary_large_image","twitter_misc":{"Tahmini okuma s\u00fcresi":"2 dakika"},"schema":{"@context":"https:\/\/schema.org","@graph":[{"@type":"WebPage","@id":"https:\/\/www.atommak.com\/index.php\/rulo-atlet-poset-makinalari\/","url":"https:\/\/www.atommak.com\/index.php\/rulo-atlet-poset-makinalari\/","name":"Rulo Atlet Po\u015fet (Manav Rulo) Makinalar\u0131 - Atom Ambalaj Makineleri Sanayi","isPartOf":{"@id":"https:\/\/www.atommak.com\/#website"},"primaryImageOfPage":{"@id":"https:\/\/www.atommak.com\/index.php\/rulo-atlet-poset-makinalari\/#primaryimage"},"image":{"@id":"https:\/\/www.atommak.com\/index.php\/rulo-atlet-poset-makinalari\/#primaryimage"},"thumbnailUrl":"https:\/\/www.atommak.com\/wp-content\/uploads\/2024\/08\/TRC2KS2-RULO-ATLET-768x338.jpg","datePublished":"2024-08-01T22:03:08+00:00","dateModified":"2025-01-01T20:08:46+00:00","breadcrumb":{"@id":"https:\/\/www.atommak.com\/index.php\/rulo-atlet-poset-makinalari\/#breadcrumb"},"inLanguage":"tr","potentialAction":[{"@type":"ReadAction","target":["https:\/\/www.atommak.com\/index.php\/rulo-atlet-poset-makinalari\/"]}]},{"@type":"ImageObject","inLanguage":"tr","@id":"https:\/\/www.atommak.com\/index.php\/rulo-atlet-poset-makinalari\/#primaryimage","url":"https:\/\/www.atommak.com\/wp-content\/uploads\/2024\/08\/TRC2KS2-RULO-ATLET-scaled.jpg","contentUrl":"https:\/\/www.atommak.com\/wp-content\/uploads\/2024\/08\/TRC2KS2-RULO-ATLET-scaled.jpg","width":2560,"height":1127},{"@type":"BreadcrumbList","@id":"https:\/\/www.atommak.com\/index.php\/rulo-atlet-poset-makinalari\/#breadcrumb","itemListElement":[{"@type":"ListItem","position":1,"name":"Anasayfa","item":"https:\/\/www.atommak.com\/"},{"@type":"ListItem","position":2,"name":"Rulo Atlet Po\u015fet (Manav Rulo) Makinalar\u0131"}]},{"@type":"WebSite","@id":"https:\/\/www.atommak.com\/#website","url":"https:\/\/www.atommak.com\/","name":"Atom Makine","description":"Makinelerde G&uuml;ven","publisher":{"@id":"https:\/\/www.atommak.com\/#organization"},"potentialAction":[{"@type":"SearchAction","target":{"@type":"EntryPoint","urlTemplate":"https:\/\/www.atommak.com\/?s={search_term_string}"},"query-input":{"@type":"PropertyValueSpecification","valueRequired":true,"valueName":"search_term_string"}}],"inLanguage":"tr"},{"@type":"Organization","@id":"https:\/\/www.atommak.com\/#organization","name":"Atom Makine","url":"https:\/\/www.atommak.com\/","logo":{"@type":"ImageObject","inLanguage":"tr","@id":"https:\/\/www.atommak.com\/#\/schema\/logo\/image\/","url":"https:\/\/www.atommak.com\/wp-content\/uploads\/2024\/01\/ATOM-LOGO-VEKTOREL.jpg","contentUrl":"https:\/\/www.atommak.com\/wp-content\/uploads\/2024\/01\/ATOM-LOGO-VEKTOREL.jpg","width":2119,"height":1138,"caption":"Atom Makine"},"image":{"@id":"https:\/\/www.atommak.com\/#\/schema\/logo\/image\/"}}]}},"featured_media_urls":[],"_links":{"self":[{"href":"https:\/\/www.atommak.com\/index.php\/wp-json\/wp\/v2\/pages\/1827"}],"collection":[{"href":"https:\/\/www.atommak.com\/index.php\/wp-json\/wp\/v2\/pages"}],"about":[{"href":"https:\/\/www.atommak.com\/index.php\/wp-json\/wp\/v2\/types\/page"}],"author":[{"embeddable":true,"href":"https:\/\/www.atommak.com\/index.php\/wp-json\/wp\/v2\/users\/1"}],"replies":[{"embeddable":true,"href":"https:\/\/www.atommak.com\/index.php\/wp-json\/wp\/v2\/comments?post=1827"}],"version-history":[{"count":37,"href":"https:\/\/www.atommak.com\/index.php\/wp-json\/wp\/v2\/pages\/1827\/revisions"}],"predecessor-version":[{"id":2718,"href":"https:\/\/www.atommak.com\/index.php\/wp-json\/wp\/v2\/pages\/1827\/revisions\/2718"}],"wp:attachment":[{"href":"https:\/\/www.atommak.com\/index.php\/wp-json\/wp\/v2\/media?parent=1827"}],"curies":[{"name":"wp","href":"https:\/\/api.w.org\/{rel}","templated":true}]}}