{"id":1888,"date":"2024-08-03T15:47:01","date_gmt":"2024-08-03T12:47:01","guid":{"rendered":"https:\/\/www.atommak.com\/?page_id=1888"},"modified":"2025-01-01T23:41:29","modified_gmt":"2025-01-01T20:41:29","slug":"magaza-poseti-yumusak-sap-el-gecmeli-takviyeli-torba-makinalari","status":"publish","type":"page","link":"https:\/\/www.atommak.com\/index.php\/magaza-poseti-yumusak-sap-el-gecmeli-takviyeli-torba-makinalari\/","title":{"rendered":"Ma\u011faza Po\u015feti (Yumu\u015fak Sap, El Ge\u00e7meli, Takviyeli Torba) Makinalar\u0131"},"content":{"rendered":"\t\t<div data-elementor-type=\"wp-page\" data-elementor-id=\"1888\" class=\"elementor elementor-1888\" data-elementor-post-type=\"page\">\n\t\t\t\t<div class=\"elementor-element elementor-element-17c3d32 e-grid e-con-boxed e-con e-parent\" data-id=\"17c3d32\" data-element_type=\"container\" data-e-type=\"container\">\n\t\t\t\t\t<div class=\"e-con-inner\">\n\t\t\t\t<div class=\"elementor-element elementor-element-6d611f6 elementor-widget elementor-widget-image\" data-id=\"6d611f6\" data-element_type=\"widget\" data-e-type=\"widget\" data-widget_type=\"image.default\">\n\t\t\t\t<div class=\"elementor-widget-container\">\n\t\t\t\t\t\t\t\t\t\t\t\t<figure class=\"wp-caption\">\n\t\t\t\t\t\t\t\t\t\t<img fetchpriority=\"high\" decoding=\"async\" width=\"800\" height=\"484\" src=\"https:\/\/www.atommak.com\/wp-content\/uploads\/2024\/08\/HM-810SPV-SV.jpg\" class=\"attachment-large size-large wp-image-1890\" alt=\"\" srcset=\"https:\/\/www.atommak.com\/wp-content\/uploads\/2024\/08\/HM-810SPV-SV.jpg 814w, https:\/\/www.atommak.com\/wp-content\/uploads\/2024\/08\/HM-810SPV-SV-300x181.jpg 300w, https:\/\/www.atommak.com\/wp-content\/uploads\/2024\/08\/HM-810SPV-SV-768x464.jpg 768w, https:\/\/www.atommak.com\/wp-content\/uploads\/2024\/08\/HM-810SPV-SV-600x363.jpg 600w\" sizes=\"(max-width: 800px) 100vw, 800px\" \/>\t\t\t\t\t\t\t\t\t\t\t<figcaption class=\"widget-image-caption wp-caption-text\">HM-810SFP-SV \/ 1000SPF-SV \/ 1250 SPF-SV Yumu\u015fak Sapl\u0131 - El Ge\u00e7meli - Takviyeli - B\u00fczg\u00fcl\u00fc Yan Kaynak Torba Makinalar\u0131<\/figcaption>\n\t\t\t\t\t\t\t\t\t\t<\/figure>\n\t\t\t\t\t\t\t\t\t<\/div>\n\t\t\t\t<\/div>\n\t\t\t\t<div class=\"elementor-element elementor-element-d5e5ea1 elementor-widget elementor-widget-image\" data-id=\"d5e5ea1\" data-element_type=\"widget\" data-e-type=\"widget\" data-widget_type=\"image.default\">\n\t\t\t\t<div class=\"elementor-widget-container\">\n\t\t\t\t\t\t\t\t\t\t\t\t<figure class=\"wp-caption\">\n\t\t\t\t\t\t\t\t\t\t<img decoding=\"async\" width=\"756\" height=\"454\" src=\"https:\/\/www.atommak.com\/wp-content\/uploads\/2024\/08\/HM-830MFS-850MF.jpg\" class=\"attachment-large size-large wp-image-1896\" alt=\"\" srcset=\"https:\/\/www.atommak.com\/wp-content\/uploads\/2024\/08\/HM-830MFS-850MF.jpg 756w, https:\/\/www.atommak.com\/wp-content\/uploads\/2024\/08\/HM-830MFS-850MF-300x180.jpg 300w, https:\/\/www.atommak.com\/wp-content\/uploads\/2024\/08\/HM-830MFS-850MF-600x360.jpg 600w\" sizes=\"(max-width: 756px) 100vw, 756px\" \/>\t\t\t\t\t\t\t\t\t\t\t<figcaption class=\"widget-image-caption wp-caption-text\">HM-830MFS \/ HM-850MF S\u00fcper Y\u00fcksek H\u0131zl\u0131 Yumu\u015fak Sap - El Ge\u00e7meli - Yan Kaynak Torba Makinalar\u0131<\/figcaption>\n\t\t\t\t\t\t\t\t\t\t<\/figure>\n\t\t\t\t\t\t\t\t\t<\/div>\n\t\t\t\t<\/div>\n\t\t\t\t<div class=\"elementor-element elementor-element-d0dfe26 elementor-widget elementor-widget-image\" data-id=\"d0dfe26\" data-element_type=\"widget\" data-e-type=\"widget\" data-widget_type=\"image.default\">\n\t\t\t\t<div class=\"elementor-widget-container\">\n\t\t\t\t\t\t\t\t\t\t\t\t<figure class=\"wp-caption\">\n\t\t\t\t\t\t\t\t\t\t<img decoding=\"async\" width=\"800\" height=\"443\" src=\"https:\/\/www.atommak.com\/wp-content\/uploads\/2024\/08\/HM-830MF.jpg\" class=\"attachment-large size-large wp-image-1900\" alt=\"\" srcset=\"https:\/\/www.atommak.com\/wp-content\/uploads\/2024\/08\/HM-830MF.jpg 902w, https:\/\/www.atommak.com\/wp-content\/uploads\/2024\/08\/HM-830MF-300x166.jpg 300w, https:\/\/www.atommak.com\/wp-content\/uploads\/2024\/08\/HM-830MF-768x425.jpg 768w, https:\/\/www.atommak.com\/wp-content\/uploads\/2024\/08\/HM-830MF-600x332.jpg 600w\" sizes=\"(max-width: 800px) 100vw, 800px\" \/>\t\t\t\t\t\t\t\t\t\t\t<figcaption class=\"widget-image-caption wp-caption-text\">HM-830MF Y\u00fcksek H\u0131zl\u0131 Yumu\u015fak Sapl\u0131 - El Ge\u00e7meli Yan Kaynak Torba Makinalar\u0131<\/figcaption>\n\t\t\t\t\t\t\t\t\t\t<\/figure>\n\t\t\t\t\t\t\t\t\t<\/div>\n\t\t\t\t<\/div>\n\t\t\t\t<div class=\"elementor-element elementor-element-b8bbfdf elementor-widget elementor-widget-image\" data-id=\"b8bbfdf\" data-element_type=\"widget\" data-e-type=\"widget\" data-widget_type=\"image.default\">\n\t\t\t\t<div class=\"elementor-widget-container\">\n\t\t\t\t\t\t\t\t\t\t\t\t<figure class=\"wp-caption\">\n\t\t\t\t\t\t\t\t\t\t<img loading=\"lazy\" decoding=\"async\" width=\"800\" height=\"389\" src=\"https:\/\/www.atommak.com\/wp-content\/uploads\/2024\/08\/HM-830MP-1030MP.jpg\" class=\"attachment-large size-large wp-image-1904\" alt=\"\" srcset=\"https:\/\/www.atommak.com\/wp-content\/uploads\/2024\/08\/HM-830MP-1030MP.jpg 823w, https:\/\/www.atommak.com\/wp-content\/uploads\/2024\/08\/HM-830MP-1030MP-300x146.jpg 300w, https:\/\/www.atommak.com\/wp-content\/uploads\/2024\/08\/HM-830MP-1030MP-768x373.jpg 768w, https:\/\/www.atommak.com\/wp-content\/uploads\/2024\/08\/HM-830MP-1030MP-600x292.jpg 600w\" sizes=\"(max-width: 800px) 100vw, 800px\" \/>\t\t\t\t\t\t\t\t\t\t\t<figcaption class=\"widget-image-caption wp-caption-text\">HM-830MP \/ HM-1030MP Y\u00fcksek H\u0131zl\u0131 Takviyeli Yan Kaynak Torba Makinalar\u0131<\/figcaption>\n\t\t\t\t\t\t\t\t\t\t<\/figure>\n\t\t\t\t\t\t\t\t\t<\/div>\n\t\t\t\t<\/div>\n\t\t\t\t<div class=\"elementor-element elementor-element-ab29325 elementor-widget elementor-widget-image\" data-id=\"ab29325\" data-element_type=\"widget\" data-e-type=\"widget\" data-widget_type=\"image.default\">\n\t\t\t\t<div class=\"elementor-widget-container\">\n\t\t\t\t\t\t\t\t\t\t\t\t<figure class=\"wp-caption\">\n\t\t\t\t\t\t\t\t\t\t<img decoding=\"async\" width=\"800\" height=\"443\" src=\"https:\/\/www.atommak.com\/wp-content\/uploads\/2024\/08\/HM-830MF.jpg\" class=\"attachment-large size-large wp-image-1900\" alt=\"\" srcset=\"https:\/\/www.atommak.com\/wp-content\/uploads\/2024\/08\/HM-830MF.jpg 902w, https:\/\/www.atommak.com\/wp-content\/uploads\/2024\/08\/HM-830MF-300x166.jpg 300w, https:\/\/www.atommak.com\/wp-content\/uploads\/2024\/08\/HM-830MF-768x425.jpg 768w, https:\/\/www.atommak.com\/wp-content\/uploads\/2024\/08\/HM-830MF-600x332.jpg 600w\" sizes=\"(max-width: 800px) 100vw, 800px\" \/>\t\t\t\t\t\t\t\t\t\t\t<figcaption class=\"widget-image-caption wp-caption-text\">HM-830MFP \/ HM-1030MFP  Y\u00fcksek H\u0131zl\u0131 - Yumu\u015fak Sapl\u0131 - El Ge\u00e7meli - Takviyeli Yan Kaynak Torba Makinalar\u0131<\/figcaption>\n\t\t\t\t\t\t\t\t\t\t<\/figure>\n\t\t\t\t\t\t\t\t\t<\/div>\n\t\t\t\t<\/div>\n\t\t\t\t\t<\/div>\n\t\t\t\t<\/div>\n\t\t\t\t<\/div>\n\t\t","protected":false},"excerpt":{"rendered":"<p>HM-810SFP-SV \/ 1000SPF-SV \/ 1250 SPF-SV Yumu\u015fak Sapl\u0131 &#8211; El Ge\u00e7meli &#8211; Takviyeli &#8211; B\u00fczg\u00fcl\u00fc Yan Kaynak Torba Makinalar\u0131 HM-830MFS \/ HM-850MF S\u00fcper Y\u00fcksek H\u0131zl\u0131 Yumu\u015fak Sap &#8211; El Ge\u00e7meli &#8211; Yan Kaynak Torba Makinalar\u0131 HM-830MF Y\u00fcksek H\u0131zl\u0131 Yumu\u015fak Sapl\u0131 &#8211; El Ge\u00e7meli Yan Kaynak Torba Makinalar\u0131 HM-830MP \/ HM-1030MP Y\u00fcksek H\u0131zl\u0131 Takviyeli Yan Kaynak [&hellip;]<\/p>\n","protected":false},"author":1,"featured_media":0,"parent":0,"menu_order":0,"comment_status":"closed","ping_status":"closed","template":"","meta":{"_acf_changed":false,"footnotes":""},"class_list":["post-1888","page","type-page","status-publish","hentry"],"acf":[],"yoast_head":"<!-- This site is optimized with the Yoast SEO plugin v25.6 - https:\/\/yoast.com\/wordpress\/plugins\/seo\/ -->\n<title>Ma\u011faza Po\u015feti (Yumu\u015fak Sap, El Ge\u00e7meli, Takviyeli Torba) Makinalar\u0131 - Atom Ambalaj Makineleri Sanayi<\/title>\n<meta name=\"robots\" content=\"index, follow, max-snippet:-1, max-image-preview:large, max-video-preview:-1\" \/>\n<link rel=\"canonical\" href=\"https:\/\/www.atommak.com\/index.php\/magaza-poseti-yumusak-sap-el-gecmeli-takviyeli-torba-makinalari\/\" \/>\n<meta property=\"og:locale\" content=\"tr_TR\" \/>\n<meta property=\"og:type\" content=\"article\" \/>\n<meta property=\"og:title\" content=\"Ma\u011faza Po\u015feti (Yumu\u015fak Sap, El Ge\u00e7meli, Takviyeli Torba) Makinalar\u0131 - Atom Ambalaj Makineleri Sanayi\" \/>\n<meta property=\"og:description\" content=\"HM-810SFP-SV \/ 1000SPF-SV \/ 1250 SPF-SV Yumu\u015fak Sapl\u0131 &#8211; El Ge\u00e7meli &#8211; Takviyeli &#8211; B\u00fczg\u00fcl\u00fc Yan Kaynak Torba Makinalar\u0131 HM-830MFS \/ HM-850MF S\u00fcper Y\u00fcksek H\u0131zl\u0131 Yumu\u015fak Sap &#8211; El Ge\u00e7meli &#8211; Yan Kaynak Torba Makinalar\u0131 HM-830MF Y\u00fcksek H\u0131zl\u0131 Yumu\u015fak Sapl\u0131 &#8211; El Ge\u00e7meli Yan Kaynak Torba Makinalar\u0131 HM-830MP \/ HM-1030MP Y\u00fcksek H\u0131zl\u0131 Takviyeli Yan Kaynak [&hellip;]\" \/>\n<meta property=\"og:url\" content=\"https:\/\/www.atommak.com\/index.php\/magaza-poseti-yumusak-sap-el-gecmeli-takviyeli-torba-makinalari\/\" \/>\n<meta property=\"og:site_name\" content=\"Atom Ambalaj Makineleri Sanayi\" \/>\n<meta property=\"article:modified_time\" content=\"2025-01-01T20:41:29+00:00\" \/>\n<meta property=\"og:image\" content=\"https:\/\/www.atommak.com\/wp-content\/uploads\/2024\/08\/HM-810SPV-SV.jpg\" \/>\n\t<meta property=\"og:image:width\" content=\"814\" \/>\n\t<meta property=\"og:image:height\" content=\"492\" \/>\n\t<meta property=\"og:image:type\" content=\"image\/jpeg\" \/>\n<meta name=\"twitter:card\" content=\"summary_large_image\" \/>\n<meta name=\"twitter:label1\" content=\"Tahmini okuma s\u00fcresi\" \/>\n\t<meta name=\"twitter:data1\" content=\"2 dakika\" \/>\n<script type=\"application\/ld+json\" class=\"yoast-schema-graph\">{\"@context\":\"https:\/\/schema.org\",\"@graph\":[{\"@type\":\"WebPage\",\"@id\":\"https:\/\/www.atommak.com\/index.php\/magaza-poseti-yumusak-sap-el-gecmeli-takviyeli-torba-makinalari\/\",\"url\":\"https:\/\/www.atommak.com\/index.php\/magaza-poseti-yumusak-sap-el-gecmeli-takviyeli-torba-makinalari\/\",\"name\":\"Ma\u011faza Po\u015feti (Yumu\u015fak Sap, El Ge\u00e7meli, Takviyeli Torba) Makinalar\u0131 - Atom Ambalaj Makineleri Sanayi\",\"isPartOf\":{\"@id\":\"https:\/\/www.atommak.com\/#website\"},\"primaryImageOfPage\":{\"@id\":\"https:\/\/www.atommak.com\/index.php\/magaza-poseti-yumusak-sap-el-gecmeli-takviyeli-torba-makinalari\/#primaryimage\"},\"image\":{\"@id\":\"https:\/\/www.atommak.com\/index.php\/magaza-poseti-yumusak-sap-el-gecmeli-takviyeli-torba-makinalari\/#primaryimage\"},\"thumbnailUrl\":\"https:\/\/www.atommak.com\/wp-content\/uploads\/2024\/08\/HM-810SPV-SV.jpg\",\"datePublished\":\"2024-08-03T12:47:01+00:00\",\"dateModified\":\"2025-01-01T20:41:29+00:00\",\"breadcrumb\":{\"@id\":\"https:\/\/www.atommak.com\/index.php\/magaza-poseti-yumusak-sap-el-gecmeli-takviyeli-torba-makinalari\/#breadcrumb\"},\"inLanguage\":\"tr\",\"potentialAction\":[{\"@type\":\"ReadAction\",\"target\":[\"https:\/\/www.atommak.com\/index.php\/magaza-poseti-yumusak-sap-el-gecmeli-takviyeli-torba-makinalari\/\"]}]},{\"@type\":\"ImageObject\",\"inLanguage\":\"tr\",\"@id\":\"https:\/\/www.atommak.com\/index.php\/magaza-poseti-yumusak-sap-el-gecmeli-takviyeli-torba-makinalari\/#primaryimage\",\"url\":\"https:\/\/www.atommak.com\/wp-content\/uploads\/2024\/08\/HM-810SPV-SV.jpg\",\"contentUrl\":\"https:\/\/www.atommak.com\/wp-content\/uploads\/2024\/08\/HM-810SPV-SV.jpg\",\"width\":814,\"height\":492},{\"@type\":\"BreadcrumbList\",\"@id\":\"https:\/\/www.atommak.com\/index.php\/magaza-poseti-yumusak-sap-el-gecmeli-takviyeli-torba-makinalari\/#breadcrumb\",\"itemListElement\":[{\"@type\":\"ListItem\",\"position\":1,\"name\":\"Anasayfa\",\"item\":\"https:\/\/www.atommak.com\/\"},{\"@type\":\"ListItem\",\"position\":2,\"name\":\"Ma\u011faza Po\u015feti (Yumu\u015fak Sap, El Ge\u00e7meli, Takviyeli Torba) Makinalar\u0131\"}]},{\"@type\":\"WebSite\",\"@id\":\"https:\/\/www.atommak.com\/#website\",\"url\":\"https:\/\/www.atommak.com\/\",\"name\":\"Atom Makine\",\"description\":\"Makinelerde G&uuml;ven\",\"publisher\":{\"@id\":\"https:\/\/www.atommak.com\/#organization\"},\"potentialAction\":[{\"@type\":\"SearchAction\",\"target\":{\"@type\":\"EntryPoint\",\"urlTemplate\":\"https:\/\/www.atommak.com\/?s={search_term_string}\"},\"query-input\":{\"@type\":\"PropertyValueSpecification\",\"valueRequired\":true,\"valueName\":\"search_term_string\"}}],\"inLanguage\":\"tr\"},{\"@type\":\"Organization\",\"@id\":\"https:\/\/www.atommak.com\/#organization\",\"name\":\"Atom Makine\",\"url\":\"https:\/\/www.atommak.com\/\",\"logo\":{\"@type\":\"ImageObject\",\"inLanguage\":\"tr\",\"@id\":\"https:\/\/www.atommak.com\/#\/schema\/logo\/image\/\",\"url\":\"https:\/\/www.atommak.com\/wp-content\/uploads\/2024\/01\/ATOM-LOGO-VEKTOREL.jpg\",\"contentUrl\":\"https:\/\/www.atommak.com\/wp-content\/uploads\/2024\/01\/ATOM-LOGO-VEKTOREL.jpg\",\"width\":2119,\"height\":1138,\"caption\":\"Atom Makine\"},\"image\":{\"@id\":\"https:\/\/www.atommak.com\/#\/schema\/logo\/image\/\"}}]}<\/script>\n<!-- \/ Yoast SEO plugin. -->","yoast_head_json":{"title":"Ma\u011faza Po\u015feti (Yumu\u015fak Sap, El Ge\u00e7meli, Takviyeli Torba) Makinalar\u0131 - Atom Ambalaj Makineleri Sanayi","robots":{"index":"index","follow":"follow","max-snippet":"max-snippet:-1","max-image-preview":"max-image-preview:large","max-video-preview":"max-video-preview:-1"},"canonical":"https:\/\/www.atommak.com\/index.php\/magaza-poseti-yumusak-sap-el-gecmeli-takviyeli-torba-makinalari\/","og_locale":"tr_TR","og_type":"article","og_title":"Ma\u011faza Po\u015feti (Yumu\u015fak Sap, El Ge\u00e7meli, Takviyeli Torba) Makinalar\u0131 - Atom Ambalaj Makineleri Sanayi","og_description":"HM-810SFP-SV \/ 1000SPF-SV \/ 1250 SPF-SV Yumu\u015fak Sapl\u0131 &#8211; El Ge\u00e7meli &#8211; Takviyeli &#8211; B\u00fczg\u00fcl\u00fc Yan Kaynak Torba Makinalar\u0131 HM-830MFS \/ HM-850MF S\u00fcper Y\u00fcksek H\u0131zl\u0131 Yumu\u015fak Sap &#8211; El Ge\u00e7meli &#8211; Yan Kaynak Torba Makinalar\u0131 HM-830MF Y\u00fcksek H\u0131zl\u0131 Yumu\u015fak Sapl\u0131 &#8211; El Ge\u00e7meli Yan Kaynak Torba Makinalar\u0131 HM-830MP \/ HM-1030MP Y\u00fcksek H\u0131zl\u0131 Takviyeli Yan Kaynak [&hellip;]","og_url":"https:\/\/www.atommak.com\/index.php\/magaza-poseti-yumusak-sap-el-gecmeli-takviyeli-torba-makinalari\/","og_site_name":"Atom Ambalaj Makineleri Sanayi","article_modified_time":"2025-01-01T20:41:29+00:00","og_image":[{"width":814,"height":492,"url":"https:\/\/www.atommak.com\/wp-content\/uploads\/2024\/08\/HM-810SPV-SV.jpg","type":"image\/jpeg"}],"twitter_card":"summary_large_image","twitter_misc":{"Tahmini okuma s\u00fcresi":"2 dakika"},"schema":{"@context":"https:\/\/schema.org","@graph":[{"@type":"WebPage","@id":"https:\/\/www.atommak.com\/index.php\/magaza-poseti-yumusak-sap-el-gecmeli-takviyeli-torba-makinalari\/","url":"https:\/\/www.atommak.com\/index.php\/magaza-poseti-yumusak-sap-el-gecmeli-takviyeli-torba-makinalari\/","name":"Ma\u011faza Po\u015feti (Yumu\u015fak Sap, El Ge\u00e7meli, Takviyeli Torba) Makinalar\u0131 - Atom Ambalaj Makineleri Sanayi","isPartOf":{"@id":"https:\/\/www.atommak.com\/#website"},"primaryImageOfPage":{"@id":"https:\/\/www.atommak.com\/index.php\/magaza-poseti-yumusak-sap-el-gecmeli-takviyeli-torba-makinalari\/#primaryimage"},"image":{"@id":"https:\/\/www.atommak.com\/index.php\/magaza-poseti-yumusak-sap-el-gecmeli-takviyeli-torba-makinalari\/#primaryimage"},"thumbnailUrl":"https:\/\/www.atommak.com\/wp-content\/uploads\/2024\/08\/HM-810SPV-SV.jpg","datePublished":"2024-08-03T12:47:01+00:00","dateModified":"2025-01-01T20:41:29+00:00","breadcrumb":{"@id":"https:\/\/www.atommak.com\/index.php\/magaza-poseti-yumusak-sap-el-gecmeli-takviyeli-torba-makinalari\/#breadcrumb"},"inLanguage":"tr","potentialAction":[{"@type":"ReadAction","target":["https:\/\/www.atommak.com\/index.php\/magaza-poseti-yumusak-sap-el-gecmeli-takviyeli-torba-makinalari\/"]}]},{"@type":"ImageObject","inLanguage":"tr","@id":"https:\/\/www.atommak.com\/index.php\/magaza-poseti-yumusak-sap-el-gecmeli-takviyeli-torba-makinalari\/#primaryimage","url":"https:\/\/www.atommak.com\/wp-content\/uploads\/2024\/08\/HM-810SPV-SV.jpg","contentUrl":"https:\/\/www.atommak.com\/wp-content\/uploads\/2024\/08\/HM-810SPV-SV.jpg","width":814,"height":492},{"@type":"BreadcrumbList","@id":"https:\/\/www.atommak.com\/index.php\/magaza-poseti-yumusak-sap-el-gecmeli-takviyeli-torba-makinalari\/#breadcrumb","itemListElement":[{"@type":"ListItem","position":1,"name":"Anasayfa","item":"https:\/\/www.atommak.com\/"},{"@type":"ListItem","position":2,"name":"Ma\u011faza Po\u015feti (Yumu\u015fak Sap, El Ge\u00e7meli, Takviyeli Torba) Makinalar\u0131"}]},{"@type":"WebSite","@id":"https:\/\/www.atommak.com\/#website","url":"https:\/\/www.atommak.com\/","name":"Atom Makine","description":"Makinelerde G&uuml;ven","publisher":{"@id":"https:\/\/www.atommak.com\/#organization"},"potentialAction":[{"@type":"SearchAction","target":{"@type":"EntryPoint","urlTemplate":"https:\/\/www.atommak.com\/?s={search_term_string}"},"query-input":{"@type":"PropertyValueSpecification","valueRequired":true,"valueName":"search_term_string"}}],"inLanguage":"tr"},{"@type":"Organization","@id":"https:\/\/www.atommak.com\/#organization","name":"Atom Makine","url":"https:\/\/www.atommak.com\/","logo":{"@type":"ImageObject","inLanguage":"tr","@id":"https:\/\/www.atommak.com\/#\/schema\/logo\/image\/","url":"https:\/\/www.atommak.com\/wp-content\/uploads\/2024\/01\/ATOM-LOGO-VEKTOREL.jpg","contentUrl":"https:\/\/www.atommak.com\/wp-content\/uploads\/2024\/01\/ATOM-LOGO-VEKTOREL.jpg","width":2119,"height":1138,"caption":"Atom Makine"},"image":{"@id":"https:\/\/www.atommak.com\/#\/schema\/logo\/image\/"}}]}},"featured_media_urls":[],"_links":{"self":[{"href":"https:\/\/www.atommak.com\/index.php\/wp-json\/wp\/v2\/pages\/1888"}],"collection":[{"href":"https:\/\/www.atommak.com\/index.php\/wp-json\/wp\/v2\/pages"}],"about":[{"href":"https:\/\/www.atommak.com\/index.php\/wp-json\/wp\/v2\/types\/page"}],"author":[{"embeddable":true,"href":"https:\/\/www.atommak.com\/index.php\/wp-json\/wp\/v2\/users\/1"}],"replies":[{"embeddable":true,"href":"https:\/\/www.atommak.com\/index.php\/wp-json\/wp\/v2\/comments?post=1888"}],"version-history":[{"count":18,"href":"https:\/\/www.atommak.com\/index.php\/wp-json\/wp\/v2\/pages\/1888\/revisions"}],"predecessor-version":[{"id":2728,"href":"https:\/\/www.atommak.com\/index.php\/wp-json\/wp\/v2\/pages\/1888\/revisions\/2728"}],"wp:attachment":[{"href":"https:\/\/www.atommak.com\/index.php\/wp-json\/wp\/v2\/media?parent=1888"}],"curies":[{"name":"wp","href":"https:\/\/api.w.org\/{rel}","templated":true}]}}