{"id":1963,"date":"2024-08-04T14:15:42","date_gmt":"2024-08-04T11:15:42","guid":{"rendered":"https:\/\/www.atommak.com\/?page_id=1963"},"modified":"2025-01-01T21:47:35","modified_gmt":"2025-01-01T18:47:35","slug":"durum-alti-plas-kagit-eczane-buzdolabi-sarkuteri-bakliyat-gomlek-cop-torba-makinalari","status":"publish","type":"page","link":"https:\/\/www.atommak.com\/index.php\/durum-alti-plas-kagit-eczane-buzdolabi-sarkuteri-bakliyat-gomlek-cop-torba-makinalari\/","title":{"rendered":"D\u00fcr\u00fcm Alt\u0131 \/ Buzdolab\u0131 \/ Plas Ka\u011f\u0131t \/ Eczane \/ \u015eark\u00fcteri \/ Bakliyat \/ D\u00fcz \u00c7\u00f6p Torba Makinalar\u0131"},"content":{"rendered":"\t\t<div data-elementor-type=\"wp-page\" data-elementor-id=\"1963\" class=\"elementor elementor-1963\" data-elementor-post-type=\"page\">\n\t\t\t\t<div class=\"elementor-element elementor-element-58bcfbf e-grid e-con-boxed e-con e-parent\" data-id=\"58bcfbf\" data-element_type=\"container\" data-e-type=\"container\">\n\t\t\t\t\t<div class=\"e-con-inner\">\n\t\t\t\t<div class=\"elementor-element elementor-element-a789795 elementor-widget elementor-widget-image\" data-id=\"a789795\" data-element_type=\"widget\" data-e-type=\"widget\" data-widget_type=\"image.default\">\n\t\t\t\t<div class=\"elementor-widget-container\">\n\t\t\t\t\t\t\t\t\t\t\t\t<figure class=\"wp-caption\">\n\t\t\t\t\t\t\t\t\t\t<img fetchpriority=\"high\" decoding=\"async\" width=\"800\" height=\"256\" src=\"https:\/\/www.atommak.com\/wp-content\/uploads\/2024\/08\/HM-1100C5-1024x328.jpg\" class=\"attachment-large size-large wp-image-1965\" alt=\"\" srcset=\"https:\/\/www.atommak.com\/wp-content\/uploads\/2024\/08\/HM-1100C5-1024x328.jpg 1024w, https:\/\/www.atommak.com\/wp-content\/uploads\/2024\/08\/HM-1100C5-300x96.jpg 300w, https:\/\/www.atommak.com\/wp-content\/uploads\/2024\/08\/HM-1100C5-768x246.jpg 768w, https:\/\/www.atommak.com\/wp-content\/uploads\/2024\/08\/HM-1100C5-1536x492.jpg 1536w, https:\/\/www.atommak.com\/wp-content\/uploads\/2024\/08\/HM-1100C5-2048x656.jpg 2048w, https:\/\/www.atommak.com\/wp-content\/uploads\/2024\/08\/HM-1100C5-600x192.jpg 600w\" sizes=\"(max-width: 800px) 100vw, 800px\" \/>\t\t\t\t\t\t\t\t\t\t\t<figcaption class=\"widget-image-caption wp-caption-text\">HM-1100C5 D\u00fcr\u00fcm Alt\u0131 \/ Buzdolab\u0131 \/ Bakliyat \/ \u015eark\u00fcteri \/ Eczane \/ D\u00fcz \u00c7\u00f6p Torba Makinalar\u0131 (5 Hat Dilimlemeli - Bloklu - Perforeli - Robotlu)<\/figcaption>\n\t\t\t\t\t\t\t\t\t\t<\/figure>\n\t\t\t\t\t\t\t\t\t<\/div>\n\t\t\t\t<\/div>\n\t\t\t\t<div class=\"elementor-element elementor-element-ed9a0d3 elementor-widget elementor-widget-image\" data-id=\"ed9a0d3\" data-element_type=\"widget\" data-e-type=\"widget\" data-widget_type=\"image.default\">\n\t\t\t\t<div class=\"elementor-widget-container\">\n\t\t\t\t\t\t\t\t\t\t\t\t<figure class=\"wp-caption\">\n\t\t\t\t\t\t\t\t\t\t<img decoding=\"async\" width=\"800\" height=\"483\" src=\"https:\/\/www.atommak.com\/wp-content\/uploads\/2024\/08\/HM-1100CT3.jpg\" class=\"attachment-large size-large wp-image-1967\" alt=\"\" srcset=\"https:\/\/www.atommak.com\/wp-content\/uploads\/2024\/08\/HM-1100CT3.jpg 868w, https:\/\/www.atommak.com\/wp-content\/uploads\/2024\/08\/HM-1100CT3-300x181.jpg 300w, https:\/\/www.atommak.com\/wp-content\/uploads\/2024\/08\/HM-1100CT3-768x464.jpg 768w, https:\/\/www.atommak.com\/wp-content\/uploads\/2024\/08\/HM-1100CT3-600x362.jpg 600w\" sizes=\"(max-width: 800px) 100vw, 800px\" \/>\t\t\t\t\t\t\t\t\t\t\t<figcaption class=\"widget-image-caption wp-caption-text\">HM-1100CT3 S\u00fcper Y\u00fcksek H\u0131zl\u0131 Atlet Po\u015fet \/ El Ge\u00e7meli \/ Yan K\u00f6r\u00fckl\u00fc Torba Makinalar\u0131 (3 Hat Dilimlemeli - Bloklu - Perforeli)<\/figcaption>\n\t\t\t\t\t\t\t\t\t\t<\/figure>\n\t\t\t\t\t\t\t\t\t<\/div>\n\t\t\t\t<\/div>\n\t\t\t\t<div class=\"elementor-element elementor-element-1cbe2f5 elementor-widget elementor-widget-image\" data-id=\"1cbe2f5\" data-element_type=\"widget\" data-e-type=\"widget\" data-widget_type=\"image.default\">\n\t\t\t\t<div class=\"elementor-widget-container\">\n\t\t\t\t\t\t\t\t\t\t\t\t<figure class=\"wp-caption\">\n\t\t\t\t\t\t\t\t\t\t<img decoding=\"async\" width=\"800\" height=\"441\" src=\"https:\/\/www.atommak.com\/wp-content\/uploads\/2024\/08\/HM-1100B5-1024x565.jpg\" class=\"attachment-large size-large wp-image-1971\" alt=\"\" srcset=\"https:\/\/www.atommak.com\/wp-content\/uploads\/2024\/08\/HM-1100B5-1024x565.jpg 1024w, https:\/\/www.atommak.com\/wp-content\/uploads\/2024\/08\/HM-1100B5-300x166.jpg 300w, https:\/\/www.atommak.com\/wp-content\/uploads\/2024\/08\/HM-1100B5-768x424.jpg 768w, https:\/\/www.atommak.com\/wp-content\/uploads\/2024\/08\/HM-1100B5-600x331.jpg 600w, https:\/\/www.atommak.com\/wp-content\/uploads\/2024\/08\/HM-1100B5.jpg 1080w\" sizes=\"(max-width: 800px) 100vw, 800px\" \/>\t\t\t\t\t\t\t\t\t\t\t<figcaption class=\"widget-image-caption wp-caption-text\">HM-1100B5 D\u00fcr\u00fcm Alt\u0131 \/Buzdolab\u0131\/ Bakliyat \/ \u015eark\u00fcteri \/ D\u00fcz \u00c7\u00f6p Torba Makinalar\u0131 (5 Hat Dilimlemeli)<\/figcaption>\n\t\t\t\t\t\t\t\t\t\t<\/figure>\n\t\t\t\t\t\t\t\t\t<\/div>\n\t\t\t\t<\/div>\n\t\t\t\t\t<\/div>\n\t\t\t\t<\/div>\n\t\t\t\t<\/div>\n\t\t","protected":false},"excerpt":{"rendered":"<p>HM-1100C5 D\u00fcr\u00fcm Alt\u0131 \/ Buzdolab\u0131 \/ Bakliyat \/ \u015eark\u00fcteri \/ Eczane \/ D\u00fcz \u00c7\u00f6p Torba Makinalar\u0131 (5 Hat Dilimlemeli &#8211; Bloklu &#8211; Perforeli &#8211; Robotlu) HM-1100CT3 S\u00fcper Y\u00fcksek H\u0131zl\u0131 Atlet Po\u015fet \/ El Ge\u00e7meli \/ Yan K\u00f6r\u00fckl\u00fc Torba Makinalar\u0131 (3 Hat Dilimlemeli &#8211; Bloklu &#8211; Perforeli) HM-1100B5 D\u00fcr\u00fcm Alt\u0131 \/Buzdolab\u0131\/ Bakliyat \/ \u015eark\u00fcteri \/ D\u00fcz [&hellip;]<\/p>\n","protected":false},"author":1,"featured_media":0,"parent":0,"menu_order":0,"comment_status":"closed","ping_status":"closed","template":"","meta":{"_acf_changed":false,"footnotes":""},"class_list":["post-1963","page","type-page","status-publish","hentry"],"acf":[],"yoast_head":"<!-- This site is optimized with the Yoast SEO plugin v25.6 - https:\/\/yoast.com\/wordpress\/plugins\/seo\/ -->\n<title>D\u00fcr\u00fcm Alt\u0131 \/ Buzdolab\u0131 \/ Plas Ka\u011f\u0131t \/ Eczane \/ \u015eark\u00fcteri \/ Bakliyat \/ D\u00fcz \u00c7\u00f6p Torba Makinalar\u0131 - Atom Ambalaj Makineleri Sanayi<\/title>\n<meta name=\"robots\" content=\"index, follow, max-snippet:-1, max-image-preview:large, max-video-preview:-1\" \/>\n<link rel=\"canonical\" href=\"https:\/\/www.atommak.com\/index.php\/durum-alti-plas-kagit-eczane-buzdolabi-sarkuteri-bakliyat-gomlek-cop-torba-makinalari\/\" \/>\n<meta property=\"og:locale\" content=\"tr_TR\" \/>\n<meta property=\"og:type\" content=\"article\" \/>\n<meta property=\"og:title\" content=\"D\u00fcr\u00fcm Alt\u0131 \/ Buzdolab\u0131 \/ Plas Ka\u011f\u0131t \/ Eczane \/ \u015eark\u00fcteri \/ Bakliyat \/ D\u00fcz \u00c7\u00f6p Torba Makinalar\u0131 - Atom Ambalaj Makineleri Sanayi\" \/>\n<meta property=\"og:description\" content=\"HM-1100C5 D\u00fcr\u00fcm Alt\u0131 \/ Buzdolab\u0131 \/ Bakliyat \/ \u015eark\u00fcteri \/ Eczane \/ D\u00fcz \u00c7\u00f6p Torba Makinalar\u0131 (5 Hat Dilimlemeli &#8211; Bloklu &#8211; Perforeli &#8211; Robotlu) HM-1100CT3 S\u00fcper Y\u00fcksek H\u0131zl\u0131 Atlet Po\u015fet \/ El Ge\u00e7meli \/ Yan K\u00f6r\u00fckl\u00fc Torba Makinalar\u0131 (3 Hat Dilimlemeli &#8211; Bloklu &#8211; Perforeli) HM-1100B5 D\u00fcr\u00fcm Alt\u0131 \/Buzdolab\u0131\/ Bakliyat \/ \u015eark\u00fcteri \/ D\u00fcz [&hellip;]\" \/>\n<meta property=\"og:url\" content=\"https:\/\/www.atommak.com\/index.php\/durum-alti-plas-kagit-eczane-buzdolabi-sarkuteri-bakliyat-gomlek-cop-torba-makinalari\/\" \/>\n<meta property=\"og:site_name\" content=\"Atom Ambalaj Makineleri Sanayi\" \/>\n<meta property=\"article:modified_time\" content=\"2025-01-01T18:47:35+00:00\" \/>\n<meta property=\"og:image\" content=\"https:\/\/www.atommak.com\/wp-content\/uploads\/2024\/08\/HM-1100C5-1024x328.jpg\" \/>\n<meta name=\"twitter:card\" content=\"summary_large_image\" \/>\n<meta name=\"twitter:label1\" content=\"Tahmini okuma s\u00fcresi\" \/>\n\t<meta name=\"twitter:data1\" content=\"1 dakika\" \/>\n<script type=\"application\/ld+json\" class=\"yoast-schema-graph\">{\"@context\":\"https:\/\/schema.org\",\"@graph\":[{\"@type\":\"WebPage\",\"@id\":\"https:\/\/www.atommak.com\/index.php\/durum-alti-plas-kagit-eczane-buzdolabi-sarkuteri-bakliyat-gomlek-cop-torba-makinalari\/\",\"url\":\"https:\/\/www.atommak.com\/index.php\/durum-alti-plas-kagit-eczane-buzdolabi-sarkuteri-bakliyat-gomlek-cop-torba-makinalari\/\",\"name\":\"D\u00fcr\u00fcm Alt\u0131 \/ Buzdolab\u0131 \/ Plas Ka\u011f\u0131t \/ Eczane \/ \u015eark\u00fcteri \/ Bakliyat \/ D\u00fcz \u00c7\u00f6p Torba Makinalar\u0131 - Atom Ambalaj Makineleri Sanayi\",\"isPartOf\":{\"@id\":\"https:\/\/www.atommak.com\/#website\"},\"primaryImageOfPage\":{\"@id\":\"https:\/\/www.atommak.com\/index.php\/durum-alti-plas-kagit-eczane-buzdolabi-sarkuteri-bakliyat-gomlek-cop-torba-makinalari\/#primaryimage\"},\"image\":{\"@id\":\"https:\/\/www.atommak.com\/index.php\/durum-alti-plas-kagit-eczane-buzdolabi-sarkuteri-bakliyat-gomlek-cop-torba-makinalari\/#primaryimage\"},\"thumbnailUrl\":\"https:\/\/www.atommak.com\/wp-content\/uploads\/2024\/08\/HM-1100C5-1024x328.jpg\",\"datePublished\":\"2024-08-04T11:15:42+00:00\",\"dateModified\":\"2025-01-01T18:47:35+00:00\",\"breadcrumb\":{\"@id\":\"https:\/\/www.atommak.com\/index.php\/durum-alti-plas-kagit-eczane-buzdolabi-sarkuteri-bakliyat-gomlek-cop-torba-makinalari\/#breadcrumb\"},\"inLanguage\":\"tr\",\"potentialAction\":[{\"@type\":\"ReadAction\",\"target\":[\"https:\/\/www.atommak.com\/index.php\/durum-alti-plas-kagit-eczane-buzdolabi-sarkuteri-bakliyat-gomlek-cop-torba-makinalari\/\"]}]},{\"@type\":\"ImageObject\",\"inLanguage\":\"tr\",\"@id\":\"https:\/\/www.atommak.com\/index.php\/durum-alti-plas-kagit-eczane-buzdolabi-sarkuteri-bakliyat-gomlek-cop-torba-makinalari\/#primaryimage\",\"url\":\"https:\/\/www.atommak.com\/wp-content\/uploads\/2024\/08\/HM-1100C5-scaled.jpg\",\"contentUrl\":\"https:\/\/www.atommak.com\/wp-content\/uploads\/2024\/08\/HM-1100C5-scaled.jpg\",\"width\":2560,\"height\":820},{\"@type\":\"BreadcrumbList\",\"@id\":\"https:\/\/www.atommak.com\/index.php\/durum-alti-plas-kagit-eczane-buzdolabi-sarkuteri-bakliyat-gomlek-cop-torba-makinalari\/#breadcrumb\",\"itemListElement\":[{\"@type\":\"ListItem\",\"position\":1,\"name\":\"Anasayfa\",\"item\":\"https:\/\/www.atommak.com\/\"},{\"@type\":\"ListItem\",\"position\":2,\"name\":\"D\u00fcr\u00fcm Alt\u0131 \/ Buzdolab\u0131 \/ Plas Ka\u011f\u0131t \/ Eczane \/ \u015eark\u00fcteri \/ Bakliyat \/ D\u00fcz \u00c7\u00f6p Torba Makinalar\u0131\"}]},{\"@type\":\"WebSite\",\"@id\":\"https:\/\/www.atommak.com\/#website\",\"url\":\"https:\/\/www.atommak.com\/\",\"name\":\"Atom Makine\",\"description\":\"Makinelerde G&uuml;ven\",\"publisher\":{\"@id\":\"https:\/\/www.atommak.com\/#organization\"},\"potentialAction\":[{\"@type\":\"SearchAction\",\"target\":{\"@type\":\"EntryPoint\",\"urlTemplate\":\"https:\/\/www.atommak.com\/?s={search_term_string}\"},\"query-input\":{\"@type\":\"PropertyValueSpecification\",\"valueRequired\":true,\"valueName\":\"search_term_string\"}}],\"inLanguage\":\"tr\"},{\"@type\":\"Organization\",\"@id\":\"https:\/\/www.atommak.com\/#organization\",\"name\":\"Atom Makine\",\"url\":\"https:\/\/www.atommak.com\/\",\"logo\":{\"@type\":\"ImageObject\",\"inLanguage\":\"tr\",\"@id\":\"https:\/\/www.atommak.com\/#\/schema\/logo\/image\/\",\"url\":\"https:\/\/www.atommak.com\/wp-content\/uploads\/2024\/01\/ATOM-LOGO-VEKTOREL.jpg\",\"contentUrl\":\"https:\/\/www.atommak.com\/wp-content\/uploads\/2024\/01\/ATOM-LOGO-VEKTOREL.jpg\",\"width\":2119,\"height\":1138,\"caption\":\"Atom Makine\"},\"image\":{\"@id\":\"https:\/\/www.atommak.com\/#\/schema\/logo\/image\/\"}}]}<\/script>\n<!-- \/ Yoast SEO plugin. -->","yoast_head_json":{"title":"D\u00fcr\u00fcm Alt\u0131 \/ Buzdolab\u0131 \/ Plas Ka\u011f\u0131t \/ Eczane \/ \u015eark\u00fcteri \/ Bakliyat \/ D\u00fcz \u00c7\u00f6p Torba Makinalar\u0131 - Atom Ambalaj Makineleri Sanayi","robots":{"index":"index","follow":"follow","max-snippet":"max-snippet:-1","max-image-preview":"max-image-preview:large","max-video-preview":"max-video-preview:-1"},"canonical":"https:\/\/www.atommak.com\/index.php\/durum-alti-plas-kagit-eczane-buzdolabi-sarkuteri-bakliyat-gomlek-cop-torba-makinalari\/","og_locale":"tr_TR","og_type":"article","og_title":"D\u00fcr\u00fcm Alt\u0131 \/ Buzdolab\u0131 \/ Plas Ka\u011f\u0131t \/ Eczane \/ \u015eark\u00fcteri \/ Bakliyat \/ D\u00fcz \u00c7\u00f6p Torba Makinalar\u0131 - Atom Ambalaj Makineleri Sanayi","og_description":"HM-1100C5 D\u00fcr\u00fcm Alt\u0131 \/ Buzdolab\u0131 \/ Bakliyat \/ \u015eark\u00fcteri \/ Eczane \/ D\u00fcz \u00c7\u00f6p Torba Makinalar\u0131 (5 Hat Dilimlemeli &#8211; Bloklu &#8211; Perforeli &#8211; Robotlu) HM-1100CT3 S\u00fcper Y\u00fcksek H\u0131zl\u0131 Atlet Po\u015fet \/ El Ge\u00e7meli \/ Yan K\u00f6r\u00fckl\u00fc Torba Makinalar\u0131 (3 Hat Dilimlemeli &#8211; Bloklu &#8211; Perforeli) HM-1100B5 D\u00fcr\u00fcm Alt\u0131 \/Buzdolab\u0131\/ Bakliyat \/ \u015eark\u00fcteri \/ D\u00fcz [&hellip;]","og_url":"https:\/\/www.atommak.com\/index.php\/durum-alti-plas-kagit-eczane-buzdolabi-sarkuteri-bakliyat-gomlek-cop-torba-makinalari\/","og_site_name":"Atom Ambalaj Makineleri Sanayi","article_modified_time":"2025-01-01T18:47:35+00:00","og_image":[{"url":"https:\/\/www.atommak.com\/wp-content\/uploads\/2024\/08\/HM-1100C5-1024x328.jpg","type":"","width":"","height":""}],"twitter_card":"summary_large_image","twitter_misc":{"Tahmini okuma s\u00fcresi":"1 dakika"},"schema":{"@context":"https:\/\/schema.org","@graph":[{"@type":"WebPage","@id":"https:\/\/www.atommak.com\/index.php\/durum-alti-plas-kagit-eczane-buzdolabi-sarkuteri-bakliyat-gomlek-cop-torba-makinalari\/","url":"https:\/\/www.atommak.com\/index.php\/durum-alti-plas-kagit-eczane-buzdolabi-sarkuteri-bakliyat-gomlek-cop-torba-makinalari\/","name":"D\u00fcr\u00fcm Alt\u0131 \/ Buzdolab\u0131 \/ Plas Ka\u011f\u0131t \/ Eczane \/ \u015eark\u00fcteri \/ Bakliyat \/ D\u00fcz \u00c7\u00f6p Torba Makinalar\u0131 - Atom Ambalaj Makineleri Sanayi","isPartOf":{"@id":"https:\/\/www.atommak.com\/#website"},"primaryImageOfPage":{"@id":"https:\/\/www.atommak.com\/index.php\/durum-alti-plas-kagit-eczane-buzdolabi-sarkuteri-bakliyat-gomlek-cop-torba-makinalari\/#primaryimage"},"image":{"@id":"https:\/\/www.atommak.com\/index.php\/durum-alti-plas-kagit-eczane-buzdolabi-sarkuteri-bakliyat-gomlek-cop-torba-makinalari\/#primaryimage"},"thumbnailUrl":"https:\/\/www.atommak.com\/wp-content\/uploads\/2024\/08\/HM-1100C5-1024x328.jpg","datePublished":"2024-08-04T11:15:42+00:00","dateModified":"2025-01-01T18:47:35+00:00","breadcrumb":{"@id":"https:\/\/www.atommak.com\/index.php\/durum-alti-plas-kagit-eczane-buzdolabi-sarkuteri-bakliyat-gomlek-cop-torba-makinalari\/#breadcrumb"},"inLanguage":"tr","potentialAction":[{"@type":"ReadAction","target":["https:\/\/www.atommak.com\/index.php\/durum-alti-plas-kagit-eczane-buzdolabi-sarkuteri-bakliyat-gomlek-cop-torba-makinalari\/"]}]},{"@type":"ImageObject","inLanguage":"tr","@id":"https:\/\/www.atommak.com\/index.php\/durum-alti-plas-kagit-eczane-buzdolabi-sarkuteri-bakliyat-gomlek-cop-torba-makinalari\/#primaryimage","url":"https:\/\/www.atommak.com\/wp-content\/uploads\/2024\/08\/HM-1100C5-scaled.jpg","contentUrl":"https:\/\/www.atommak.com\/wp-content\/uploads\/2024\/08\/HM-1100C5-scaled.jpg","width":2560,"height":820},{"@type":"BreadcrumbList","@id":"https:\/\/www.atommak.com\/index.php\/durum-alti-plas-kagit-eczane-buzdolabi-sarkuteri-bakliyat-gomlek-cop-torba-makinalari\/#breadcrumb","itemListElement":[{"@type":"ListItem","position":1,"name":"Anasayfa","item":"https:\/\/www.atommak.com\/"},{"@type":"ListItem","position":2,"name":"D\u00fcr\u00fcm Alt\u0131 \/ Buzdolab\u0131 \/ Plas Ka\u011f\u0131t \/ Eczane \/ \u015eark\u00fcteri \/ Bakliyat \/ D\u00fcz \u00c7\u00f6p Torba Makinalar\u0131"}]},{"@type":"WebSite","@id":"https:\/\/www.atommak.com\/#website","url":"https:\/\/www.atommak.com\/","name":"Atom Makine","description":"Makinelerde G&uuml;ven","publisher":{"@id":"https:\/\/www.atommak.com\/#organization"},"potentialAction":[{"@type":"SearchAction","target":{"@type":"EntryPoint","urlTemplate":"https:\/\/www.atommak.com\/?s={search_term_string}"},"query-input":{"@type":"PropertyValueSpecification","valueRequired":true,"valueName":"search_term_string"}}],"inLanguage":"tr"},{"@type":"Organization","@id":"https:\/\/www.atommak.com\/#organization","name":"Atom Makine","url":"https:\/\/www.atommak.com\/","logo":{"@type":"ImageObject","inLanguage":"tr","@id":"https:\/\/www.atommak.com\/#\/schema\/logo\/image\/","url":"https:\/\/www.atommak.com\/wp-content\/uploads\/2024\/01\/ATOM-LOGO-VEKTOREL.jpg","contentUrl":"https:\/\/www.atommak.com\/wp-content\/uploads\/2024\/01\/ATOM-LOGO-VEKTOREL.jpg","width":2119,"height":1138,"caption":"Atom Makine"},"image":{"@id":"https:\/\/www.atommak.com\/#\/schema\/logo\/image\/"}}]}},"featured_media_urls":[],"_links":{"self":[{"href":"https:\/\/www.atommak.com\/index.php\/wp-json\/wp\/v2\/pages\/1963"}],"collection":[{"href":"https:\/\/www.atommak.com\/index.php\/wp-json\/wp\/v2\/pages"}],"about":[{"href":"https:\/\/www.atommak.com\/index.php\/wp-json\/wp\/v2\/types\/page"}],"author":[{"embeddable":true,"href":"https:\/\/www.atommak.com\/index.php\/wp-json\/wp\/v2\/users\/1"}],"replies":[{"embeddable":true,"href":"https:\/\/www.atommak.com\/index.php\/wp-json\/wp\/v2\/comments?post=1963"}],"version-history":[{"count":14,"href":"https:\/\/www.atommak.com\/index.php\/wp-json\/wp\/v2\/pages\/1963\/revisions"}],"predecessor-version":[{"id":2702,"href":"https:\/\/www.atommak.com\/index.php\/wp-json\/wp\/v2\/pages\/1963\/revisions\/2702"}],"wp:attachment":[{"href":"https:\/\/www.atommak.com\/index.php\/wp-json\/wp\/v2\/media?parent=1963"}],"curies":[{"name":"wp","href":"https:\/\/api.w.org\/{rel}","templated":true}]}}