{"id":2946,"date":"2025-08-06T22:05:07","date_gmt":"2025-08-06T19:05:07","guid":{"rendered":"https:\/\/www.atommak.com\/?page_id=2946"},"modified":"2026-02-10T17:31:50","modified_gmt":"2026-02-10T14:31:50","slug":"ruizhi-kagit-torba-makinalari","status":"publish","type":"page","link":"https:\/\/www.atommak.com\/index.php\/ruizhi-kagit-torba-makinalari\/","title":{"rendered":"RUIZHI &#8211; MTED KA\u011eIT \/ KRAFT TORBA MAK\u0130NALARI"},"content":{"rendered":"\t\t<div data-elementor-type=\"wp-page\" data-elementor-id=\"2946\" class=\"elementor elementor-2946\" data-elementor-post-type=\"page\">\n\t\t\t\t<div class=\"elementor-element elementor-element-2bac027 e-flex e-con-boxed e-con e-parent\" data-id=\"2bac027\" data-element_type=\"container\" data-e-type=\"container\">\n\t\t\t\t\t<div class=\"e-con-inner\">\n\t\t\t\t<div class=\"elementor-element elementor-element-3eecafe elementor-widget elementor-widget-image\" data-id=\"3eecafe\" data-element_type=\"widget\" data-e-type=\"widget\" data-widget_type=\"image.default\">\n\t\t\t\t<div class=\"elementor-widget-container\">\n\t\t\t\t\t\t\t\t\t\t\t\t\t\t\t<img fetchpriority=\"high\" decoding=\"async\" width=\"2655\" height=\"1050\" src=\"https:\/\/www.atommak.com\/wp-content\/uploads\/2025\/08\/RUIZHI-PAPER-BAG-MACHINES.png\" class=\"attachment-full size-full wp-image-2958\" alt=\"\" srcset=\"https:\/\/www.atommak.com\/wp-content\/uploads\/2025\/08\/RUIZHI-PAPER-BAG-MACHINES.png 2655w, https:\/\/www.atommak.com\/wp-content\/uploads\/2025\/08\/RUIZHI-PAPER-BAG-MACHINES-300x119.png 300w, https:\/\/www.atommak.com\/wp-content\/uploads\/2025\/08\/RUIZHI-PAPER-BAG-MACHINES-1024x405.png 1024w, https:\/\/www.atommak.com\/wp-content\/uploads\/2025\/08\/RUIZHI-PAPER-BAG-MACHINES-768x304.png 768w, https:\/\/www.atommak.com\/wp-content\/uploads\/2025\/08\/RUIZHI-PAPER-BAG-MACHINES-1536x607.png 1536w, https:\/\/www.atommak.com\/wp-content\/uploads\/2025\/08\/RUIZHI-PAPER-BAG-MACHINES-2048x810.png 2048w, https:\/\/www.atommak.com\/wp-content\/uploads\/2025\/08\/RUIZHI-PAPER-BAG-MACHINES-600x237.png 600w\" sizes=\"(max-width: 2655px) 100vw, 2655px\" \/>\t\t\t\t\t\t\t\t\t\t\t\t\t\t\t<\/div>\n\t\t\t\t<\/div>\n\t\t\t\t\t<\/div>\n\t\t\t\t<\/div>\n\t\t\t\t<\/div>\n\t\t","protected":false},"excerpt":{"rendered":"","protected":false},"author":1,"featured_media":0,"parent":0,"menu_order":0,"comment_status":"closed","ping_status":"closed","template":"","meta":{"_acf_changed":false,"footnotes":""},"class_list":["post-2946","page","type-page","status-publish","hentry"],"acf":[],"yoast_head":"<!-- This site is optimized with the Yoast SEO plugin v25.6 - https:\/\/yoast.com\/wordpress\/plugins\/seo\/ -->\n<title>RUIZHI - MTED KA\u011eIT \/ KRAFT TORBA MAK\u0130NALARI - Atom Ambalaj Makineleri Sanayi<\/title>\n<meta name=\"robots\" content=\"index, follow, max-snippet:-1, max-image-preview:large, max-video-preview:-1\" \/>\n<link rel=\"canonical\" href=\"https:\/\/www.atommak.com\/index.php\/ruizhi-kagit-torba-makinalari\/\" \/>\n<meta property=\"og:locale\" content=\"tr_TR\" \/>\n<meta property=\"og:type\" content=\"article\" \/>\n<meta property=\"og:title\" content=\"RUIZHI - MTED KA\u011eIT \/ KRAFT TORBA MAK\u0130NALARI - Atom Ambalaj Makineleri Sanayi\" \/>\n<meta property=\"og:url\" content=\"https:\/\/www.atommak.com\/index.php\/ruizhi-kagit-torba-makinalari\/\" \/>\n<meta property=\"og:site_name\" content=\"Atom Ambalaj Makineleri Sanayi\" \/>\n<meta property=\"article:modified_time\" content=\"2026-02-10T14:31:50+00:00\" \/>\n<meta property=\"og:image\" content=\"https:\/\/www.atommak.com\/wp-content\/uploads\/2025\/08\/RUIZHI-PAPER-BAG-MACHINES.png\" \/>\n<meta name=\"twitter:card\" content=\"summary_large_image\" \/>\n<meta name=\"twitter:label1\" content=\"Tahmini okuma s\u00fcresi\" \/>\n\t<meta name=\"twitter:data1\" content=\"1 dakika\" \/>\n<script type=\"application\/ld+json\" class=\"yoast-schema-graph\">{\"@context\":\"https:\/\/schema.org\",\"@graph\":[{\"@type\":\"WebPage\",\"@id\":\"https:\/\/www.atommak.com\/index.php\/ruizhi-kagit-torba-makinalari\/\",\"url\":\"https:\/\/www.atommak.com\/index.php\/ruizhi-kagit-torba-makinalari\/\",\"name\":\"RUIZHI - MTED KA\u011eIT \/ KRAFT TORBA MAK\u0130NALARI - Atom Ambalaj Makineleri Sanayi\",\"isPartOf\":{\"@id\":\"https:\/\/www.atommak.com\/#website\"},\"primaryImageOfPage\":{\"@id\":\"https:\/\/www.atommak.com\/index.php\/ruizhi-kagit-torba-makinalari\/#primaryimage\"},\"image\":{\"@id\":\"https:\/\/www.atommak.com\/index.php\/ruizhi-kagit-torba-makinalari\/#primaryimage\"},\"thumbnailUrl\":\"https:\/\/www.atommak.com\/wp-content\/uploads\/2025\/08\/RUIZHI-PAPER-BAG-MACHINES.png\",\"datePublished\":\"2025-08-06T19:05:07+00:00\",\"dateModified\":\"2026-02-10T14:31:50+00:00\",\"breadcrumb\":{\"@id\":\"https:\/\/www.atommak.com\/index.php\/ruizhi-kagit-torba-makinalari\/#breadcrumb\"},\"inLanguage\":\"tr\",\"potentialAction\":[{\"@type\":\"ReadAction\",\"target\":[\"https:\/\/www.atommak.com\/index.php\/ruizhi-kagit-torba-makinalari\/\"]}]},{\"@type\":\"ImageObject\",\"inLanguage\":\"tr\",\"@id\":\"https:\/\/www.atommak.com\/index.php\/ruizhi-kagit-torba-makinalari\/#primaryimage\",\"url\":\"https:\/\/www.atommak.com\/wp-content\/uploads\/2025\/08\/RUIZHI-PAPER-BAG-MACHINES.png\",\"contentUrl\":\"https:\/\/www.atommak.com\/wp-content\/uploads\/2025\/08\/RUIZHI-PAPER-BAG-MACHINES.png\",\"width\":2655,\"height\":1050,\"caption\":\"RUIZHI ka\u011f\u0131t Torba Makinalar\u0131 da Atom Ambalaj Makinalar\u0131 B\u00fcnyesinde\"},{\"@type\":\"BreadcrumbList\",\"@id\":\"https:\/\/www.atommak.com\/index.php\/ruizhi-kagit-torba-makinalari\/#breadcrumb\",\"itemListElement\":[{\"@type\":\"ListItem\",\"position\":1,\"name\":\"Anasayfa\",\"item\":\"https:\/\/www.atommak.com\/\"},{\"@type\":\"ListItem\",\"position\":2,\"name\":\"RUIZHI &#8211; MTED KA\u011eIT \/ KRAFT TORBA MAK\u0130NALARI\"}]},{\"@type\":\"WebSite\",\"@id\":\"https:\/\/www.atommak.com\/#website\",\"url\":\"https:\/\/www.atommak.com\/\",\"name\":\"Atom Makine\",\"description\":\"Makinelerde G&uuml;ven\",\"publisher\":{\"@id\":\"https:\/\/www.atommak.com\/#organization\"},\"potentialAction\":[{\"@type\":\"SearchAction\",\"target\":{\"@type\":\"EntryPoint\",\"urlTemplate\":\"https:\/\/www.atommak.com\/?s={search_term_string}\"},\"query-input\":{\"@type\":\"PropertyValueSpecification\",\"valueRequired\":true,\"valueName\":\"search_term_string\"}}],\"inLanguage\":\"tr\"},{\"@type\":\"Organization\",\"@id\":\"https:\/\/www.atommak.com\/#organization\",\"name\":\"Atom Makine\",\"url\":\"https:\/\/www.atommak.com\/\",\"logo\":{\"@type\":\"ImageObject\",\"inLanguage\":\"tr\",\"@id\":\"https:\/\/www.atommak.com\/#\/schema\/logo\/image\/\",\"url\":\"https:\/\/www.atommak.com\/wp-content\/uploads\/2024\/01\/ATOM-LOGO-VEKTOREL.jpg\",\"contentUrl\":\"https:\/\/www.atommak.com\/wp-content\/uploads\/2024\/01\/ATOM-LOGO-VEKTOREL.jpg\",\"width\":2119,\"height\":1138,\"caption\":\"Atom Makine\"},\"image\":{\"@id\":\"https:\/\/www.atommak.com\/#\/schema\/logo\/image\/\"}}]}<\/script>\n<!-- \/ Yoast SEO plugin. -->","yoast_head_json":{"title":"RUIZHI - MTED KA\u011eIT \/ KRAFT TORBA MAK\u0130NALARI - Atom Ambalaj Makineleri Sanayi","robots":{"index":"index","follow":"follow","max-snippet":"max-snippet:-1","max-image-preview":"max-image-preview:large","max-video-preview":"max-video-preview:-1"},"canonical":"https:\/\/www.atommak.com\/index.php\/ruizhi-kagit-torba-makinalari\/","og_locale":"tr_TR","og_type":"article","og_title":"RUIZHI - MTED KA\u011eIT \/ KRAFT TORBA MAK\u0130NALARI - Atom Ambalaj Makineleri Sanayi","og_url":"https:\/\/www.atommak.com\/index.php\/ruizhi-kagit-torba-makinalari\/","og_site_name":"Atom Ambalaj Makineleri Sanayi","article_modified_time":"2026-02-10T14:31:50+00:00","og_image":[{"url":"https:\/\/www.atommak.com\/wp-content\/uploads\/2025\/08\/RUIZHI-PAPER-BAG-MACHINES.png","type":"","width":"","height":""}],"twitter_card":"summary_large_image","twitter_misc":{"Tahmini okuma s\u00fcresi":"1 dakika"},"schema":{"@context":"https:\/\/schema.org","@graph":[{"@type":"WebPage","@id":"https:\/\/www.atommak.com\/index.php\/ruizhi-kagit-torba-makinalari\/","url":"https:\/\/www.atommak.com\/index.php\/ruizhi-kagit-torba-makinalari\/","name":"RUIZHI - MTED KA\u011eIT \/ KRAFT TORBA MAK\u0130NALARI - Atom Ambalaj Makineleri Sanayi","isPartOf":{"@id":"https:\/\/www.atommak.com\/#website"},"primaryImageOfPage":{"@id":"https:\/\/www.atommak.com\/index.php\/ruizhi-kagit-torba-makinalari\/#primaryimage"},"image":{"@id":"https:\/\/www.atommak.com\/index.php\/ruizhi-kagit-torba-makinalari\/#primaryimage"},"thumbnailUrl":"https:\/\/www.atommak.com\/wp-content\/uploads\/2025\/08\/RUIZHI-PAPER-BAG-MACHINES.png","datePublished":"2025-08-06T19:05:07+00:00","dateModified":"2026-02-10T14:31:50+00:00","breadcrumb":{"@id":"https:\/\/www.atommak.com\/index.php\/ruizhi-kagit-torba-makinalari\/#breadcrumb"},"inLanguage":"tr","potentialAction":[{"@type":"ReadAction","target":["https:\/\/www.atommak.com\/index.php\/ruizhi-kagit-torba-makinalari\/"]}]},{"@type":"ImageObject","inLanguage":"tr","@id":"https:\/\/www.atommak.com\/index.php\/ruizhi-kagit-torba-makinalari\/#primaryimage","url":"https:\/\/www.atommak.com\/wp-content\/uploads\/2025\/08\/RUIZHI-PAPER-BAG-MACHINES.png","contentUrl":"https:\/\/www.atommak.com\/wp-content\/uploads\/2025\/08\/RUIZHI-PAPER-BAG-MACHINES.png","width":2655,"height":1050,"caption":"RUIZHI ka\u011f\u0131t Torba Makinalar\u0131 da Atom Ambalaj Makinalar\u0131 B\u00fcnyesinde"},{"@type":"BreadcrumbList","@id":"https:\/\/www.atommak.com\/index.php\/ruizhi-kagit-torba-makinalari\/#breadcrumb","itemListElement":[{"@type":"ListItem","position":1,"name":"Anasayfa","item":"https:\/\/www.atommak.com\/"},{"@type":"ListItem","position":2,"name":"RUIZHI &#8211; MTED KA\u011eIT \/ KRAFT TORBA MAK\u0130NALARI"}]},{"@type":"WebSite","@id":"https:\/\/www.atommak.com\/#website","url":"https:\/\/www.atommak.com\/","name":"Atom Makine","description":"Makinelerde G&uuml;ven","publisher":{"@id":"https:\/\/www.atommak.com\/#organization"},"potentialAction":[{"@type":"SearchAction","target":{"@type":"EntryPoint","urlTemplate":"https:\/\/www.atommak.com\/?s={search_term_string}"},"query-input":{"@type":"PropertyValueSpecification","valueRequired":true,"valueName":"search_term_string"}}],"inLanguage":"tr"},{"@type":"Organization","@id":"https:\/\/www.atommak.com\/#organization","name":"Atom Makine","url":"https:\/\/www.atommak.com\/","logo":{"@type":"ImageObject","inLanguage":"tr","@id":"https:\/\/www.atommak.com\/#\/schema\/logo\/image\/","url":"https:\/\/www.atommak.com\/wp-content\/uploads\/2024\/01\/ATOM-LOGO-VEKTOREL.jpg","contentUrl":"https:\/\/www.atommak.com\/wp-content\/uploads\/2024\/01\/ATOM-LOGO-VEKTOREL.jpg","width":2119,"height":1138,"caption":"Atom Makine"},"image":{"@id":"https:\/\/www.atommak.com\/#\/schema\/logo\/image\/"}}]}},"featured_media_urls":[],"_links":{"self":[{"href":"https:\/\/www.atommak.com\/index.php\/wp-json\/wp\/v2\/pages\/2946"}],"collection":[{"href":"https:\/\/www.atommak.com\/index.php\/wp-json\/wp\/v2\/pages"}],"about":[{"href":"https:\/\/www.atommak.com\/index.php\/wp-json\/wp\/v2\/types\/page"}],"author":[{"embeddable":true,"href":"https:\/\/www.atommak.com\/index.php\/wp-json\/wp\/v2\/users\/1"}],"replies":[{"embeddable":true,"href":"https:\/\/www.atommak.com\/index.php\/wp-json\/wp\/v2\/comments?post=2946"}],"version-history":[{"count":13,"href":"https:\/\/www.atommak.com\/index.php\/wp-json\/wp\/v2\/pages\/2946\/revisions"}],"predecessor-version":[{"id":3001,"href":"https:\/\/www.atommak.com\/index.php\/wp-json\/wp\/v2\/pages\/2946\/revisions\/3001"}],"wp:attachment":[{"href":"https:\/\/www.atommak.com\/index.php\/wp-json\/wp\/v2\/media?parent=2946"}],"curies":[{"name":"wp","href":"https:\/\/api.w.org\/{rel}","templated":true}]}}