{"id":70,"date":"2024-01-09T10:36:54","date_gmt":"2024-01-09T07:36:54","guid":{"rendered":"https:\/\/www.atommak.com\/?page_id=70"},"modified":"2024-12-29T00:20:36","modified_gmt":"2024-12-28T21:20:36","slug":"yedek-parca","status":"publish","type":"page","link":"https:\/\/www.atommak.com\/index.php\/yedek-parca\/","title":{"rendered":"Hemingstone Yedek Par\u00e7a"},"content":{"rendered":"\t\t<div data-elementor-type=\"wp-page\" data-elementor-id=\"70\" class=\"elementor elementor-70\" data-elementor-post-type=\"page\">\n\t\t\t\t<div class=\"elementor-element elementor-element-1a3e5037 e-flex e-con-boxed e-con e-parent\" data-id=\"1a3e5037\" data-element_type=\"container\" data-e-type=\"container\">\n\t\t\t\t\t<div class=\"e-con-inner\">\n\t\t\t\t<div class=\"elementor-element elementor-element-abaa5e3 elementor-widget elementor-widget-text-editor\" data-id=\"abaa5e3\" data-element_type=\"widget\" data-e-type=\"widget\" data-widget_type=\"text-editor.default\">\n\t\t\t\t<div class=\"elementor-widget-container\"><div class=\"yoast-breadcrumbs\"><span><span><a href=\"https:\/\/www.atommak.com\/\">Anasayfa<\/a><\/span> \u00bb <span class=\"breadcrumb_last\" aria-current=\"page\">Hemingstone Yedek Par\u00e7a<\/span><\/span><\/div><\/div>\n\t\t\t\t<\/div>\n\t\t\t\t\t<\/div>\n\t\t\t\t<\/div>\n\t\t<div class=\"elementor-element elementor-element-6eae343 e-grid e-con-full e-con e-parent\" data-id=\"6eae343\" data-element_type=\"container\" data-e-type=\"container\">\n\t\t\t\t<div class=\"elementor-element elementor-element-2661a6a elementor-widget elementor-widget-text-editor\" data-id=\"2661a6a\" data-element_type=\"widget\" data-e-type=\"widget\" data-widget_type=\"text-editor.default\">\n\t\t\t\t<div class=\"elementor-widget-container\">\n\t\t\t\t\t\t\t\t\t<p><img decoding=\"async\" class=\"wp-image-2570 aligncenter\" src=\"https:\/\/www.atommak.com\/wp-content\/uploads\/2024\/12\/6-TT-IS-88-800LUK-MERKEZI-KESME-BICAGI-472x17x1-300x195.jpg\" alt=\"\" width=\"238\" height=\"155\" srcset=\"https:\/\/www.atommak.com\/wp-content\/uploads\/2024\/12\/6-TT-IS-88-800LUK-MERKEZI-KESME-BICAGI-472x17x1-300x195.jpg 300w, https:\/\/www.atommak.com\/wp-content\/uploads\/2024\/12\/6-TT-IS-88-800LUK-MERKEZI-KESME-BICAGI-472x17x1-1024x666.jpg 1024w, https:\/\/www.atommak.com\/wp-content\/uploads\/2024\/12\/6-TT-IS-88-800LUK-MERKEZI-KESME-BICAGI-472x17x1-768x499.jpg 768w, https:\/\/www.atommak.com\/wp-content\/uploads\/2024\/12\/6-TT-IS-88-800LUK-MERKEZI-KESME-BICAGI-472x17x1-1536x999.jpg 1536w, https:\/\/www.atommak.com\/wp-content\/uploads\/2024\/12\/6-TT-IS-88-800LUK-MERKEZI-KESME-BICAGI-472x17x1-600x390.jpg 600w, https:\/\/www.atommak.com\/wp-content\/uploads\/2024\/12\/6-TT-IS-88-800LUK-MERKEZI-KESME-BICAGI-472x17x1.jpg 1549w\" sizes=\"(max-width: 238px) 100vw, 238px\" \/><\/p>\n<p style=\"text-align: center;\"><span style=\"color: #000000;\"><strong>6-TT-IS-88 <br \/>800L\u00dcK MERKEZ\u0130 KESME BI\u00c7A\u011eI 472x17x1<\/strong><\/span><\/p>\t\t\t\t\t\t\t\t<\/div>\n\t\t\t\t<\/div>\n\t\t\t\t<div class=\"elementor-element elementor-element-5daccc2 elementor-widget elementor-widget-text-editor\" data-id=\"5daccc2\" data-element_type=\"widget\" data-e-type=\"widget\" data-widget_type=\"text-editor.default\">\n\t\t\t\t<div class=\"elementor-widget-container\">\n\t\t\t\t\t\t\t\t\t<p><img decoding=\"async\" class=\"wp-image-2487  aligncenter\" src=\"https:\/\/www.atommak.com\/wp-content\/uploads\/2024\/12\/6-TT-4IS-88-1000-LIK-MERKEZI-KESME-BICAGI-572x17x1-1-300x169.jpg\" alt=\"\" width=\"254\" height=\"144\" srcset=\"https:\/\/www.atommak.com\/wp-content\/uploads\/2024\/12\/6-TT-4IS-88-1000-LIK-MERKEZI-KESME-BICAGI-572x17x1-1-300x169.jpg 300w, https:\/\/www.atommak.com\/wp-content\/uploads\/2024\/12\/6-TT-4IS-88-1000-LIK-MERKEZI-KESME-BICAGI-572x17x1-1-1024x576.jpg 1024w, https:\/\/www.atommak.com\/wp-content\/uploads\/2024\/12\/6-TT-4IS-88-1000-LIK-MERKEZI-KESME-BICAGI-572x17x1-1-768x432.jpg 768w, https:\/\/www.atommak.com\/wp-content\/uploads\/2024\/12\/6-TT-4IS-88-1000-LIK-MERKEZI-KESME-BICAGI-572x17x1-1-600x338.jpg 600w, https:\/\/www.atommak.com\/wp-content\/uploads\/2024\/12\/6-TT-4IS-88-1000-LIK-MERKEZI-KESME-BICAGI-572x17x1-1-rotated.jpg 1408w\" sizes=\"(max-width: 254px) 100vw, 254px\" \/><\/p>\n<p style=\"text-align: center;\"><span style=\"color: #000000;\"><strong>6-TT-4IS-88 <br \/>1000L\u00dcK MERKEZ\u0130 KESME BI\u00c7A\u011eI 572x17x1<\/strong><\/span><\/p>\t\t\t\t\t\t\t\t<\/div>\n\t\t\t\t<\/div>\n\t\t\t\t<div class=\"elementor-element elementor-element-7da2187 elementor-widget elementor-widget-text-editor\" data-id=\"7da2187\" data-element_type=\"widget\" data-e-type=\"widget\" data-widget_type=\"text-editor.default\">\n\t\t\t\t<div class=\"elementor-widget-container\">\n\t\t\t\t\t\t\t\t\t<p><img decoding=\"async\" class=\"wp-image-2489  aligncenter\" src=\"https:\/\/www.atommak.com\/wp-content\/uploads\/2024\/12\/CA3-5-IS-13-5-MERKEZI-KESME-BICAGI-C5-1128x36x2.5-Dis-Adimi-7-MM-1-300x109.png\" alt=\"\" width=\"239\" height=\"87\" srcset=\"https:\/\/www.atommak.com\/wp-content\/uploads\/2024\/12\/CA3-5-IS-13-5-MERKEZI-KESME-BICAGI-C5-1128x36x2.5-Dis-Adimi-7-MM-1-300x109.png 300w, https:\/\/www.atommak.com\/wp-content\/uploads\/2024\/12\/CA3-5-IS-13-5-MERKEZI-KESME-BICAGI-C5-1128x36x2.5-Dis-Adimi-7-MM-1-1024x373.png 1024w, https:\/\/www.atommak.com\/wp-content\/uploads\/2024\/12\/CA3-5-IS-13-5-MERKEZI-KESME-BICAGI-C5-1128x36x2.5-Dis-Adimi-7-MM-1-768x279.png 768w, https:\/\/www.atommak.com\/wp-content\/uploads\/2024\/12\/CA3-5-IS-13-5-MERKEZI-KESME-BICAGI-C5-1128x36x2.5-Dis-Adimi-7-MM-1-600x218.png 600w, https:\/\/www.atommak.com\/wp-content\/uploads\/2024\/12\/CA3-5-IS-13-5-MERKEZI-KESME-BICAGI-C5-1128x36x2.5-Dis-Adimi-7-MM-1.png 1237w\" sizes=\"(max-width: 239px) 100vw, 239px\" \/><\/p>\n<p style=\"text-align: center;\"><strong><span style=\"color: #000000;\">CA3-5-IS-13-5 <br \/>C5 MERKEZ\u0130 KESME BI\u00c7A\u011eI<br \/>1128x36x2.5<br \/>(Di\u015f Ad\u0131m\u0131 7 mm)<\/span><\/strong><\/p>\t\t\t\t\t\t\t\t<\/div>\n\t\t\t\t<\/div>\n\t\t\t\t<div class=\"elementor-element elementor-element-ed98b6a elementor-widget elementor-widget-text-editor\" data-id=\"ed98b6a\" data-element_type=\"widget\" data-e-type=\"widget\" data-widget_type=\"text-editor.default\">\n\t\t\t\t<div class=\"elementor-widget-container\">\n\t\t\t\t\t\t\t\t\t<p style=\"text-align: center;\">\u00a0<\/p>\n<p style=\"text-align: center;\"><span style=\"color: #000000;\"><strong><img loading=\"lazy\" decoding=\"async\" class=\"alignnone  wp-image-2488\" src=\"https:\/\/www.atommak.com\/wp-content\/uploads\/2024\/12\/CA3-5-IS-13-MERKEZI-KESME-BICAGI-C5-1128x36x2.5-Dis-Adimi-2.5-MM-1-300x60.png\" alt=\"\" width=\"237\" height=\"48\" srcset=\"https:\/\/www.atommak.com\/wp-content\/uploads\/2024\/12\/CA3-5-IS-13-MERKEZI-KESME-BICAGI-C5-1128x36x2.5-Dis-Adimi-2.5-MM-1-300x60.png 300w, https:\/\/www.atommak.com\/wp-content\/uploads\/2024\/12\/CA3-5-IS-13-MERKEZI-KESME-BICAGI-C5-1128x36x2.5-Dis-Adimi-2.5-MM-1-1024x205.png 1024w, https:\/\/www.atommak.com\/wp-content\/uploads\/2024\/12\/CA3-5-IS-13-MERKEZI-KESME-BICAGI-C5-1128x36x2.5-Dis-Adimi-2.5-MM-1-768x154.png 768w, https:\/\/www.atommak.com\/wp-content\/uploads\/2024\/12\/CA3-5-IS-13-MERKEZI-KESME-BICAGI-C5-1128x36x2.5-Dis-Adimi-2.5-MM-1-1536x308.png 1536w, https:\/\/www.atommak.com\/wp-content\/uploads\/2024\/12\/CA3-5-IS-13-MERKEZI-KESME-BICAGI-C5-1128x36x2.5-Dis-Adimi-2.5-MM-1-600x120.png 600w, https:\/\/www.atommak.com\/wp-content\/uploads\/2024\/12\/CA3-5-IS-13-MERKEZI-KESME-BICAGI-C5-1128x36x2.5-Dis-Adimi-2.5-MM-1.png 2040w\" sizes=\"(max-width: 237px) 100vw, 237px\" \/><br \/>CA3-5-IS-13<br \/>C5 MERKEZ\u0130 KESME BI\u00c7A\u011eI<br \/>1128x36x2.5<br \/>Di\u015f Ad\u0131m\u0131 2.5 mm<\/strong><\/span><\/p>\t\t\t\t\t\t\t\t<\/div>\n\t\t\t\t<\/div>\n\t\t\t\t<div class=\"elementor-element elementor-element-68aea65 elementor-widget elementor-widget-text-editor\" data-id=\"68aea65\" data-element_type=\"widget\" data-e-type=\"widget\" data-widget_type=\"text-editor.default\">\n\t\t\t\t<div class=\"elementor-widget-container\">\n\t\t\t\t\t\t\t\t\t<p>\u00a0<\/p>\n<p style=\"text-align: center;\"><span style=\"color: #000000;\"><strong><img loading=\"lazy\" decoding=\"async\" class=\"alignnone  wp-image-2490\" src=\"https:\/\/www.atommak.com\/wp-content\/uploads\/2024\/12\/CA-5-AP-M-16-C5-BLOK-PERFORE-BICAGI-1-300x116.jpg\" alt=\"\" width=\"226\" height=\"87\" srcset=\"https:\/\/www.atommak.com\/wp-content\/uploads\/2024\/12\/CA-5-AP-M-16-C5-BLOK-PERFORE-BICAGI-1-300x116.jpg 300w, https:\/\/www.atommak.com\/wp-content\/uploads\/2024\/12\/CA-5-AP-M-16-C5-BLOK-PERFORE-BICAGI-1-1024x395.jpg 1024w, https:\/\/www.atommak.com\/wp-content\/uploads\/2024\/12\/CA-5-AP-M-16-C5-BLOK-PERFORE-BICAGI-1-768x296.jpg 768w, https:\/\/www.atommak.com\/wp-content\/uploads\/2024\/12\/CA-5-AP-M-16-C5-BLOK-PERFORE-BICAGI-1-1536x592.jpg 1536w, https:\/\/www.atommak.com\/wp-content\/uploads\/2024\/12\/CA-5-AP-M-16-C5-BLOK-PERFORE-BICAGI-1-600x231.jpg 600w, https:\/\/www.atommak.com\/wp-content\/uploads\/2024\/12\/CA-5-AP-M-16-C5-BLOK-PERFORE-BICAGI-1.jpg 1696w\" sizes=\"(max-width: 226px) 100vw, 226px\" \/><br \/>CA-5-AP-M-16<br \/>C5 BLOKLAMA PERFORE BI\u00c7A\u011eI<\/strong><\/span><\/p>\t\t\t\t\t\t\t\t<\/div>\n\t\t\t\t<\/div>\n\t\t\t\t<\/div>\t\t<\/div>\n\t\t","protected":false},"excerpt":{"rendered":"<p>6-TT-IS-88 800L\u00dcK MERKEZ\u0130 KESME BI\u00c7A\u011eI 472x17x1 6-TT-4IS-88 1000L\u00dcK MERKEZ\u0130 KESME BI\u00c7A\u011eI 572x17x1 CA3-5-IS-13-5 C5 MERKEZ\u0130 KESME BI\u00c7A\u011eI1128x36x2.5(Di\u015f Ad\u0131m\u0131 7 mm) \u00a0 CA3-5-IS-13C5 MERKEZ\u0130 KESME BI\u00c7A\u011eI1128x36x2.5Di\u015f Ad\u0131m\u0131 2.5 mm \u00a0 CA-5-AP-M-16C5 BLOKLAMA PERFORE BI\u00c7A\u011eI<\/p>\n","protected":false},"author":1,"featured_media":0,"parent":0,"menu_order":0,"comment_status":"closed","ping_status":"closed","template":"","meta":{"_acf_changed":false,"footnotes":""},"class_list":["post-70","page","type-page","status-publish","hentry"],"acf":[],"yoast_head":"<!-- This site is optimized with the Yoast SEO plugin v25.6 - https:\/\/yoast.com\/wordpress\/plugins\/seo\/ -->\n<title>Hemingstone Yedek Par\u00e7a - Atom Ambalaj Makineleri Sanayi<\/title>\n<meta name=\"robots\" content=\"index, follow, max-snippet:-1, max-image-preview:large, max-video-preview:-1\" \/>\n<link rel=\"canonical\" href=\"https:\/\/www.atommak.com\/index.php\/yedek-parca\/\" \/>\n<meta property=\"og:locale\" content=\"tr_TR\" \/>\n<meta property=\"og:type\" content=\"article\" \/>\n<meta property=\"og:title\" content=\"Hemingstone Yedek Par\u00e7a - Atom Ambalaj Makineleri Sanayi\" \/>\n<meta property=\"og:description\" content=\"6-TT-IS-88 800L\u00dcK MERKEZ\u0130 KESME BI\u00c7A\u011eI 472x17x1 6-TT-4IS-88 1000L\u00dcK MERKEZ\u0130 KESME BI\u00c7A\u011eI 572x17x1 CA3-5-IS-13-5 C5 MERKEZ\u0130 KESME BI\u00c7A\u011eI1128x36x2.5(Di\u015f Ad\u0131m\u0131 7 mm) \u00a0 CA3-5-IS-13C5 MERKEZ\u0130 KESME BI\u00c7A\u011eI1128x36x2.5Di\u015f Ad\u0131m\u0131 2.5 mm \u00a0 CA-5-AP-M-16C5 BLOKLAMA PERFORE BI\u00c7A\u011eI\" \/>\n<meta property=\"og:url\" content=\"https:\/\/www.atommak.com\/index.php\/yedek-parca\/\" \/>\n<meta property=\"og:site_name\" content=\"Atom Ambalaj Makineleri Sanayi\" \/>\n<meta property=\"article:modified_time\" content=\"2024-12-28T21:20:36+00:00\" \/>\n<meta property=\"og:image\" content=\"https:\/\/www.atommak.com\/wp-content\/uploads\/2024\/12\/6-TT-IS-88-800LUK-MERKEZI-KESME-BICAGI-472x17x1.jpg\" \/>\n\t<meta property=\"og:image:width\" content=\"1549\" \/>\n\t<meta property=\"og:image:height\" content=\"1007\" \/>\n\t<meta property=\"og:image:type\" content=\"image\/jpeg\" \/>\n<meta name=\"twitter:card\" content=\"summary_large_image\" \/>\n<meta name=\"twitter:label1\" content=\"Tahmini okuma s\u00fcresi\" \/>\n\t<meta name=\"twitter:data1\" content=\"2 dakika\" \/>\n<script type=\"application\/ld+json\" class=\"yoast-schema-graph\">{\"@context\":\"https:\/\/schema.org\",\"@graph\":[{\"@type\":\"WebPage\",\"@id\":\"https:\/\/www.atommak.com\/index.php\/yedek-parca\/\",\"url\":\"https:\/\/www.atommak.com\/index.php\/yedek-parca\/\",\"name\":\"Hemingstone Yedek Par\u00e7a - Atom Ambalaj Makineleri Sanayi\",\"isPartOf\":{\"@id\":\"https:\/\/www.atommak.com\/#website\"},\"primaryImageOfPage\":{\"@id\":\"https:\/\/www.atommak.com\/index.php\/yedek-parca\/#primaryimage\"},\"image\":{\"@id\":\"https:\/\/www.atommak.com\/index.php\/yedek-parca\/#primaryimage\"},\"thumbnailUrl\":\"https:\/\/www.atommak.com\/wp-content\/uploads\/2024\/12\/6-TT-IS-88-800LUK-MERKEZI-KESME-BICAGI-472x17x1-300x195.jpg\",\"datePublished\":\"2024-01-09T07:36:54+00:00\",\"dateModified\":\"2024-12-28T21:20:36+00:00\",\"breadcrumb\":{\"@id\":\"https:\/\/www.atommak.com\/index.php\/yedek-parca\/#breadcrumb\"},\"inLanguage\":\"tr\",\"potentialAction\":[{\"@type\":\"ReadAction\",\"target\":[\"https:\/\/www.atommak.com\/index.php\/yedek-parca\/\"]}]},{\"@type\":\"ImageObject\",\"inLanguage\":\"tr\",\"@id\":\"https:\/\/www.atommak.com\/index.php\/yedek-parca\/#primaryimage\",\"url\":\"https:\/\/www.atommak.com\/wp-content\/uploads\/2024\/12\/6-TT-IS-88-800LUK-MERKEZI-KESME-BICAGI-472x17x1.jpg\",\"contentUrl\":\"https:\/\/www.atommak.com\/wp-content\/uploads\/2024\/12\/6-TT-IS-88-800LUK-MERKEZI-KESME-BICAGI-472x17x1.jpg\",\"width\":1549,\"height\":1007},{\"@type\":\"BreadcrumbList\",\"@id\":\"https:\/\/www.atommak.com\/index.php\/yedek-parca\/#breadcrumb\",\"itemListElement\":[{\"@type\":\"ListItem\",\"position\":1,\"name\":\"Anasayfa\",\"item\":\"https:\/\/www.atommak.com\/\"},{\"@type\":\"ListItem\",\"position\":2,\"name\":\"Hemingstone Yedek Par\u00e7a\"}]},{\"@type\":\"WebSite\",\"@id\":\"https:\/\/www.atommak.com\/#website\",\"url\":\"https:\/\/www.atommak.com\/\",\"name\":\"Atom Makine\",\"description\":\"Makinelerde G&uuml;ven\",\"publisher\":{\"@id\":\"https:\/\/www.atommak.com\/#organization\"},\"potentialAction\":[{\"@type\":\"SearchAction\",\"target\":{\"@type\":\"EntryPoint\",\"urlTemplate\":\"https:\/\/www.atommak.com\/?s={search_term_string}\"},\"query-input\":{\"@type\":\"PropertyValueSpecification\",\"valueRequired\":true,\"valueName\":\"search_term_string\"}}],\"inLanguage\":\"tr\"},{\"@type\":\"Organization\",\"@id\":\"https:\/\/www.atommak.com\/#organization\",\"name\":\"Atom Makine\",\"url\":\"https:\/\/www.atommak.com\/\",\"logo\":{\"@type\":\"ImageObject\",\"inLanguage\":\"tr\",\"@id\":\"https:\/\/www.atommak.com\/#\/schema\/logo\/image\/\",\"url\":\"https:\/\/www.atommak.com\/wp-content\/uploads\/2024\/01\/ATOM-LOGO-VEKTOREL.jpg\",\"contentUrl\":\"https:\/\/www.atommak.com\/wp-content\/uploads\/2024\/01\/ATOM-LOGO-VEKTOREL.jpg\",\"width\":2119,\"height\":1138,\"caption\":\"Atom Makine\"},\"image\":{\"@id\":\"https:\/\/www.atommak.com\/#\/schema\/logo\/image\/\"}}]}<\/script>\n<!-- \/ Yoast SEO plugin. -->","yoast_head_json":{"title":"Hemingstone Yedek Par\u00e7a - Atom Ambalaj Makineleri Sanayi","robots":{"index":"index","follow":"follow","max-snippet":"max-snippet:-1","max-image-preview":"max-image-preview:large","max-video-preview":"max-video-preview:-1"},"canonical":"https:\/\/www.atommak.com\/index.php\/yedek-parca\/","og_locale":"tr_TR","og_type":"article","og_title":"Hemingstone Yedek Par\u00e7a - Atom Ambalaj Makineleri Sanayi","og_description":"6-TT-IS-88 800L\u00dcK MERKEZ\u0130 KESME BI\u00c7A\u011eI 472x17x1 6-TT-4IS-88 1000L\u00dcK MERKEZ\u0130 KESME BI\u00c7A\u011eI 572x17x1 CA3-5-IS-13-5 C5 MERKEZ\u0130 KESME BI\u00c7A\u011eI1128x36x2.5(Di\u015f Ad\u0131m\u0131 7 mm) \u00a0 CA3-5-IS-13C5 MERKEZ\u0130 KESME BI\u00c7A\u011eI1128x36x2.5Di\u015f Ad\u0131m\u0131 2.5 mm \u00a0 CA-5-AP-M-16C5 BLOKLAMA PERFORE BI\u00c7A\u011eI","og_url":"https:\/\/www.atommak.com\/index.php\/yedek-parca\/","og_site_name":"Atom Ambalaj Makineleri Sanayi","article_modified_time":"2024-12-28T21:20:36+00:00","og_image":[{"width":1549,"height":1007,"url":"https:\/\/www.atommak.com\/wp-content\/uploads\/2024\/12\/6-TT-IS-88-800LUK-MERKEZI-KESME-BICAGI-472x17x1.jpg","type":"image\/jpeg"}],"twitter_card":"summary_large_image","twitter_misc":{"Tahmini okuma s\u00fcresi":"2 dakika"},"schema":{"@context":"https:\/\/schema.org","@graph":[{"@type":"WebPage","@id":"https:\/\/www.atommak.com\/index.php\/yedek-parca\/","url":"https:\/\/www.atommak.com\/index.php\/yedek-parca\/","name":"Hemingstone Yedek Par\u00e7a - Atom Ambalaj Makineleri Sanayi","isPartOf":{"@id":"https:\/\/www.atommak.com\/#website"},"primaryImageOfPage":{"@id":"https:\/\/www.atommak.com\/index.php\/yedek-parca\/#primaryimage"},"image":{"@id":"https:\/\/www.atommak.com\/index.php\/yedek-parca\/#primaryimage"},"thumbnailUrl":"https:\/\/www.atommak.com\/wp-content\/uploads\/2024\/12\/6-TT-IS-88-800LUK-MERKEZI-KESME-BICAGI-472x17x1-300x195.jpg","datePublished":"2024-01-09T07:36:54+00:00","dateModified":"2024-12-28T21:20:36+00:00","breadcrumb":{"@id":"https:\/\/www.atommak.com\/index.php\/yedek-parca\/#breadcrumb"},"inLanguage":"tr","potentialAction":[{"@type":"ReadAction","target":["https:\/\/www.atommak.com\/index.php\/yedek-parca\/"]}]},{"@type":"ImageObject","inLanguage":"tr","@id":"https:\/\/www.atommak.com\/index.php\/yedek-parca\/#primaryimage","url":"https:\/\/www.atommak.com\/wp-content\/uploads\/2024\/12\/6-TT-IS-88-800LUK-MERKEZI-KESME-BICAGI-472x17x1.jpg","contentUrl":"https:\/\/www.atommak.com\/wp-content\/uploads\/2024\/12\/6-TT-IS-88-800LUK-MERKEZI-KESME-BICAGI-472x17x1.jpg","width":1549,"height":1007},{"@type":"BreadcrumbList","@id":"https:\/\/www.atommak.com\/index.php\/yedek-parca\/#breadcrumb","itemListElement":[{"@type":"ListItem","position":1,"name":"Anasayfa","item":"https:\/\/www.atommak.com\/"},{"@type":"ListItem","position":2,"name":"Hemingstone Yedek Par\u00e7a"}]},{"@type":"WebSite","@id":"https:\/\/www.atommak.com\/#website","url":"https:\/\/www.atommak.com\/","name":"Atom Makine","description":"Makinelerde G&uuml;ven","publisher":{"@id":"https:\/\/www.atommak.com\/#organization"},"potentialAction":[{"@type":"SearchAction","target":{"@type":"EntryPoint","urlTemplate":"https:\/\/www.atommak.com\/?s={search_term_string}"},"query-input":{"@type":"PropertyValueSpecification","valueRequired":true,"valueName":"search_term_string"}}],"inLanguage":"tr"},{"@type":"Organization","@id":"https:\/\/www.atommak.com\/#organization","name":"Atom Makine","url":"https:\/\/www.atommak.com\/","logo":{"@type":"ImageObject","inLanguage":"tr","@id":"https:\/\/www.atommak.com\/#\/schema\/logo\/image\/","url":"https:\/\/www.atommak.com\/wp-content\/uploads\/2024\/01\/ATOM-LOGO-VEKTOREL.jpg","contentUrl":"https:\/\/www.atommak.com\/wp-content\/uploads\/2024\/01\/ATOM-LOGO-VEKTOREL.jpg","width":2119,"height":1138,"caption":"Atom Makine"},"image":{"@id":"https:\/\/www.atommak.com\/#\/schema\/logo\/image\/"}}]}},"featured_media_urls":[],"_links":{"self":[{"href":"https:\/\/www.atommak.com\/index.php\/wp-json\/wp\/v2\/pages\/70"}],"collection":[{"href":"https:\/\/www.atommak.com\/index.php\/wp-json\/wp\/v2\/pages"}],"about":[{"href":"https:\/\/www.atommak.com\/index.php\/wp-json\/wp\/v2\/types\/page"}],"author":[{"embeddable":true,"href":"https:\/\/www.atommak.com\/index.php\/wp-json\/wp\/v2\/users\/1"}],"replies":[{"embeddable":true,"href":"https:\/\/www.atommak.com\/index.php\/wp-json\/wp\/v2\/comments?post=70"}],"version-history":[{"count":23,"href":"https:\/\/www.atommak.com\/index.php\/wp-json\/wp\/v2\/pages\/70\/revisions"}],"predecessor-version":[{"id":2596,"href":"https:\/\/www.atommak.com\/index.php\/wp-json\/wp\/v2\/pages\/70\/revisions\/2596"}],"wp:attachment":[{"href":"https:\/\/www.atommak.com\/index.php\/wp-json\/wp\/v2\/media?parent=70"}],"curies":[{"name":"wp","href":"https:\/\/api.w.org\/{rel}","templated":true}]}}